{"id":1153,"date":"2014-05-05T21:45:29","date_gmt":"2014-05-05T20:45:29","guid":{"rendered":"http:\/\/ed-mb.si\/?page_id=1153"},"modified":"2023-04-03T08:03:32","modified_gmt":"2023-04-03T07:03:32","slug":"porocilo-o-35-kotnikovih-dnevih","status":"publish","type":"page","link":"http:\/\/ed-mb.si\/?page_id=1153","title":{"rendered":"Poro\u010dilo 35. posvetovanje"},"content":{"rendered":"<p align=\"center\"><b>Poro\u010dilo o 35. posvetovanju o mo\u010dnostni elektrotehniki in sodobnih elektri\u010dnih in\u0161talacijah KOTNIKOVI DNEVI<\/b><\/p>\n<p align=\"center\"><b>&nbsp;<\/b><\/p>\n<p>Posvetovanje je pripravilo Elektrotehni\u0161ko dru\u0161tvo Maribor.<\/p>\n<p>Posvetovanje je bilo 20.&nbsp; in 21. 03. 2014 v Radencih, udele\u017eilo se ga je 110 strokovnjakov elektrotehni\u0161ke stroke. Svojo dejavnost je predstavilo 18 proizvajalcev in zastopnikov.<br \/>\nLetos smo obravnavali problematiko elektri\u010dnih in\u0161talacij v lesenih stavbah, varnostne razsvetljave, LED svetlobnih virov, izgradnje in vzdr\u017eevanja obnovljivih virov elektri\u010dne energije (ga\u0161enje po\u017earov na SE) in novosti s podro\u010dja elektri\u010dnih in\u0161talacij.<\/p>\n<p>Izdan je bil zbornik referatov s katalo\u0161kim zapisom o publikaciji Univerzitetne knji\u017enice Maribor 621.3(063)(082), ISBN 978-961-93635-0-8, COBISS.SI-ID 77213441.<\/p>\n<p><b>Elektrotehni\u0161ki zvezi Slovenije, kot predstavnici civilne dru\u017ebe elektrotehni\u0161ke stroke, dajemo pobude:<\/b><\/p>\n<ol>\n<li>EZS naj nadaljuje z aktivnostmi in delom na elektrotehni\u010dnem slovarju in ga naj objavi po posameznih strokovnih podro\u010djih na svoji spletni strani, saj je zelo pomembno enopomenskost izrazov. Slovar ni pomemben samo za prevode standardov, pomemben je tudi pri vsakdanjem delu, izobra\u017eevanju in komuniciranju med strokovnjaki.<\/li>\n<li>EZS dajemo pobudo, da se preko Ministrstva za delo vklju\u010di v javno razpravo o dopolnitvah in spremembah Pravilnika o varstvo pri delu pred nevarnostjo elektri\u010dnega toka (Ur. L. RS 29\/1992), predvsem z namenom uskladitve vsebin s podro\u010dja varstva pri delu ob obnovi Pravilnika o vzdr\u017eevanju elektroenergetskih objektov, ki je v teku.<\/li>\n<li>EZS dajemo pobudo, da pristopi k razjasnitvi in postopku o ukinitvi Pravilnika o meroslovnih zahtevah za merilne instrumente, ki se uporabljajo za merjenje izolacijske upornosti, impedance zanke, ozemljitvene upornosti povezav za izena\u010ditev potencialov in ozemljitvene upornosti (Ur. L. RS 26\/2002), saj so zahteve tega pravilnika v nasprotju z zahtevami v sprejeti novi tehni\u0161ki smernici za elektri\u010dne in\u0161talacije TSG \u2013 N 002:2013 na spletni strani<br \/>\n<a href=\"http:\/\/www.mzip.gov.si\/si\/zakonodaja_in_dokumenti\/veljavni_predpisi\/veljavni_predpisi_s_podrocja_prostora\/zakon_o_graditvi_objektov\/\">http:\/\/www.mzip.gov.si\/si\/zakonodaja_in_dokumenti\/veljavni_predpisi\/veljavni_predpisi_s_podrocja_prostora\/zakon_o_graditvi_objektov\/.<\/a><\/li>\n<\/ol>\n<p><span style=\"line-height: 1.5em;\">Maribor, 24.03.2014 &nbsp; &nbsp; &nbsp; &nbsp; &nbsp; &nbsp; &nbsp; &nbsp; &nbsp; &nbsp; &nbsp; &nbsp; &nbsp; &nbsp; &nbsp; &nbsp; &nbsp; &nbsp; &nbsp; &nbsp; &nbsp; &nbsp; &nbsp; &nbsp; &nbsp; &nbsp; &nbsp; &nbsp; &nbsp; &nbsp; &nbsp; &nbsp; &nbsp; &nbsp; &nbsp; &nbsp; &nbsp; &nbsp; &nbsp; &nbsp; &nbsp; &nbsp; &nbsp; &nbsp; &nbsp; &nbsp; &nbsp; &nbsp; &nbsp; &nbsp; &nbsp; &nbsp; &nbsp; &nbsp; &nbsp; &nbsp; &nbsp; &nbsp; &nbsp; &nbsp; &nbsp; &nbsp; &nbsp; &nbsp; &nbsp; &nbsp; &nbsp; &nbsp; &nbsp; &nbsp; &nbsp; &nbsp; &nbsp; &nbsp; &nbsp; &nbsp; &nbsp; &nbsp; &nbsp; &nbsp; &nbsp; &nbsp; &nbsp; &nbsp; &nbsp; &nbsp; &nbsp; &nbsp; &nbsp; &nbsp; &nbsp; &nbsp; &nbsp; &nbsp; &nbsp; &nbsp; &nbsp; &nbsp; &nbsp; &nbsp; &nbsp; &nbsp; &nbsp; &nbsp; &nbsp; &nbsp; &nbsp; &nbsp; &nbsp; &nbsp; &nbsp; &nbsp; &nbsp;Komisija za pripravo posvetovanja<\/span><\/p>\n","protected":false},"excerpt":{"rendered":"<p>Poro\u010dilo o 35. posvetovanju o mo\u010dnostni elektrotehniki in sodobnih elektri\u010dnih in\u0161talacijah KOTNIKOVI DNEVI &nbsp; Posvetovanje je pripravilo Elektrotehni\u0161ko dru\u0161tvo Maribor. Posvetovanje je bilo 20.&nbsp; in 21. 03. 2014 v Radencih, udele\u017eilo se ga je 110 strokovnjakov elektrotehni\u0161ke stroke. Svojo dejavnost je predstavilo 18 proizvajalcev in zastopnikov. Letos smo obravnavali problematiko elektri\u010dnih in\u0161talacij v lesenih stavbah, [&hellip;]<\/p>\n","protected":false},"author":1,"featured_media":0,"parent":0,"menu_order":0,"comment_status":"closed","ping_status":"closed","template":"","meta":{"_monsterinsights_skip_tracking":false,"_monsterinsights_sitenote_active":false,"_monsterinsights_sitenote_note":"","_monsterinsights_sitenote_category":0,"ngg_post_thumbnail":0,"footnotes":""},"_links":{"self":[{"href":"http:\/\/ed-mb.si\/index.php?rest_route=\/wp\/v2\/pages\/1153"}],"collection":[{"href":"http:\/\/ed-mb.si\/index.php?rest_route=\/wp\/v2\/pages"}],"about":[{"href":"http:\/\/ed-mb.si\/index.php?rest_route=\/wp\/v2\/types\/page"}],"author":[{"embeddable":true,"href":"http:\/\/ed-mb.si\/index.php?rest_route=\/wp\/v2\/users\/1"}],"replies":[{"embeddable":true,"href":"http:\/\/ed-mb.si\/index.php?rest_route=%2Fwp%2Fv2%2Fcomments&post=1153"}],"version-history":[{"count":6,"href":"http:\/\/ed-mb.si\/index.php?rest_route=\/wp\/v2\/pages\/1153\/revisions"}],"predecessor-version":[{"id":4567,"href":"http:\/\/ed-mb.si\/index.php?rest_route=\/wp\/v2\/pages\/1153\/revisions\/4567"}],"wp:attachment":[{"href":"http:\/\/ed-mb.si\/index.php?rest_route=%2Fwp%2Fv2%2Fmedia&parent=1153"}],"curies":[{"name":"wp","href":"https:\/\/api.w.org\/{rel}","templated":true}]}}