{"id":1280,"date":"2014-08-30T23:23:02","date_gmt":"2014-08-30T22:23:02","guid":{"rendered":"http:\/\/ed-mb.si\/?page_id=1280"},"modified":"2014-10-26T23:10:03","modified_gmt":"2014-10-26T22:10:03","slug":"strokovna-ekskurzija-v-bulgarijo","status":"publish","type":"page","link":"http:\/\/ed-mb.si\/?page_id=1280","title":{"rendered":"Strokovna ekskurzija v Bolgarijo"},"content":{"rendered":"<p align=\"center\"><br clear=\"ALL\" \/> <b>BOLGARIJA IN JU\u017dNA SRBIJA<\/b><\/p>\n<p align=\"center\"><b>10.9.-14.9.2014<br \/>\n<!-- MetaSlider 1264 not found --><br \/>\n<\/b><b><\/b><\/p>\n<p align=\"center\"><em>foto:\u0160tefan Lutar in Jo\u017ee Vor\u0161i\u010d<\/em><\/p>\n<p style=\"text-align: justify;\"><b>1. dan: SLOVENIJA &#8211; NI\u0160<\/b><\/p>\n<p style=\"text-align: justify;\">Odhod avtobusa ob 04.00 uri. Sledi vo\u017enja do mejnega prehoda Gru\u0161kovje. Po opravljenih mejnih formalnostih bomo pot nadaljevali mimo Zagreba proti Slavoniji. Nadaljevanje vo\u017enje proti Srbiji. Po pre\u010dkanju meje bomo po avtocesti nadaljevali proti Beogradu in nadalje proti Ni\u0161u. Zgodnje popoldanski prihod v <b>Ni\u0161<\/b>. Z lokalnim vodnikom si bomo ogledali najve\u010dje mesto Ju\u017ene Srbije. Sprehodili se bomo po <b>trdnjavi<\/b> in spoznali bogato zgodovino mesta. Vo\u017enja do znane <b>\u010cele kule<\/b>, notranji ogled. Nastanitev v hotel, ve\u010derja in no\u010ditev.<\/p>\n<p style=\"text-align: justify;\"><b>2. dan: NI\u0160 &#8211; SOFIJA <\/b><\/p>\n<p style=\"text-align: justify;\">Po zajtrku sledi vo\u017enja do \u00a0<b>Ni\u0161ke banje<\/b>, postanek za sprehod po parku, kavico. Sledi nadaljevanje vo\u017enje mimo Pirota in Dimitrovgrada na Bolgarsko stran. Opoldanski prihod v <b>Sofijo<\/b>. Sledi ogled <b>glavnega mesta Bolgarije<\/b>: katedrala Aleksandra Nevskega,\u00a0 cerkev sv. Sofije, po kateri ima mesto tudi ime, rotunda sv. Jurija, spomenik Vasilija Levskega, stavba parlamenta, glavna promenada,&#8230; Po ogledu sledi nastanitev v hotelu, ve\u010derja in no\u010ditev.<\/p>\n<p style=\"text-align: justify;\"><b>3. dan: SOFIJA \u2013 RILA \u2013 BANSKO &#8211; PLOVDIV<\/b><\/p>\n<p style=\"text-align: justify;\">Po zajtrku vo\u017enja v <b>pogorje Rila<\/b>, kjer si bomo ogledali najlep\u0161i <b>srednjeve\u0161ki samostan<\/b> s \u010dudovitimi stenskimi poslikavami. Samostanski kompleks je namre\u010d zgrajen v kotlini, nad katero se vzpenja visoko gorovje Rila. Vse od svojega nastanka v 10. stoletju je samostan pomembno versko in kulturno sredi\u0161\u010de dr\u017eave, v preteklosti pa je veljal tudi za kraj, kjer so se zbirali narodni buditelji bolgarskega naroda. Nadaljevanje vo\u017enje v Pirinsko gorovje do znanega smu\u010darskega in turisti\u010dnega centra <b>Bansko<\/b>. Kraj\u0161i postanek. Sledi popoldanska vo\u017enja do <b>Plovdiva<\/b>. Nastanitev v hotelu, ve\u010derja in no\u010ditev.<\/p>\n<p style=\"text-align: justify;\"><b>4. dan: PLOVDIV &#8211; NI\u0160<\/b><\/p>\n<p style=\"text-align: justify;\">Po zajtku ogled <b>Plovdiva<\/b>, gospodarskega sredi\u0161\u010da pokrajine Trakija. Mesto stoji na obmo\u010dju starega rimskega mesta Trimontium. Sprehodili se bomo po izjemno slikovitem starem mestnem sredi\u0161\u010du, kjer se bomo sre\u010dali z rimsko arhitekturo in si ogledali ostanke rimskega amfiteatra, cerkev sv. Konstantina in mo\u0161ejo. Na poti proti Ni\u0161u se bomo ustavili v kraju <b>Pirot<\/b>, kjer dominira stari grad. Vo\u017enja do Ni\u0161a. Nastanitev v hotelu, ve\u010derja in no\u010ditev.<\/p>\n<p style=\"text-align: justify;\"><b>5. dan: NI\u0160 \u2013 OPLENAC &#8211; AVALA<\/b><\/p>\n<p style=\"text-align: justify;\">Po zajtrku sledi vo\u017enja vo\u017enja po <b>\u0160umadiji <\/b>v Topolo, kjer je \u017eivel vodja 1. srbske vstaje iz leta 1804, Kara\u0111or\u0111e Petrovi\u010d. Na hribu <b>Oplenac<\/b> si bomo ogledali mavzolej Kara\u0111or\u0111evi\u010dev, ki ga je leta 1903 pri\u010del graditi Petar I. Kara\u0111or\u0111evi\u010d z mozaiki, ki so kopije fresk znamenitih srbskih cerkva.\u00a0 Nato se bomo odpravili na <b>Avalo<\/b>, razgledno to\u010dko nad Beogradom, ki jo krasi spomenik neznanemu junaku, delo kiparja Ivana Me\u0161trovi\u010da. Sledi <b>organizirano<\/b> <b>kosilo<\/b>. \u00a0Nadaljevali bomo preko Srbije in Hrva\u0161ke proti domu, kamor bomo prispeli v poznih ve\u010dernih urah.<\/p>\n","protected":false},"excerpt":{"rendered":"<p>BOLGARIJA IN JU\u017dNA SRBIJA 10.9.-14.9.2014 foto:\u0160tefan Lutar in Jo\u017ee Vor\u0161i\u010d 1. dan: SLOVENIJA &#8211; NI\u0160 Odhod avtobusa ob 04.00 uri. Sledi vo\u017enja do mejnega prehoda Gru\u0161kovje. Po opravljenih mejnih formalnostih bomo pot nadaljevali mimo Zagreba proti Slavoniji. Nadaljevanje vo\u017enje proti Srbiji. Po pre\u010dkanju meje bomo po avtocesti nadaljevali proti Beogradu in nadalje proti Ni\u0161u. Zgodnje [&hellip;]<\/p>\n","protected":false},"author":1,"featured_media":0,"parent":0,"menu_order":0,"comment_status":"closed","ping_status":"closed","template":"","meta":{"_monsterinsights_skip_tracking":false,"_monsterinsights_sitenote_active":false,"_monsterinsights_sitenote_note":"","_monsterinsights_sitenote_category":0,"ngg_post_thumbnail":0,"footnotes":""},"_links":{"self":[{"href":"http:\/\/ed-mb.si\/index.php?rest_route=\/wp\/v2\/pages\/1280"}],"collection":[{"href":"http:\/\/ed-mb.si\/index.php?rest_route=\/wp\/v2\/pages"}],"about":[{"href":"http:\/\/ed-mb.si\/index.php?rest_route=\/wp\/v2\/types\/page"}],"author":[{"embeddable":true,"href":"http:\/\/ed-mb.si\/index.php?rest_route=\/wp\/v2\/users\/1"}],"replies":[{"embeddable":true,"href":"http:\/\/ed-mb.si\/index.php?rest_route=%2Fwp%2Fv2%2Fcomments&post=1280"}],"version-history":[{"count":6,"href":"http:\/\/ed-mb.si\/index.php?rest_route=\/wp\/v2\/pages\/1280\/revisions"}],"predecessor-version":[{"id":1381,"href":"http:\/\/ed-mb.si\/index.php?rest_route=\/wp\/v2\/pages\/1280\/revisions\/1381"}],"wp:attachment":[{"href":"http:\/\/ed-mb.si\/index.php?rest_route=%2Fwp%2Fv2%2Fmedia&parent=1280"}],"curies":[{"name":"wp","href":"https:\/\/api.w.org\/{rel}","templated":true}]}}