{"id":1292,"date":"2014-10-19T22:10:51","date_gmt":"2014-10-19T21:10:51","guid":{"rendered":"http:\/\/ed-mb.si\/?page_id=1292"},"modified":"2014-12-22T23:57:18","modified_gmt":"2014-12-22T22:57:18","slug":"strokovna-ekskurzija-he-cakovec","status":"publish","type":"page","link":"http:\/\/ed-mb.si\/?page_id=1292","title":{"rendered":"Strokovna ekskurzija HE \u010cakovec"},"content":{"rendered":"<p align=\"center\"><b>Vara\u017edin, HE \u010cakovec, Mursko Sredi\u0161\u010de, Zavr\u010d<\/b><\/p>\n<p align=\"center\"><b><!-- MetaSlider 1365 not found --><\/b><\/p>\n<p>\u00a0Ekskurzija je potekala po naslednjem programu:<br \/>\n&#8211;\u00a0\u00a0\u00a0\u00a0\u00a0\u00a0\u00a0\u00a0\u00a0 obisk Vara\u017edina (pokopali\u0161\u010de, tr\u017enica) in malica,<br \/>\n&#8211;\u00a0\u00a0\u00a0\u00a0\u00a0\u00a0\u00a0\u00a0\u00a0 obisk HE \u010cakovec na Dravi, prve hidroelektrarne na Hrva\u0161kem s cevnima turbinama v strojnici, mo\u010di 2 x 38 MW,<br \/>\n&#8211;\u00a0\u00a0\u00a0\u00a0\u00a0\u00a0\u00a0\u00a0\u00a0 muzej rudarstva s prikazom rudarstva in med\u017eimurske hi\u0161e, v sklopu Doma rudarstva Cimper\u00a0 v Murskem Sredi\u0161\u010du (su\u0161ilnica sadja, destilacija in pivovarna),<br \/>\n&#8211;\u00a0\u00a0\u00a0\u00a0\u00a0\u00a0\u00a0\u00a0\u00a0 pozno kosilo s poku\u0161njo vina na turisti\u010dni kmetiji in vinogradni\u0161tvu Pungra\u010di\u010d pri Zavr\u010du.<\/p>\n","protected":false},"excerpt":{"rendered":"<p>Vara\u017edin, HE \u010cakovec, Mursko Sredi\u0161\u010de, Zavr\u010d \u00a0Ekskurzija je potekala po naslednjem programu: &#8211;\u00a0\u00a0\u00a0\u00a0\u00a0\u00a0\u00a0\u00a0\u00a0 obisk Vara\u017edina (pokopali\u0161\u010de, tr\u017enica) in malica, &#8211;\u00a0\u00a0\u00a0\u00a0\u00a0\u00a0\u00a0\u00a0\u00a0 obisk HE \u010cakovec na Dravi, prve hidroelektrarne na Hrva\u0161kem s cevnima turbinama v strojnici, mo\u010di 2 x 38 MW, &#8211;\u00a0\u00a0\u00a0\u00a0\u00a0\u00a0\u00a0\u00a0\u00a0 muzej rudarstva s prikazom rudarstva in med\u017eimurske hi\u0161e, v sklopu Doma rudarstva Cimper\u00a0 v Murskem [&hellip;]<\/p>\n","protected":false},"author":1,"featured_media":0,"parent":0,"menu_order":0,"comment_status":"closed","ping_status":"closed","template":"","meta":{"_monsterinsights_skip_tracking":false,"_monsterinsights_sitenote_active":false,"_monsterinsights_sitenote_note":"","_monsterinsights_sitenote_category":0,"ngg_post_thumbnail":0,"footnotes":""},"_links":{"self":[{"href":"http:\/\/ed-mb.si\/index.php?rest_route=\/wp\/v2\/pages\/1292"}],"collection":[{"href":"http:\/\/ed-mb.si\/index.php?rest_route=\/wp\/v2\/pages"}],"about":[{"href":"http:\/\/ed-mb.si\/index.php?rest_route=\/wp\/v2\/types\/page"}],"author":[{"embeddable":true,"href":"http:\/\/ed-mb.si\/index.php?rest_route=\/wp\/v2\/users\/1"}],"replies":[{"embeddable":true,"href":"http:\/\/ed-mb.si\/index.php?rest_route=%2Fwp%2Fv2%2Fcomments&post=1292"}],"version-history":[{"count":7,"href":"http:\/\/ed-mb.si\/index.php?rest_route=\/wp\/v2\/pages\/1292\/revisions"}],"predecessor-version":[{"id":1436,"href":"http:\/\/ed-mb.si\/index.php?rest_route=\/wp\/v2\/pages\/1292\/revisions\/1436"}],"wp:attachment":[{"href":"http:\/\/ed-mb.si\/index.php?rest_route=%2Fwp%2Fv2%2Fmedia&parent=1292"}],"curies":[{"name":"wp","href":"https:\/\/api.w.org\/{rel}","templated":true}]}}