{"id":15,"date":"2014-01-07T18:32:42","date_gmt":"2014-01-07T17:32:42","guid":{"rendered":"http:\/\/ed-mb.si\/?page_id=15"},"modified":"2023-04-03T08:20:27","modified_gmt":"2023-04-03T07:20:27","slug":"kotnikovi-dnevi","status":"publish","type":"page","link":"http:\/\/ed-mb.si\/?page_id=15","title":{"rendered":"Poro\u010dilo o 40. KD-2019"},"content":{"rendered":"<p style=\"text-align: center;\"><strong><span style=\"color: #000080;\">40. KOTNIKOVI DNEVI &#8211;&nbsp;<\/span><\/strong><span style=\"color: #000080;\"><strong>Radenci, 28. marec 2019<\/strong><\/span><\/p>\n<p style=\"text-align: center;\">&nbsp;<\/p>\n\n<div class=\"wp-block-image\">\n<figure class=\"aligncenter is-resized\"><img decoding=\"async\" loading=\"lazy\" src=\"http:\/\/ed-mb.si\/wp-content\/uploads\/Slika15.png\" alt=\"\" class=\"wp-image-3427\" width=\"383\" height=\"288\" srcset=\"http:\/\/ed-mb.si\/wp-content\/uploads\/Slika15.png 555w, http:\/\/ed-mb.si\/wp-content\/uploads\/Slika15-300x226.png 300w\" sizes=\"(max-width: 383px) 100vw, 383px\" \/><\/figure><\/div>\n\n\n<p class=\"has-text-align-center\"> <br><strong>Poro\u010dilo o 40. Posvetovanju o mo\u010dnostni   elektrotehniki in sodobnih elektri\u010dnih in\u0161talacijah KOTNIKOVI DNEVI<\/strong>   <\/p>\n\n\n\n<figure class=\"wp-block-table\"><table><tbody><tr><td>Posvetovanje   je pripravilo Elektrotehni\u0161ko dru\u0161tvo Maribor.   <br>Posvetovanje   28. marca 2019 je bilo enodnevno, udele\u017eilo se ga je 127 strokovnjakov elektrotehni\u0161ke stroke. Svojo dejavnost je   predstavilo pet proizvajalcev in zastopnikov.   Obravnavane   teme so zajele problematiko izrazoslovja pri prevajanju elektrotehni\u010dnih   besedil in njihova uporaba pri izobra\u017eevanju, veljavne standarde SIST s   podro\u010dja elektri\u010dnih in\u0161talacij, novosti in spremembe pri prenovi pravilnika   in tehni\u010dne smernice za nizkonapetostne elektri\u010dne in\u0161talacije. Predstavili   smo obnovljive vire, ki se vse bolj priklju\u010dujejo na elektri\u010dne in\u0161talacije   in omogo\u010dajo samooskrbo gospodinjstev ter opozorili na te\u017eave, nevarnosti,   nedore\u010denost tehni\u010dne zakonodaje in za\u0161\u010dito enosmernih tokokrogov.    <br>Izdan je bil   zbornik referatov s katalo\u0161kim zapisom o publikaciji Univerzitetne knji\u017enice   Maribor 621.3(082), ISBN 978-961-93635-6-0, COBISS. SI-ID 96245505.  <br> <strong>Elektrotehni\u0161ki   zvezi Slovenije, kot predstavnici civilne dru\u017ebe elektrotehni\u0161ke stroke,   predlagamo:<\/strong>   <br><strong>1.<\/strong> da se vklju\u010di v delo in javno razpravo pri   usklajevanju vsebine s podro\u010dja varstva pri delu pri Odboru za tehni\u010dno   varnost o nevarnostih, ki jih lahko povzro\u010dijo \u00bbmikro fotonapetostne naprave   z vti\u010dem\u00ab.   &nbsp;  <br><strong>2. <\/strong> da za\u010dne z aktivnostmi pri izdaji slovenskih   priporo\u010dil za vgradnjo \u00bbmikro fotonapetostnih naprav z vti\u010dem\u00ab.   &nbsp;  <br>3. SODO naj v prenovi SONDEEO predvidi napravo za   omejevanje \u0161tevila vklopov&nbsp; toplotnih \u010drpalk v eni uri in dore\u010de pogoje za obratovanje   le teh.   &nbsp;  <br><strong>4.<\/strong>  EZS naj \u0161e nadaljuje z aktivnostmi in delom pri   elektrotehni\u010dnem slovarju po posameznih podro\u010djih in objavljanjem na svoji   spletni strani, saj je zelo pomembna enopomenskost izrazov. Slovar ni   pomemben samo za prevode standardov, potreben je tudi pri vsakdanjem delu,   izobra\u017eevanju (\u0161olstvu) in komuniciranju med strokovnjaki. Posebno bi   opozorili na uporabo u\u010dbenika Rudolfa Kladnika in Staneta Kodbe, \u00abELEKTRIKA,   MAGNETIZEM IN ATOMI \u00bb, U\u010dbenik za fiziko za gimnazije in srednje \u0161ole <strong>3,<\/strong> DZS   2017, kjer se uporabljajo \u0161e&nbsp;   neusklajeni izrazi. Dajemo pobudo EZS, da vzpostavi dialog z   Ministrstvom za izobra\u017eevanje za uporabo e-GLOSAR tudi v \u0161olstvu.   &nbsp;  <br><strong>5.<\/strong>  EZS dajemo pobudo, da nadaljuje&nbsp; s pogovori s posameznimi ministrstvi o   mo\u017enosti ve\u010djega brezpla\u010dnega dostopa vpogleda do tistih slovenskih   standardov s podro\u010dja elektri\u010dnih in\u0161talacij, ki so v seznamu Tehni\u010dne   smernice za elektri\u010dne in\u0161talacije.  <br> &nbsp;  <br> Maribor, 29.   3. 2019&nbsp;&nbsp;&nbsp;&nbsp;&nbsp;&nbsp;&nbsp;&nbsp;&nbsp;&nbsp;&nbsp;&nbsp;&nbsp;&nbsp;&nbsp;&nbsp;&nbsp;&nbsp;&nbsp;&nbsp;&nbsp;&nbsp;&nbsp;&nbsp;&nbsp;&nbsp;&nbsp;&nbsp;&nbsp;&nbsp;&nbsp;&nbsp;&nbsp;&nbsp;&nbsp;&nbsp;&nbsp;&nbsp;&nbsp;&nbsp;&nbsp;&nbsp;&nbsp;&nbsp;&nbsp;&nbsp;&nbsp;&nbsp;&nbsp;&nbsp;&nbsp;&nbsp;&nbsp;&nbsp;&nbsp;&nbsp;&nbsp;&nbsp;&nbsp;&nbsp;&nbsp;&nbsp;   Komisija za pripravo posvetovanja                                                                                                                      <br>      &nbsp;   &nbsp;   &nbsp;   &nbsp;   <\/td><\/tr><\/tbody><\/table><\/figure>\n\n\n<div class=\"wp-block-image\">\n<figure class=\"aligncenter is-resized\"><img decoding=\"async\" loading=\"lazy\" src=\"http:\/\/ed-mb.si\/wp-content\/uploads\/Zbornik-slika-1.jpg\" alt=\"\" class=\"wp-image-3652\" width=\"203\" height=\"280\"\/><figcaption class=\"wp-element-caption\"> <br><a href=\"http:\/\/ed-mb.si\/?wpdmpro=zbornik-40-kotnikovi-dnevi-2019\">P<strong>renesi zbornik\ufeff<\/strong><\/a> <br><strong>zbornik je v pdf. formatu in je pripravljen za dvostranski tisk<\/strong>  <\/figcaption><\/figure><\/div>\n\n\n<div class=\"alignnormal\"><div id=\"metaslider-id-3775\" style=\"max-width: 600px; margin: 0 auto;\" class=\"ml-slider-3-93-0 metaslider metaslider-nivo metaslider-3775 ml-slider ms-theme-nivo-bar has-dots-nav\" role=\"region\" aria-roledescription=\"Slideshow\" aria-label=\"KD-2019\">\n    <div id=\"metaslider_container_3775\">\n        <div class='slider-wrapper theme-default'><div class='ribbon'><\/div><div id='metaslider_3775' class='nivoSlider'><img src=\"http:\/\/ed-mb.si\/wp-content\/uploads\/40.KD-02-600x400.jpg\" height=\"400\" width=\"600\" title=\"40.KD-02\" alt=\"\" class=\"slider-3775 slide-3790\" \/><img src=\"http:\/\/ed-mb.si\/wp-content\/uploads\/40.KD-04-600x400.jpg\" height=\"400\" width=\"600\" title=\"40.KD-04\" alt=\"\" class=\"slider-3775 slide-3788\" \/><img src=\"http:\/\/ed-mb.si\/wp-content\/uploads\/40.KD-10-600x400.jpg\" height=\"400\" width=\"600\" title=\"40.KD-10\" alt=\"\" class=\"slider-3775 slide-3782\" \/><img src=\"http:\/\/ed-mb.si\/wp-content\/uploads\/40.KD-16-600x400.jpg\" height=\"400\" width=\"600\" title=\"40.KD-16\" alt=\"\" class=\"slider-3775 slide-3776\" \/><img src=\"http:\/\/ed-mb.si\/wp-content\/uploads\/40.KD-08-600x400.jpg\" height=\"400\" width=\"600\" title=\"40.KD-08\" alt=\"\" class=\"slider-3775 slide-3784\" \/><img src=\"http:\/\/ed-mb.si\/wp-content\/uploads\/40.KD-05-600x400.jpg\" height=\"400\" width=\"600\" title=\"40.KD-05\" alt=\"\" class=\"slider-3775 slide-3787\" \/><img src=\"http:\/\/ed-mb.si\/wp-content\/uploads\/40.KD-11-600x400.jpg\" height=\"400\" width=\"600\" title=\"40.KD-11\" alt=\"\" class=\"slider-3775 slide-3781\" \/><img src=\"http:\/\/ed-mb.si\/wp-content\/uploads\/40.KD-07-600x400.jpg\" height=\"400\" width=\"600\" title=\"40.KD-07\" alt=\"\" class=\"slider-3775 slide-3785\" \/><img src=\"http:\/\/ed-mb.si\/wp-content\/uploads\/40.KD-13-600x400.jpg\" height=\"400\" width=\"600\" title=\"40.KD-13\" alt=\"\" class=\"slider-3775 slide-3779\" \/><img src=\"http:\/\/ed-mb.si\/wp-content\/uploads\/40.KD-15-600x400.jpg\" height=\"400\" width=\"600\" title=\"40.KD-15\" alt=\"\" class=\"slider-3775 slide-3777\" \/><img src=\"http:\/\/ed-mb.si\/wp-content\/uploads\/40.KD-06-600x400.jpg\" height=\"400\" width=\"600\" title=\"40.KD-06\" alt=\"\" class=\"slider-3775 slide-3786\" \/><img src=\"http:\/\/ed-mb.si\/wp-content\/uploads\/40.KD-14-600x400.jpg\" height=\"400\" width=\"600\" title=\"40.KD-14\" alt=\"\" class=\"slider-3775 slide-3778\" \/><img src=\"http:\/\/ed-mb.si\/wp-content\/uploads\/40.KD-12-600x400.jpg\" height=\"400\" width=\"600\" title=\"40.KD-12\" alt=\"\" class=\"slider-3775 slide-3780\" \/><img src=\"http:\/\/ed-mb.si\/wp-content\/uploads\/40.KD-03-600x400.jpg\" height=\"400\" width=\"600\" title=\"40.KD-03\" alt=\"\" class=\"slider-3775 slide-3789\" \/><img src=\"http:\/\/ed-mb.si\/wp-content\/uploads\/40.KD-09-600x400.jpg\" height=\"400\" width=\"600\" title=\"40.KD-09\" alt=\"\" class=\"slider-3775 slide-3783\" \/><\/div><\/div>\n        \n    <\/div>\n<\/div><\/div>\n\n\n\n<p class=\"has-text-align-center has-vivid-cyan-blue-color has-text-color\"><em>Foto: Gerhard Angleitner<\/em><\/p>\n","protected":false},"excerpt":{"rendered":"<p>40. KOTNIKOVI DNEVI &#8211;&nbsp;Radenci, 28. marec 2019 &nbsp; Poro\u010dilo o 40. Posvetovanju o mo\u010dnostni elektrotehniki in sodobnih elektri\u010dnih in\u0161talacijah KOTNIKOVI DNEVI Posvetovanje je pripravilo Elektrotehni\u0161ko dru\u0161tvo Maribor. Posvetovanje 28. marca 2019 je bilo enodnevno, udele\u017eilo se ga je 127 strokovnjakov elektrotehni\u0161ke stroke. Svojo dejavnost je predstavilo pet proizvajalcev in zastopnikov. Obravnavane teme so zajele problematiko [&hellip;]<\/p>\n","protected":false},"author":1,"featured_media":3427,"parent":0,"menu_order":2,"comment_status":"closed","ping_status":"closed","template":"","meta":{"_monsterinsights_skip_tracking":false,"_monsterinsights_sitenote_active":false,"_monsterinsights_sitenote_note":"","_monsterinsights_sitenote_category":0,"ngg_post_thumbnail":0,"footnotes":""},"_links":{"self":[{"href":"http:\/\/ed-mb.si\/index.php?rest_route=\/wp\/v2\/pages\/15"}],"collection":[{"href":"http:\/\/ed-mb.si\/index.php?rest_route=\/wp\/v2\/pages"}],"about":[{"href":"http:\/\/ed-mb.si\/index.php?rest_route=\/wp\/v2\/types\/page"}],"author":[{"embeddable":true,"href":"http:\/\/ed-mb.si\/index.php?rest_route=\/wp\/v2\/users\/1"}],"replies":[{"embeddable":true,"href":"http:\/\/ed-mb.si\/index.php?rest_route=%2Fwp%2Fv2%2Fcomments&post=15"}],"version-history":[{"count":184,"href":"http:\/\/ed-mb.si\/index.php?rest_route=\/wp\/v2\/pages\/15\/revisions"}],"predecessor-version":[{"id":4553,"href":"http:\/\/ed-mb.si\/index.php?rest_route=\/wp\/v2\/pages\/15\/revisions\/4553"}],"wp:featuredmedia":[{"embeddable":true,"href":"http:\/\/ed-mb.si\/index.php?rest_route=\/wp\/v2\/media\/3427"}],"wp:attachment":[{"href":"http:\/\/ed-mb.si\/index.php?rest_route=%2Fwp%2Fv2%2Fmedia&parent=15"}],"curies":[{"name":"wp","href":"https:\/\/api.w.org\/{rel}","templated":true}]}}