{"id":4502,"date":"2023-04-03T06:36:32","date_gmt":"2023-04-03T05:36:32","guid":{"rendered":"http:\/\/ed-mb.si\/?page_id=4502"},"modified":"2026-03-30T18:30:37","modified_gmt":"2026-03-30T17:30:37","slug":"41-kotnikovi-dnevi","status":"publish","type":"page","link":"http:\/\/ed-mb.si\/?page_id=4502","title":{"rendered":"44. KOTNIKOVI DNEVI &#8211; posvetovanje"},"content":{"rendered":"<div class=\"wp-block-image\">\n<figure class=\"aligncenter size-full is-resized\"><img decoding=\"async\" loading=\"lazy\" width=\"794\" height=\"591\" src=\"http:\/\/ed-mb.si\/wp-content\/uploads\/logo-2026-s.jpg\" alt=\"\" class=\"wp-image-5489\" style=\"aspect-ratio:1.3434856175972927;width:319px;height:auto\" srcset=\"http:\/\/ed-mb.si\/wp-content\/uploads\/logo-2026-s.jpg 794w, http:\/\/ed-mb.si\/wp-content\/uploads\/logo-2026-s-300x223.jpg 300w, http:\/\/ed-mb.si\/wp-content\/uploads\/logo-2026-s-768x572.jpg 768w\" sizes=\"(max-width: 794px) 100vw, 794px\" \/><\/figure><\/div>\n\n\n<hr class=\"wp-block-separator has-alpha-channel-opacity\"\/>\n\n\n\n<p class=\"has-text-align-center has-blush-light-purple-gradient-background has-background has-medium-font-size\"><strong>Zbornik Kotnikovi dnevi 2026 &#8211;<\/strong><br><strong> (pripravljeno za dvostransko tiskanje<\/strong>)<\/p>\n\n\n<div class=\"sdm_download_button_box_default\"><div class=\"sdm_download_link\"><span class=\"sdm_enter_password_label_text\">Vnesite Geslo za Prenos<\/span><form action=\"http:\/\/ed-mb.si\/?sdm_process_download=1&download_id=5610\" method=\"post\" id=\"sdm-pass-69ef1feb4cfc4\" class=\"sdm-download-form\" target=\"_blank\"><input type=\"password\" name=\"pass_text\" class=\"sdm_pass_text\" value=\"\" \/> <span class=\"sdm-download-button\"><a href=\"#\" name=\"sdm_dl_pass_submit\" class=\"pass_sumbit sdm_pass_protected_download sdm_download_with_condition sdm_download green\">Prenesi Zbornik<\/a><\/span><input type=\"hidden\" name=\"download_id\" value=\"5610\" \/><\/form><\/div><\/div>\n\n\n\n<hr class=\"wp-block-separator has-alpha-channel-opacity\"\/>\n\n\n\n<p class=\"has-text-align-center has-vivid-red-color has-text-color\"><strong style=\"font-weight: bold;\">IZOBRA\u017dEVANJE S PODRO\u010cJA MO\u010cNOSTNE ELEKTROTEHNIKE IN<br>SODOBNIH ELEKTRI\u010cNIH IN\u0160TALACIJ<\/strong><\/p>\n\n\n\n<p>Vsakoletno in tradicionalno sre\u010danje elektrotehnikov je bilo tudi letos v Radencih, \u017ee \u0161tiriin\u0161tirideseti\u010d.<br>Posvetovanje&nbsp;organizira&nbsp;Elektrotehni\u0161ko&nbsp;dru\u0161tvo&nbsp;Maribor&nbsp;s&nbsp;sodelovanjem Elektrotehni\u0161ke zveze Slovenije. Posvetovanje je namenjeno poobla\u0161\u010denim in\u017eenirjem, vodjem del, in\u0161pekcijskim organom, profesorjem strokovnih predmetov izobra\u017eevalnih ustanov in vsem, ki se ukvarjajo z vzdr\u017eevanjem elektri\u010dnih in\u0161talacij, postrojev in naprav.<br>Elektrotehniki&nbsp;&nbsp; &nbsp;se&nbsp; &nbsp;zberemo &nbsp;z&nbsp; &nbsp;namenom,&nbsp; &nbsp;da&nbsp;&nbsp; &nbsp;izvemo&nbsp; &nbsp;o&nbsp; &nbsp;novostih&nbsp;&nbsp; &nbsp;s &nbsp;podro\u010dja elektrotehnike, da se pogovorimo o problemih in izmenjamo izku\u0161nje.<br>Leto\u0161njega&nbsp; &nbsp;posvetovanja&nbsp; &nbsp;se &nbsp;je &nbsp;udele\u017eilo &nbsp;ve\u010d&nbsp; &nbsp;kot &nbsp;100&nbsp; &nbsp;slu\u0161ateljev,&nbsp; &nbsp;strokovnjakov elektrotehni\u0161ke stroke, kar pomeni, da referati obravnavajo aktualne in zanimive teme.<br>V \u010dasu posvetovanja podjetja s podro\u010dja elektrotehnike predstavljajo svoje proizvodne programe.<br>Obravnavane tematike:<\/p>\n\n\n\n<p>&#8211;&nbsp; &nbsp;Alternativni viri elektri\u010dne energije in njihova integracija v elektroenergetske sisteme;<\/p>\n\n\n\n<p>&#8211;&nbsp;&nbsp; SIST &nbsp;standardi &nbsp;za &nbsp;elektri\u010dne &nbsp;in\u0161talacije &nbsp;in &nbsp;njihova &nbsp;prakti\u010dna &nbsp;uporaba. &nbsp;Letos je &nbsp;bil poudarek na    slovenskih standardih s podro\u010dja fotonapetostnih sistemov;<\/p>\n\n\n\n<p>&#8211;&nbsp; &nbsp;Problematika, izku\u0161nje in pomanjkljivosti pri uporabi obstoje\u010dih standardov;<\/p>\n\n\n\n<p>&#8211;&nbsp; &nbsp;Predstavitev velikih tehnolo\u0161kih projektov in novosti v industriji;<\/p>\n\n\n\n<p>&#8211;&nbsp; &nbsp;Vpliv porabnikov na kakovost virov elektri\u010dne energije;<\/p>\n\n\n\n<p>&#8211;&nbsp; &nbsp;Varno delo pod napetostjo ter vzdr\u017eevanje nizkonapetostnih elektri\u010dnih &nbsp;in\u0161talacij;<\/p>\n\n\n\n<p>&#8211;&nbsp;&nbsp; Na\u010drtovanje &nbsp;za\u0161\u010ditnih &nbsp;ukrepov &nbsp;pri &nbsp;napeljavah &nbsp;cestne razsvetljave, &nbsp;semaforizacije, reklamnih panojev in elektri\u010dnih polnilnic;<\/p>\n\n\n\n<p>&#8211;&nbsp; &nbsp;Ekolo\u0161ki problemi in vplivi elektroenergetike na okolje.<\/p>\n\n\n\n<p>&#8211;&nbsp;&nbsp; Elektri\u010dne &nbsp;in\u0161talacije &nbsp;in &nbsp;oprema v &nbsp;eksplozijsko &nbsp;ogro\u017eenih &nbsp;(ex) &nbsp;prostorih, &nbsp;kot &nbsp;je farmacevtska industrija, predelava in skladi\u0161\u010denje teko\u010dih in plinastih energentov (plin, naftni derivati) itd.<\/p>\n\n\n\n<p><\/p>\n\n\n\n<p><br>Poro\u010dilo zapisala:<\/p>\n\n\n\n<p>mag. &nbsp;Marjan Zorman, &nbsp;univ. dipl. in\u017e. el.<br>Marko Kotnik, univ. dipl. in\u017e. el.<\/p>\n\n\n\n<p class=\"has-vivid-purple-color has-very-light-gray-to-cyan-bluish-gray-gradient-background has-text-color has-background\"> <em><strong>ORGANIZATOR<\/strong><\/em><\/p>\n\n\n\n<p>ELEKTROTEHNI\u0160KO DRU\u0160TVO MARIBOR<\/p>\n\n\n\n<p>Glavni trg 17b, 2000 Maribor<br>Identifikacijska \u0161tevilka: SI31299245<br>Dav\u010dni zavezanec: DA<br><strong>TTR: SI 56&nbsp; 0417 3000 0733 805 &#8211; OTP banka<\/strong><\/p>\n\n\n\n<div class=\"alignnormal\"><div id=\"metaslider-id-5658\" style=\"width: 100%;\" class=\"ml-slider-3-93-0 metaslider metaslider-flex metaslider-5658 ml-slider ms-theme-default-base has-dots-nav\" role=\"region\" aria-roledescription=\"Slideshow\" aria-label=\"44.Kotnikovi dnevi 2026\">\n    <div id=\"metaslider_container_5658\">\n        <div id=\"metaslider_5658\">\n            <ul class='slides'>\n                <li style=\"display: block; width: 100%;\" class=\"slide-5659 ms-image \" aria-roledescription=\"slide\" aria-label=\"slide-5659\"><img src=\"http:\/\/ed-mb.si\/wp-content\/uploads\/radenci_26-17-scaled-600x400.jpg\" height=\"400\" width=\"600\" alt=\"\" class=\"slider-5658 slide-5659\" title=\"radenci_26-17\" \/><\/li>\n                <li style=\"display: none; width: 100%;\" class=\"slide-5660 ms-image \" aria-roledescription=\"slide\" aria-label=\"slide-5660\"><img src=\"http:\/\/ed-mb.si\/wp-content\/uploads\/radenci_26-16-scaled-600x400.jpg\" height=\"400\" width=\"600\" alt=\"\" class=\"slider-5658 slide-5660\" title=\"radenci_26-16\" \/><\/li>\n                <li style=\"display: none; width: 100%;\" class=\"slide-5661 ms-image \" aria-roledescription=\"slide\" aria-label=\"slide-5661\"><img src=\"http:\/\/ed-mb.si\/wp-content\/uploads\/radenci_26-15-scaled-600x400.jpg\" height=\"400\" width=\"600\" alt=\"\" class=\"slider-5658 slide-5661\" title=\"radenci_26-15\" \/><\/li>\n                <li style=\"display: none; width: 100%;\" class=\"slide-5662 ms-image \" aria-roledescription=\"slide\" aria-label=\"slide-5662\"><img src=\"http:\/\/ed-mb.si\/wp-content\/uploads\/radenci_26-14-scaled-600x400.jpg\" height=\"400\" width=\"600\" alt=\"\" class=\"slider-5658 slide-5662\" title=\"radenci_26-14\" \/><\/li>\n                <li style=\"display: none; width: 100%;\" class=\"slide-5663 ms-image \" aria-roledescription=\"slide\" aria-label=\"slide-5663\"><img src=\"http:\/\/ed-mb.si\/wp-content\/uploads\/radenci_26-13-scaled-600x400.jpg\" height=\"400\" width=\"600\" alt=\"\" class=\"slider-5658 slide-5663\" title=\"radenci_26-13\" \/><\/li>\n                <li style=\"display: none; width: 100%;\" class=\"slide-5664 ms-image \" aria-roledescription=\"slide\" aria-label=\"slide-5664\"><img src=\"http:\/\/ed-mb.si\/wp-content\/uploads\/radenci_26-12-scaled-600x400.jpg\" height=\"400\" width=\"600\" alt=\"\" class=\"slider-5658 slide-5664\" title=\"radenci_26-12\" \/><\/li>\n                <li style=\"display: none; width: 100%;\" class=\"slide-5665 ms-image \" aria-roledescription=\"slide\" aria-label=\"slide-5665\"><img src=\"http:\/\/ed-mb.si\/wp-content\/uploads\/radenci_26-11-scaled-600x400.jpg\" height=\"400\" width=\"600\" alt=\"\" class=\"slider-5658 slide-5665\" title=\"radenci_26-11\" \/><\/li>\n                <li style=\"display: none; width: 100%;\" class=\"slide-5666 ms-image \" aria-roledescription=\"slide\" aria-label=\"slide-5666\"><img src=\"http:\/\/ed-mb.si\/wp-content\/uploads\/radenci_26-10-scaled-600x400.jpg\" height=\"400\" width=\"600\" alt=\"\" class=\"slider-5658 slide-5666\" title=\"radenci_26-10\" \/><\/li>\n                <li style=\"display: none; width: 100%;\" class=\"slide-5667 ms-image \" aria-roledescription=\"slide\" aria-label=\"slide-5667\"><img src=\"http:\/\/ed-mb.si\/wp-content\/uploads\/radenci_26-09-scaled-600x400.jpg\" height=\"400\" width=\"600\" alt=\"\" class=\"slider-5658 slide-5667\" title=\"radenci_26-09\" \/><\/li>\n                <li style=\"display: none; width: 100%;\" class=\"slide-5668 ms-image \" aria-roledescription=\"slide\" aria-label=\"slide-5668\"><img src=\"http:\/\/ed-mb.si\/wp-content\/uploads\/radenci_26-08-scaled-600x400.jpg\" height=\"400\" width=\"600\" alt=\"\" class=\"slider-5658 slide-5668\" title=\"radenci_26-08\" \/><\/li>\n                <li style=\"display: none; width: 100%;\" class=\"slide-5669 ms-image \" aria-roledescription=\"slide\" aria-label=\"slide-5669\"><img src=\"http:\/\/ed-mb.si\/wp-content\/uploads\/radenci_26-07-scaled-600x400.jpg\" height=\"400\" width=\"600\" alt=\"\" class=\"slider-5658 slide-5669\" title=\"radenci_26-07\" \/><\/li>\n                <li style=\"display: none; width: 100%;\" class=\"slide-5670 ms-image \" aria-roledescription=\"slide\" aria-label=\"slide-5670\"><img src=\"http:\/\/ed-mb.si\/wp-content\/uploads\/radenci_26-06-scaled-600x400.jpg\" height=\"400\" width=\"600\" alt=\"\" class=\"slider-5658 slide-5670\" title=\"radenci_26-06\" \/><\/li>\n                <li style=\"display: none; width: 100%;\" class=\"slide-5671 ms-image \" aria-roledescription=\"slide\" aria-label=\"slide-5671\"><img src=\"http:\/\/ed-mb.si\/wp-content\/uploads\/radenci_26-05-scaled-600x400.jpg\" height=\"400\" width=\"600\" alt=\"\" class=\"slider-5658 slide-5671\" title=\"radenci_26-05\" \/><\/li>\n                <li style=\"display: none; width: 100%;\" class=\"slide-5672 ms-image \" aria-roledescription=\"slide\" aria-label=\"slide-5672\"><img src=\"http:\/\/ed-mb.si\/wp-content\/uploads\/radenci_26-04-scaled-600x400.jpg\" height=\"400\" width=\"600\" alt=\"\" class=\"slider-5658 slide-5672\" title=\"radenci_26-04\" \/><\/li>\n                <li style=\"display: none; width: 100%;\" class=\"slide-5673 ms-image \" aria-roledescription=\"slide\" aria-label=\"slide-5673\"><img src=\"http:\/\/ed-mb.si\/wp-content\/uploads\/radenci_26-03-scaled-600x400.jpg\" height=\"400\" width=\"600\" alt=\"\" class=\"slider-5658 slide-5673\" title=\"radenci_26-03\" \/><\/li>\n                <li style=\"display: none; width: 100%;\" class=\"slide-5674 ms-image \" aria-roledescription=\"slide\" aria-label=\"slide-5674\"><img src=\"http:\/\/ed-mb.si\/wp-content\/uploads\/radenci_26-02-scaled-600x400.jpg\" height=\"400\" width=\"600\" alt=\"\" class=\"slider-5658 slide-5674\" title=\"radenci_26-02\" \/><\/li>\n                <li style=\"display: none; width: 100%;\" class=\"slide-5675 ms-image \" aria-roledescription=\"slide\" aria-label=\"slide-5675\"><img src=\"http:\/\/ed-mb.si\/wp-content\/uploads\/radenci_26-01-scaled-600x400.jpg\" height=\"400\" width=\"600\" alt=\"\" class=\"slider-5658 slide-5675\" title=\"radenci_26-01\" \/><\/li>\n            <\/ul>\n        <\/div>\n        \n    <\/div>\n<\/div><\/div>\n","protected":false},"excerpt":{"rendered":"<p>Zbornik Kotnikovi dnevi 2026 &#8211; (pripravljeno za dvostransko tiskanje) IZOBRA\u017dEVANJE S PODRO\u010cJA MO\u010cNOSTNE ELEKTROTEHNIKE INSODOBNIH ELEKTRI\u010cNIH IN\u0160TALACIJ Vsakoletno in tradicionalno sre\u010danje elektrotehnikov je bilo tudi letos v Radencih, \u017ee \u0161tiriin\u0161tirideseti\u010d.Posvetovanje&nbsp;organizira&nbsp;Elektrotehni\u0161ko&nbsp;dru\u0161tvo&nbsp;Maribor&nbsp;s&nbsp;sodelovanjem Elektrotehni\u0161ke zveze Slovenije. Posvetovanje je namenjeno poobla\u0161\u010denim in\u017eenirjem, vodjem del, in\u0161pekcijskim organom, profesorjem strokovnih predmetov izobra\u017eevalnih ustanov in vsem, ki se ukvarjajo z vzdr\u017eevanjem elektri\u010dnih [&hellip;]<\/p>\n","protected":false},"author":1,"featured_media":0,"parent":0,"menu_order":0,"comment_status":"closed","ping_status":"closed","template":"","meta":{"_monsterinsights_skip_tracking":false,"_monsterinsights_sitenote_active":false,"_monsterinsights_sitenote_note":"","_monsterinsights_sitenote_category":0,"ngg_post_thumbnail":0,"footnotes":""},"_links":{"self":[{"href":"http:\/\/ed-mb.si\/index.php?rest_route=\/wp\/v2\/pages\/4502"}],"collection":[{"href":"http:\/\/ed-mb.si\/index.php?rest_route=\/wp\/v2\/pages"}],"about":[{"href":"http:\/\/ed-mb.si\/index.php?rest_route=\/wp\/v2\/types\/page"}],"author":[{"embeddable":true,"href":"http:\/\/ed-mb.si\/index.php?rest_route=\/wp\/v2\/users\/1"}],"replies":[{"embeddable":true,"href":"http:\/\/ed-mb.si\/index.php?rest_route=%2Fwp%2Fv2%2Fcomments&post=4502"}],"version-history":[{"count":56,"href":"http:\/\/ed-mb.si\/index.php?rest_route=\/wp\/v2\/pages\/4502\/revisions"}],"predecessor-version":[{"id":5676,"href":"http:\/\/ed-mb.si\/index.php?rest_route=\/wp\/v2\/pages\/4502\/revisions\/5676"}],"wp:attachment":[{"href":"http:\/\/ed-mb.si\/index.php?rest_route=%2Fwp%2Fv2%2Fmedia&parent=4502"}],"curies":[{"name":"wp","href":"https:\/\/api.w.org\/{rel}","templated":true}]}}