{"id":5555,"date":"2026-03-01T17:09:34","date_gmt":"2026-03-01T16:09:34","guid":{"rendered":"http:\/\/ed-mb.si\/?page_id=5555"},"modified":"2026-03-01T17:34:48","modified_gmt":"2026-03-01T16:34:48","slug":"urnik-44-kotnikovih-dnevov","status":"publish","type":"page","link":"http:\/\/ed-mb.si\/?page_id=5555","title":{"rendered":"Urnik 44. Kotnikovi dnevi 2026"},"content":{"rendered":"\n<p class=\"has-vivid-red-color has-very-light-gray-to-cyan-bluish-gray-gradient-background has-text-color has-background has-medium-font-size\"><strong>\u010cETRTEK, 26. 3. 2026<\/strong><br><strong>9.30 za\u010detek posvetovanja<\/strong><br><strong>9.45 &#8211; 13.00&nbsp; Predstavitev referatov<\/strong><\/p>\n\n\n\n<p>1. <strong>mag. Rudi Zorko<\/strong><\/p>\n\n\n\n<p>Delovanje in aktivnosti&nbsp; EZS<\/p>\n\n\n\n<p>2.<strong>Jo\u017ee Unk<\/strong><\/p>\n\n\n\n<p>Novi Slovenski tehni\u0161ki slovar (SAZU) in dnevna govorjena sloven\u0161\u010dina<\/p>\n\n\n\n<p>3.<strong>Petra Ber\u010di\u010d<\/strong><\/p>\n\n\n\n<p>Standardizacija na podro\u010dju fotovoltaike \u2013 vloga tehni\u010dnega odbora SIST\/TC PVS Fotonapetostni sistemi<\/p>\n\n\n\n<p class=\"has-vivid-red-color has-very-light-gray-to-cyan-bluish-gray-gradient-background has-text-color has-background\"><strong>11.15 &#8211; 11.30 Odmor<\/strong><\/p>\n\n\n\n<p>4.<strong>Eva Hutinski, Matja\u017e Miklav\u010di\u010d, mag. marko Polak<\/strong><\/p>\n\n\n\n<p>Prilo\u017enosti in pasti za uporabnike EE sistema v povezavi z novim omre\u017enim kodeksom za prilagajanje odjema<\/p>\n\n\n\n<p>5.<strong>Boris Sterle<\/strong><\/p>\n\n\n\n<p>Za\u0161\u010dita zunanjih nizkonapetostnih elektri\u010dnih in\u0161talacij pred elektri\u010dnim udarom<\/p>\n\n\n\n<p>6.<strong>mag. Drago Pavli\u010d<\/strong><\/p>\n\n\n\n<p>Pravilnik o nizkonapetostnih elektri\u010dnih in\u0161talacijah v stavbah in za\u0161\u010diti stavb pred delovanjem strele-novosti in spremembe<\/p>\n\n\n\n<p class=\"has-vivid-red-color has-very-light-gray-to-cyan-bluish-gray-gradient-background has-text-color has-background\"><strong>13.00 &#8211; 15.00 kosilo<\/strong><br><strong>15.00 &#8211; 18.00 Predstavitev referatov<\/strong><\/p>\n\n\n\n<p>7.<strong>dr. Martin Volmajer<\/strong><\/p>\n\n\n\n<p>Proti eksplozijska za\u0161\u010dita v fazi projektiranja in izvedbe<\/p>\n\n\n\n<p>8.<strong>Mario Ma\u010dkovi\u0107<\/strong><\/p>\n\n\n\n<p>Specifi\u010dnosti ispitivaja pra\u0161kastih tvari u svjetlu primjene nove norme IEC EN 60079-10-2<\/p>\n\n\n\n<p class=\"has-vivid-red-color has-very-light-gray-to-cyan-bluish-gray-gradient-background has-text-color has-background\"><strong>16.45 \u2013 17.00 Odmor<\/strong><\/p>\n\n\n\n<p>9.<strong>Bo\u0161tjan \u0160tih<\/strong><\/p>\n\n\n\n<p>Funkcijska varnost v procesni industriji<\/p>\n\n\n\n<p>10.<strong>Sebastian Lisec, Tevel Kisovec<\/strong><\/p>\n\n\n\n<p>Plinska detekcija kot ukrep proti eksplozijske za\u0161\u010dite<\/p>\n\n\n\n<p>11.<strong>Janez Podlipnik<\/strong><\/p>\n\n\n\n<p>Za\u0161\u010dita pred strelo objektov z Ex prostori<\/p>\n\n\n\n<p class=\"has-vivid-red-color has-very-light-gray-to-cyan-bluish-gray-gradient-background has-text-color has-background has-medium-font-size\"><strong>PETEK, 27. 3. 2026<\/strong><br><strong>9.30- 13.00 Predstavitev referatov<\/strong><\/p>\n\n\n\n<p>12.<strong>Marko Kotnik<\/strong><\/p>\n\n\n\n<h1 class=\"wp-block-heading has-medium-font-size\">Nadtokovna za\u0161\u010ditav nizkonapetostnih elektri\u010dnih in\u0161talacijah<\/h1>\n\n\n\n<p>13.<strong>mag. Zvonko Bregar, mag. L. Valen\u010di\u010d<\/strong><\/p>\n\n\n\n<p>QGIS model KN3<\/p>\n\n\n\n<p class=\"has-vivid-red-color has-very-light-gray-to-cyan-bluish-gray-gradient-background has-text-color has-background\"><strong>11.15\u2013 11.30 Odmor<\/strong><\/p>\n\n\n\n<p>14.<strong>dr. Primo\u017e Suki\u010d, prof. dr. Gorazd \u0160tumberger, Jur\u010dek Voh<\/strong><\/p>\n\n\n\n<p>Prehajanje vi\u0161jih harmonikov in supraharmonikoviz NN na SN<\/p>\n\n\n\n<p>15.<strong>Tadej Horvat<\/strong><\/p>\n\n\n\n<p>Pregled elektroenergetskega distribucijskega omre\u017eja s pomo\u010djo brezpilotnih zrakoplovov<br><\/p>\n\n\n\n<p class=\"has-vivid-red-color has-very-light-gray-to-cyan-bluish-gray-gradient-background has-text-color has-background\"><br><strong>13.00&nbsp; Zaklju\u010dek posvetovanja<\/strong><\/p>\n","protected":false},"excerpt":{"rendered":"<p>\u010cETRTEK, 26. 3. 20269.30 za\u010detek posvetovanja9.45 &#8211; 13.00&nbsp; Predstavitev referatov 1. mag. Rudi Zorko Delovanje in aktivnosti&nbsp; EZS 2.Jo\u017ee Unk Novi Slovenski tehni\u0161ki slovar (SAZU) in dnevna govorjena sloven\u0161\u010dina 3.Petra Ber\u010di\u010d Standardizacija na podro\u010dju fotovoltaike \u2013 vloga tehni\u010dnega odbora SIST\/TC PVS Fotonapetostni sistemi 11.15 &#8211; 11.30 Odmor 4.Eva Hutinski, Matja\u017e Miklav\u010di\u010d, mag. marko Polak Prilo\u017enosti [&hellip;]<\/p>\n","protected":false},"author":1,"featured_media":0,"parent":0,"menu_order":0,"comment_status":"closed","ping_status":"closed","template":"","meta":{"_monsterinsights_skip_tracking":false,"_monsterinsights_sitenote_active":false,"_monsterinsights_sitenote_note":"","_monsterinsights_sitenote_category":0,"ngg_post_thumbnail":0,"footnotes":""},"_links":{"self":[{"href":"http:\/\/ed-mb.si\/index.php?rest_route=\/wp\/v2\/pages\/5555"}],"collection":[{"href":"http:\/\/ed-mb.si\/index.php?rest_route=\/wp\/v2\/pages"}],"about":[{"href":"http:\/\/ed-mb.si\/index.php?rest_route=\/wp\/v2\/types\/page"}],"author":[{"embeddable":true,"href":"http:\/\/ed-mb.si\/index.php?rest_route=\/wp\/v2\/users\/1"}],"replies":[{"embeddable":true,"href":"http:\/\/ed-mb.si\/index.php?rest_route=%2Fwp%2Fv2%2Fcomments&post=5555"}],"version-history":[{"count":4,"href":"http:\/\/ed-mb.si\/index.php?rest_route=\/wp\/v2\/pages\/5555\/revisions"}],"predecessor-version":[{"id":5564,"href":"http:\/\/ed-mb.si\/index.php?rest_route=\/wp\/v2\/pages\/5555\/revisions\/5564"}],"wp:attachment":[{"href":"http:\/\/ed-mb.si\/index.php?rest_route=%2Fwp%2Fv2%2Fmedia&parent=5555"}],"curies":[{"name":"wp","href":"https:\/\/api.w.org\/{rel}","templated":true}]}}