{"id":143,"date":"2014-01-14T23:09:14","date_gmt":"2014-01-14T22:09:14","guid":{"rendered":"http:\/\/ed-mb.si\/?page_id=143"},"modified":"2025-02-10T12:02:56","modified_gmt":"2025-02-10T11:02:56","slug":"ezs-usposabljanje","status":"publish","type":"page","link":"https:\/\/ed-mb.si\/?page_id=143","title":{"rendered":"EZS-usposabljanje"},"content":{"rendered":"<p><span style=\"text-align: center; font-size: 16px;\"><img decoding=\"async\" loading=\"lazy\" class=\"alignright  wp-image-146\" title=\"ezs_phot1\" src=\"http:\/\/ed-mb.si\/wp-content\/uploads\/2014\/01\/ezs_phot11.gif\" alt=\"\" width=\"88\" height=\"88\"><\/span><\/p>\n<p><img decoding=\"async\" loading=\"lazy\" class=\" wp-image-147 alignleft\" src=\"http:\/\/ed-mb.si\/wp-content\/uploads\/2014\/01\/a_znak_ed_1.gif\" alt=\"\" width=\"68\" height=\"107\"><\/p>\n<p>&nbsp;<\/p>\n<h2 style=\"text-align: center;\"><strong>ELEKTROTEHNI\u0160KA ZVEZA SLOVENIJE<\/strong><\/h2>\n<h4 style=\"text-align: left;\"><strong>&nbsp; &nbsp; &nbsp; &nbsp; &nbsp; &nbsp; &nbsp; &nbsp; &nbsp; &nbsp; &nbsp; &nbsp; &nbsp; &nbsp; &nbsp; &nbsp; &nbsp; &nbsp; &nbsp; &nbsp; &nbsp; &nbsp; &nbsp; &nbsp; &nbsp; &nbsp; &nbsp; &nbsp; &nbsp; &nbsp; &nbsp; &nbsp; &nbsp; &nbsp; &nbsp; &nbsp; &nbsp; &nbsp; &nbsp; &nbsp; &nbsp; &nbsp; &nbsp; &nbsp; &nbsp; &nbsp; &nbsp; &nbsp; &nbsp; &nbsp; &nbsp; &nbsp; &nbsp; &nbsp; &nbsp; &nbsp; &nbsp; &nbsp; &nbsp; &nbsp; &nbsp; &nbsp; &nbsp; &nbsp; &nbsp; &nbsp; &nbsp; &nbsp; &nbsp; &nbsp; &nbsp; &nbsp; &nbsp; &nbsp;<\/strong><\/h4>\n<h2 style=\"text-align: center;\"><span style=\"color: #ff0000;\"><strong><u>Izobra\u017eevanje za varno delo v eksplozijsko ogro\u017eenih prostorih<\/u><\/strong><\/span><\/h2>\n<h2 style=\"text-align: center;\"><span style=\"color: #ff0000;\"><strong><u>Razpisni termini izobra\u017eevanj v letu 2025<\/u><\/strong><\/span><\/h2>\n<p><u>&nbsp;<\/u><\/p>\n<p>Elektrotehni\u0161ka zveza Slovenije prireja izobra\u017eevanja kandidatov za varno delo v eksplozijsko ogro\u017eenih prostorih. Izobra\u017eevanja so namenjena podjetjem, drugim organizacijam in posameznikom.<\/p>\n<p>Osnova za izobra\u017eevanja so dolo\u010dila Pravilnika o protieksplozijski za\u0161\u010diti (Uradni list RS \u0161t. 41\/2016), ki od delodajalca zahtevajo, da za delavce, ki delajo ali se lahko pojavijo v eksplozijsko ogro\u017eenih prostorih, zagotovi varnost in varovanje zdravja, ki je lahko ogro\u017eeno zaradi eksplozivnih atmosfer. Eden od pomembnih ukrepov za ta namen je izobra\u017eevanje delavcev. Pravilnik v 45. \u010dlenu zahteva, da <strong>delodajalec preveri usposobljenost delavcev s podro\u010dja protieksplozijske za\u0161\u010dite najmanj vsaki dve leti<\/strong>.<\/p>\n<p><strong>Na izobra\u017eevanje vabimo:<\/strong><\/p>\n<ol>\n<li>PO1: delavce, ki delajo ali se le ob\u010dasno nahajajo v eksplozijsko ogro\u017eenih prostorih,<\/li>\n<li>PO2: delavce, ki funkcionalno vzdr\u017eujejo naprave in postroje v proizvodnem procesu,<\/li>\n<li>PO3: vodstvene kadre, tehnologe in izdelovalce elaboratov eksplozijske ogro\u017eenosti,<\/li>\n<li>PO4: delavce, ki vgrajujejo, vzdr\u017eujejo in servisirajo opremo namenjeno vgradnji in uporabi v eksplozijsko ogro\u017eenih prostorih.<\/li>\n<\/ol>\n<p>&nbsp;<\/p>\n<p><strong>Elektrotehni\u0161ka zveza Slovenije prireja tudi specialisti\u010dna izobra\u017eevanja po posebnih programih:<\/strong><\/p>\n<ol start=\"5\">\n<li>PO5: za preglednike in izvajalce meritev na nizko napetostnih elektri\u010dnih in\u0161talacijah in sistemih za za\u0161\u010dito objektov pred delovanjem strele (program NNELI),<\/li>\n<li>PO6: za poobla\u0161\u010dene in\u017eenirje (skupaj z In\u017eenirsko zbornico Slovenije) na temo \u00abNa\u010drtovanje objektov, procesov in in\u0161talacij, vodenje del in nadziranje izvajanja del za protieksplozijsko za\u0161\u010dito\u00ab.<\/li>\n<\/ol>\n<p>Izobra\u017eevanje lahko po dogovoru organiziramo tudi <strong>posebej za dolo\u010deno podjetje<\/strong>, \u010de le-to prijavi ve\u010dje \u0161tevilo kandidatov (najmanj 15). V tem primeru se dogovorimo za <strong>poseben program izobra\u017eevanja prilagojen tehnolo\u0161kim posebnostim naro\u010dnika<\/strong> in za posebno ceno storitve.<\/p>\n<p><strong>Dodatni programi prakti\u010dnega izobra\u017eevanja<\/strong><\/p>\n<p>Zakon o varnosti in zdravju pri delu (Uradni list RS \u0161tev. 43\/2011) od delodajalca zahteva, da usposobljenost delavca za varno delo preveri na njegovem delovnem mestu. Elektrotehni\u0161ka zveza Slovenije se je tej zahtevi prilagodila in nudi \u0161e <strong>dodatne programe prakti\u010dnega izobra\u017eevanja<\/strong>, ki jih v skladu z dogovorom z naro\u010dniki izvedemo v delovnem okolju udele\u017eencev izobra\u017eevanja pod vodstvom mentorja. Podlaga prakti\u010dnega izobra\u017eevanja je elaborat eksplozijske ogro\u017eenosti za objekte oz. procese v katerih delavci delajo. V okviru prakti\u010dnega izobra\u017eevanja mentorji skupaj s kandidati pregledajo obseg izvajanja del in kandidate konkretneje seznanijo s specifi\u010dnostjo zahtev s podro\u010dja protieksplozijske za\u0161\u010dite na delovnem mestu. Mentorji tudi ocenijo znanja kandidatov in delodajalcu podajo informacijo o trenutnih znanjih potrebnih za izvajanje del ter potrebnih nadaljnjih aktivnostih.<br>O programu, na\u010dinu izvedbe in ceni prakti\u010dnega izobra\u017eevanja se delodajalec in izvajalec izobra\u017eevanja dogovorita posebej.<\/p>\n<p><strong>Dodatno bomo tokrat prvi\u010d izvedli tudi prakti\u010dno izobra\u017eevanje v sklopu programa PO5 za preglednike in izvajalce meritev na nizko napetostnih elektri\u010dnih in\u0161talacijah in sistemih za za\u0161\u010dito objektov pred delovanjem strele (program NNELI).<\/strong><\/p>\n<h3><span style=\"color: #0000ff;\"><strong>Razpisni termini izobra\u017eevanj za leto 2025<\/strong><\/span><\/h3>\n<ol>\n<li><strong>12. in 13.03.2025<\/strong><\/li>\n<li><strong>16., 17. in 18.04.2025 &#8211; za podro\u010dje opravil PO5: pregledniki in izvajalci meritev na nizko napetostnih elektri\u010dnih in\u0161talacijah in sistemih za za\u0161\u010dito objektov pred delovanjem strele (program NNELI)<\/strong><\/li>\n<li><strong>23. in 24.04.2025<\/strong><\/li>\n<li><strong>07. in 08.05.2025<\/strong><\/li>\n<li><strong>24. in 25.09.2025<\/strong><\/li>\n<li><strong>22. in 23.10.2025<\/strong><\/li>\n<li><strong>25. in 26.11.2025<\/strong><\/li>\n<\/ol>\n<p><strong>Lokacijo izvedbe izobra\u017eevanja bomo dolo\u010dili naknadno, po zaklju\u010dku zbiranja prijav. Po mo\u017enosti bo to \u010dim bli\u017eje podjetjem od koder kandidati prihajajo. O izbiri lokacije bodo kandidati pravo\u010dasno obve\u0161\u010deni.<\/strong><\/p>\n<p>Za vsa razpisna izobra\u017eevanja za podro\u010dje opravil PO1, PO2, PO3 in PO4 velja naslednje:<\/p>\n<p><strong>Prvi dan: za PO1, PO2, PO3 in PO4<\/strong><\/p>\n<p><strong>Drugi dan: dodatno za PO4<\/strong><\/p>\n<p><strong>&nbsp;<\/strong>Za razpisno izobra\u017eevanje PO5 program NNELI pa velja:<\/p>\n<p><strong>Prva dva dneva sta teoreti\u010dna, tretji dan pa je namenjen prakti\u010dnemu delu v skupinah v referen\u010dnem objektu<\/strong><\/p>\n<h3><span style=\"color: #0000ff;\"><strong>Namen, vsebina in potek izobra\u017eevanj<\/strong><\/span><\/h3>\n<p>Udele\u017eence na izobra\u017eevanjih pou\u010dimo o tem kaj so eksplozivne atmosfere in katere kemijske in fizikalne okoli\u0161\u010dine so vzrok za njihovo nastajanje, v katerih primerih lahko pride do v\u017eiga eksplozivne atmosfere in kako ga je mo\u017eno prepre\u010diti. Seznanijo se z zahtevami za opremo, ki je primerna za vgradnjo in uporabo v eksplozijsko ogro\u017eenih prostorih, zahteve za izvajanje vgraditve opreme, za izvajanje vzdr\u017eevanja vgrajene opreme in izvajanje remontov in popravil opreme.<br>Poseben poudarek izobra\u017eevanj je na zahtevah za varno izvajanje del v eksplozijsko ogro\u017eenih okoljih.<br>Ob predavanjih predavatelji namenijo \u010das razpravi o konkretnih primerih, s katerimi se udele\u017eenci sre\u010dujejo na delovnem mestu, podajo se tudi primeri pogostih napak in neustreznosti, ki jih lahko zasledimo v eksplozijsko ogro\u017eenih okoljih in tveganj potencialnih eksplozij zaradi teh napak in neustreznosti.<\/p>\n<p>Udele\u017eence seznanimo tudi s pravno ureditvijo podro\u010dja protieksplozijske za\u0161\u010dite.<\/p>\n<p><strong>Izobra\u017eevanja potekajo v dveh delih: <\/strong><\/p>\n<ul>\n<li>podajanje teoreti\u010dnih vsebin po programu izobra\u017eevanja v obliki predavanj in razprave o konkretnih problemih s katerimi se udele\u017eenci sre\u010dujejo na delovnem mestu,<\/li>\n<li>pisni preizkus znanja.<\/li>\n<\/ul>\n<p><strong>Izobra\u017eevanja za skupine PO1, PO2, PO3 so enodnevna, za skupino PO4 so dvodnevna, za skupino PO5 (NNELI) pa tridnevna.<br><\/strong><strong>Izobra\u017eevanja za skupino PO6 prirejamo skupaj z In\u017eenirsko zbornico Slovenije.<\/strong><\/p>\n<p><strong>Preizkus pridobljenega znanja<\/strong> kandidatov izvaja Komisija, ki je imenovana v okviru odbora za protieksplozijsko za\u0161\u010dito pri EZS. Preizkus je pisni, v obliki testa. Teste udele\u017eenci izobra\u017eevanja opravljali v svojem podjetju ob prisotnosti nadrejene osebe, ki jo dolo\u010di naro\u010dnik. S svojim podpisom vsak posameznik jam\u010di za verodostojnost izpolnjenega testa. Kandidati lahko pri opravljanju testa uporabljajo vso razpolo\u017eljivo literaturo. Kandidati, ki uspe\u0161no opravijo preizkus znanja, prejmejo potrdilo o opravljenem preizkusu znanja skladno izvedenemu programu izobra\u017eevanja. Kandidat, ki ne opravi preizkusa znanja prvi\u010d ima mo\u017enost enkratne ponovitve preizkusa. Kandidati, ki ne pristopijo k opravljanju preizkusa znanja oz. ne opravijo preizkusa znanja uspe\u0161no, prejmejo le potrdilo o udele\u017ebi na izobra\u017eevanju, \u010de so se ga udele\u017eili.<\/p>\n<p><strong>Predstavitev zahtevanih znanj za posamezna podro\u010dja opravil (PO)<\/strong><\/p>\n<p><strong>Delavci skupine PO1<\/strong><\/p>\n<p>Delavci, ki delajo ali se le ob\u010dasno nahajajo v eksplozijsko ogro\u017eenih prostorih morajo poznati nekaj teoreti\u010dnih osnov o eksplozivnih atmosferah in njihovi nevarnosti, poznati morajo ukrepe protieksplozijske za\u0161\u010dite, zahteve za pravilno ravnanje z delovnimi sredstvi in orodji in poznati morajo zahteve za varno izvajanje del v eksplozijsko ogro\u017eenih okoljih. Od te skupine delavcev \u0161e pri\u010dakujemo, da so seznanjeni z elaboratom eksplozijske ogro\u017eenosti in da pri delu upo\u0161tevajo njegova dolo\u010dila.<\/p>\n<p><strong>Delavci skupine PO2<\/strong><\/p>\n<p>Z razliko od delavcev PO1 so delavci skupine PO2 zadol\u017eeni za vzdr\u017eevanje funkcionalnosti delovnih naprav in postrojev. Zato morajo poleg osnov protieksplozijske za\u0161\u010dite poznati \u0161e tehni\u010dne in tehnolo\u0161ke posebnosti naprav in postrojev, v katere posegajo, da s svojimi aktivnostmi ne okrnijo posebnosti na napravah, ki zagotavljajo protieksplozijsko za\u0161\u010dito.<\/p>\n<p><strong>V<\/strong><strong>odstveni kadri PO3<\/strong><\/p>\n<p>morajo v prvi vrsti poznati zakonodajo s podro\u010dja varnosti in varovanja zdravja delavcev, ki so lahko ogro\u017eeni zaradi eksplozivnih atmosfer. Zavedati se morajo svoje odgovornosti v zvezi s tem. Vedeti morajo, kak\u0161ni so glede na specifiko njihovega tehnolo\u0161kega procesa najprimernej\u0161i tehni\u010dni in organizacijski ukrepi za prepre\u010devanje pojavljanja potencialnih eksplozij. Kot nadrejeni delavcem, ki se ob\u010dasno pojavijo ali delajo v eksplozijsko ogro\u017eenih prostorih, pa morajo poznati tudi tehnolo\u0161ke in tehni\u010dne lastnosti naprav in postrojev, da lahko izdajajo delovne naloge z navodili za varno izvajanje del v takih pogojih dela in delo ustrezno organizirajo. V to skupino sodijo tudi tehnologi in izdelovalci elaboratov eksplozijske ogro\u017eenosti.<\/p>\n<p><strong>Delavci skupine PO4<\/strong><\/p>\n<p>opravljajo najzahtevnej\u0161a dela v eksplozijsko ogro\u017eenih prostorih. To so delavci, ki vgrajujejo, vzdr\u017eujejo in servisirajo opremo namenjeno vgradnji in uporabi v eksplozijsko ogro\u017eenih prostorih. Vsi ti morajo, poleg tega, da se od njih pri\u010dakuje poglobljeno znanje o fizikalnih in kemijskih lastnostih eksplozivnih atmosfer ter o mo\u017enih virih njihovega v\u017eiga, stalno skrb posve\u010dati tudi tehni\u010dnim novostim pri razvoju opreme, ki je primerna za vgradnjo in uporabo v eksplozijsko ogro\u017eenih prostorih.<br><strong>Pregledniki nizkonapetostnih elektri\u010dnih in\u0161talacij in instalacij za za\u0161\u010dito objektov pred delovanjem strele (NNELI) PO5<\/strong><\/p>\n<p>Program izobra\u017eevanja je namenjen dodatnemu usposabljanju preglednikov oziroma merilcev za njihovo delo v eksplozijsko ogro\u017eenih prostorih, ob vgradnji opreme, njenem vzdr\u017eevanju in servisiranju ali njenemu pregledovanju ter merjenju. Posebno pozornost morajo posve\u010dati varovanju pred motnjami, razelektritvami, po\u017eari in nevarnostmi udara napetosti v primeru okvar ali napak. Usposobiti se morajo za pravilen pristop k zagotavljanju protieksplozijske in elektri\u010dne varnosti,&nbsp; tako za prvi kot tudi za vse redne preglede. Izvajalec pregledov v eksplozijsko ogro\u017eenih okoljih mora biti usposobljen po programu NNELI za preglede zahtevnih elektri\u010dnih in\u0161talacij in sistemov za\u0161\u010dite objektov pred delovanjem strele.<br><strong>Poobla\u0161\u010deni in\u017eenirji, ki na\u010drtujejo objekte, procese in in\u0161talacije, vodijo dela in nadzirajo izvajanje del za protieksplozijsko za\u0161\u010dito PO6<br><\/strong>Poobla\u0161\u010deni in\u017eenirji morajo imeti ustrezna znanja s podro\u010dja protieksplozijske za\u0161\u010dite, da se prepre\u010dijo napake pri na\u010drtovanju in graditvi v zadosti zgodnjih fazah procesa graditve objektov. Prav tako imajo klju\u010dno vlogo v aktivnostih za zagotovitev oz. pripravo primernih elaboratov eksplozijske ogro\u017eenosti. Stalno skrb morajo posve\u010dati tehni\u010dnim novostim pri razvoju in uporabi ukrepov protieksplozijske za\u0161\u010dite, opreme in in\u0161talacij, ki so primerni za vgradnjo v eksplozijsko ogro\u017eene prostore in seveda tehni\u0161ki regulativi in standardizaciji na tem podro\u010dju.<\/p>\n<p>S pravilnim na\u010drtovanjem, pripravo elaboratov eksplozijske ogro\u017eenosti in izborom opreme lahko poobla\u0161\u010deni in\u017eenirji odlo\u010dilno vplivajo na stro\u0161ke priprave, na\u010drtovanja in obratovanja tehnolo\u0161kega objekta ter u\u010dinkovito za\u0161\u010dito pred potencialnimi eksplozijami.<\/p>\n<p>Udele\u017eenci izobra\u017eevanja bodo seznanjeni z razlogi in ukrepi protieksplozijske za\u0161\u010dite in tudi s posebnostmi pri na\u010drtovanju in graditvi potencialno eksplozijsko ogro\u017eenih objektov. Prav tako bodo dobili informacije o potrebnih dokumentih, ki jih je treba pridobiti \u017ee v fazi na\u010drtovanja objektov in in\u0161talacij, kateri subjekti so vklju\u010deni v izdelavo dokumentacije in na kaj mora biti investitor pozoren, da se izogne kasnej\u0161im zapletom pri dokazovanju skladnosti z zahtevami protieksplozijske za\u0161\u010dite in pridobivanju uporabnega dovoljenja.<\/p>\n<h3><span style=\"color: #0000ff;\">Izvajalci izobra\u017eevanj<\/span><\/h3>\n<p>Izobra\u017eevanja izvaja <strong>Odbor za protieksplozijsko za\u0161\u010dito pri Elektrotehni\u0161ki zvezi Slovenije.<\/strong> Pri izobra\u017eevanjih sodelujejo vrhunski slovenski strokovnjaki s podro\u010dja protieksplozijske za\u0161\u010dite.<\/p>\n<h3><span style=\"color: #0000ff;\"><strong>Cenik<\/strong><\/span><\/h3>\n<p>Cene, ki vklju\u010dujejo stro\u0161ke priprave strokovnih gradiv, organizacijo ter izvedbo izobra\u017eevanja in presoje pridobljenega znanja kandidatov (DDV ni vklju\u010den) so naslednje:<\/p>\n<table width=\"691\">\n<tbody>\n<tr>\n<td width=\"51\">\n<p>1.&nbsp;&nbsp;&nbsp;&nbsp;&nbsp;&nbsp; &nbsp;<\/p>\n<\/td>\n<td width=\"540\">\n<p>PO1: delavci, ki delajo ali se le ob\u010dasno nahajajo v eksplozijsko ogro\u017eenih prostorih,<\/p>\n<\/td>\n<td width=\"100\">\n<p>285 EUR<\/p>\n<\/td>\n<\/tr>\n<tr>\n<td width=\"51\">\n<p>2.&nbsp;&nbsp;&nbsp;&nbsp;&nbsp;&nbsp; &nbsp;<\/p>\n<\/td>\n<td width=\"540\">\n<p>PO2: delavci, ki funkcionalno vzdr\u017eujejo in servisirajo naprave in postroje v proizvodnem procesu,<\/p>\n<\/td>\n<td width=\"100\">\n<p>310 EUR<\/p>\n<\/td>\n<\/tr>\n<tr>\n<td width=\"51\">\n<p>3.&nbsp;&nbsp;&nbsp;&nbsp;&nbsp;&nbsp; &nbsp;<\/p>\n<\/td>\n<td width=\"540\">\n<p>PO3: vodstveni kadri, tehnologi in izdelovalci elaboratov eksplozijske ogro\u017eenosti,<\/p>\n<\/td>\n<td width=\"100\">\n<p>335 EUR<\/p>\n<\/td>\n<\/tr>\n<tr>\n<td width=\"51\">\n<p>4.&nbsp;&nbsp;&nbsp;&nbsp;&nbsp;&nbsp; &nbsp;<\/p>\n<\/td>\n<td width=\"540\">\n<p>PO4: delavci, ki vgrajujejo, vzdr\u017eujejo in servisirajo opremo namenjeno vgradnji in uporabi v eksplozijsko ogro\u017eenih prostorih,<\/p>\n<\/td>\n<td width=\"100\">\n<p>410 EUR<\/p>\n<\/td>\n<\/tr>\n<tr>\n<td width=\"51\">\n<p>5.&nbsp;&nbsp;&nbsp;&nbsp;&nbsp;&nbsp; &nbsp;<\/p>\n<\/td>\n<td width=\"540\">\n<p>PO5: pregledniki nizko napetostnih elektri\u010dnih in\u0161talacij in in\u0161talacij za za\u0161\u010dito objektov pred delovanjem strele (NNELI), tridnevno izobra\u017eevanje s prakti\u010dnim delom<\/p>\n<\/td>\n<td width=\"100\">\n<p>510 EUR<\/p>\n<\/td>\n<\/tr>\n<tr>\n<td width=\"51\">\n<p>6.&nbsp;&nbsp;&nbsp;&nbsp;&nbsp;&nbsp; &nbsp;<\/p>\n<\/td>\n<td width=\"540\">\n<p>PO6: poobla\u0161\u010deni in\u017eenirji, (ceno dolo\u010di IZS)<\/p>\n<\/td>\n<td width=\"100\">\n<p>&nbsp;<\/p>\n<\/td>\n<\/tr>\n<\/tbody>\n<\/table>\n<p><strong>&nbsp;<\/strong>Za izvedbo prilagojenih programov izobra\u017eevanj za zaklju\u010dene skupine in za izvedbo programov prakti\u010dnega izobra\u017eevanja se cene oblikujejo posebej, glede na obseg in program ter lokacijo izobra\u017eevanja.<\/p>\n<h3><span style=\"color: #0000ff;\"><strong>&nbsp;<\/strong><strong>Prijave in informacije <\/strong><\/span><\/h3>\n<p>Prijavo na izobra\u017eevanje in preizkus znanja nam po\u0161ljite po e-po\u0161ti na naslov <a href=\"mailto:info.ex@ezs-zveza.si\">info.ex@ezs-zveza.si<\/a> ali na po\u0161tni naslov: Elektrotehni\u0161ka zveza Slovenije, Stegne 7, 1521 Ljubljana. Lahko pa se odlo\u010dite tudi za elektronsko prijavo na na\u0161i spletni strani: <a href=\"http:\/\/www.ezs-zveza.si\">www.ezs-zveza.si<\/a><\/p>\n<p>Dodatne informacije o izobra\u017eevanju in preizkusu znanja lahko kandidati dobijo na naslovu:<\/p>\n<p>Elektrotehni\u0161ka zveza Slovenije, Stegne 7, 1000 Ljubljana<\/p>\n<p>E-po\u0161ta: <a href=\"mailto:info.ex@ezs-zveza.si\">info.ex@ezs-zveza.si<\/a>, tel.: 01 511 30 00, <a href=\"http:\/\/www.ezs-zveza.si\/\">www.ezs-zveza.si<\/a><\/p>\n<p><strong>Zadnji rok prijave je 7 dni pred pri\u010detkom izobra\u017eevanja.<\/strong><\/p>\n<h3><a href=\"http:\/\/www.ed-mb.si\/prijavnice\/RAZPIS EX  izobra\u017eevanj 2024 za spletno stran _mk1.pdf\" target=\"_blank\" rel=\"noopener\" data-wplink-url-error=\"true\"><em><strong>prijavnica.pdf<\/strong><\/em><\/a><\/h3>\n<h3><em><strong><a href=\"http:\/\/www.ed-mb.si\/prijavnice\/RAZPIS EX  izobra\u017eevanj 2024 za spletno stran _mk1.doc\" target=\"_blank\" rel=\"noopener\" data-wplink-url-error=\"true\">Prijavnica.doc<\/a><\/strong><\/em><\/h3>\n\n\n<p><\/p>\n","protected":false},"excerpt":{"rendered":"<p>&nbsp; ELEKTROTEHNI\u0160KA ZVEZA SLOVENIJE &nbsp; &nbsp; &nbsp; &nbsp; &nbsp; &nbsp; &nbsp; &nbsp; &nbsp; &nbsp; &nbsp; &nbsp; &nbsp; &nbsp; &nbsp; &nbsp; &nbsp; &nbsp; &nbsp; &nbsp; &nbsp; &nbsp; &nbsp; &nbsp; &nbsp; &nbsp; &nbsp; &nbsp; &nbsp; &nbsp; &nbsp; &nbsp; &nbsp; &nbsp; &nbsp; &nbsp; &nbsp; &nbsp; &nbsp; &nbsp; &nbsp; &nbsp; &nbsp; &nbsp; &nbsp; &nbsp; &nbsp; &nbsp; &nbsp; &nbsp; &nbsp; [&hellip;]<\/p>\n","protected":false},"author":1,"featured_media":0,"parent":0,"menu_order":6,"comment_status":"closed","ping_status":"closed","template":"","meta":{"_monsterinsights_skip_tracking":false,"_monsterinsights_sitenote_active":false,"_monsterinsights_sitenote_note":"","_monsterinsights_sitenote_category":0,"ngg_post_thumbnail":0,"footnotes":""},"_links":{"self":[{"href":"https:\/\/ed-mb.si\/index.php?rest_route=\/wp\/v2\/pages\/143"}],"collection":[{"href":"https:\/\/ed-mb.si\/index.php?rest_route=\/wp\/v2\/pages"}],"about":[{"href":"https:\/\/ed-mb.si\/index.php?rest_route=\/wp\/v2\/types\/page"}],"author":[{"embeddable":true,"href":"https:\/\/ed-mb.si\/index.php?rest_route=\/wp\/v2\/users\/1"}],"replies":[{"embeddable":true,"href":"https:\/\/ed-mb.si\/index.php?rest_route=%2Fwp%2Fv2%2Fcomments&post=143"}],"version-history":[{"count":87,"href":"https:\/\/ed-mb.si\/index.php?rest_route=\/wp\/v2\/pages\/143\/revisions"}],"predecessor-version":[{"id":5206,"href":"https:\/\/ed-mb.si\/index.php?rest_route=\/wp\/v2\/pages\/143\/revisions\/5206"}],"wp:attachment":[{"href":"https:\/\/ed-mb.si\/index.php?rest_route=%2Fwp%2Fv2%2Fmedia&parent=143"}],"curies":[{"name":"wp","href":"https:\/\/api.w.org\/{rel}","templated":true}]}}