{"id":1464,"date":"2015-01-15T22:51:45","date_gmt":"2015-01-15T21:51:45","guid":{"rendered":"http:\/\/ed-mb.si\/?page_id=1464"},"modified":"2025-02-28T10:50:30","modified_gmt":"2025-02-28T09:50:30","slug":"zbor-clanov-2015","status":"publish","type":"page","link":"https:\/\/ed-mb.si\/?page_id=1464","title":{"rendered":"Zbor \u010dlanov 2025"},"content":{"rendered":"<p style=\"text-align: center;\">&nbsp;<\/p>\n<p style=\"text-align: center;\">&nbsp;Zbor \u010dlanov Elektrotehni\u0161kega dru\u0161tva Maribor, je potekal v <strong>sredo 26. februarja 2025<\/strong><\/p>\n<p style=\"text-align: center;\">v upravni zgradbi Dravskih elektrarn Maribor.<\/p>\n<ol>\n<li>Odprtje zbora \u010dlanov<\/li>\n<li>Izvolitev delovnega predsedstva<\/li>\n<li>Strokovno predavanje Matja\u017e Miklav\u010di\u010d &#8211; Novi obra\u010dun omre\u017enine<\/li>\n<li>Imenovanje organov zbora:<\/li>\n<\/ol>\n<ul>\n<li>verifikacijske komisije<\/li>\n<li>zapisnikarja<\/li>\n<li>dveh overiteljev zapisnika<\/li>\n<\/ul>\n<ol start=\"5\">\n<li>Poro\u010dila:<\/li>\n<\/ol>\n<ul>\n<li>verifikacijske komisije<\/li>\n<li>predsednika<\/li>\n<li>blagajnika<\/li>\n<li>\u010dastnega razsodi\u0161\u010da<\/li>\n<li>inventurne komisije<\/li>\n<li>nadzornega odbora<\/li>\n<\/ul>\n<ol start=\"6\">\n<li>Razprava o poro\u010dilih<\/li>\n<li>Volitve novega 2. Podpredsednika<\/li>\n<li>Program dela<\/li>\n<li>Finan\u010dni na\u010drt<\/li>\n<li>Razno<\/li>\n<\/ol>\n<p>&nbsp;<\/p>\n<p>&nbsp;<\/p>\n<p style=\"text-align: left;\">&nbsp; &nbsp; &nbsp; &nbsp; &nbsp; &nbsp; &nbsp; &nbsp; &nbsp; &nbsp; &nbsp; &nbsp; &nbsp; &nbsp; &nbsp; &nbsp; &nbsp; &nbsp; &nbsp; &nbsp; &nbsp; &nbsp; &nbsp; &nbsp; &nbsp; &nbsp; Utrinki iz zbora 2025<\/p>\n\n\n<div class=\"wp-block-columns is-layout-flex wp-container-2 wp-block-columns-is-layout-flex\">\n<div class=\"wp-block-column is-layout-flow wp-block-column-is-layout-flow\" style=\"flex-basis:100%\">\n<div class=\"alignnormal\"><div id=\"metaslider-id-5288\" style=\"width: 100%;\" class=\"ml-slider-3-93-0 metaslider metaslider-flex metaslider-5288 ml-slider ms-theme-default-base has-dots-nav\" role=\"region\" aria-roledescription=\"Slideshow\" aria-label=\"Zbor \u010dlanov 2025\">\n    <div id=\"metaslider_container_5288\">\n        <div id=\"metaslider_5288\">\n            <ul class='slides'>\n                <li style=\"display: block; width: 100%;\" class=\"slide-5296 ms-image \" aria-roledescription=\"slide\" aria-label=\"slide-5296\"><img src=\"https:\/\/ed-mb.si\/wp-content\/uploads\/zbor-1-scaled-600x400.jpg\" height=\"400\" width=\"600\" alt=\"\" class=\"slider-5288 slide-5296\" title=\"zbor-1\" \/><\/li>\n                <li style=\"display: none; width: 100%;\" class=\"slide-5297 ms-image \" aria-roledescription=\"slide\" aria-label=\"slide-5297\"><img src=\"https:\/\/ed-mb.si\/wp-content\/uploads\/zbor-2-scaled-600x400.jpg\" height=\"400\" width=\"600\" alt=\"\" class=\"slider-5288 slide-5297\" title=\"zbor-2\" \/><\/li>\n                <li style=\"display: none; width: 100%;\" class=\"slide-5298 ms-image \" aria-roledescription=\"slide\" aria-label=\"slide-5298\"><img src=\"https:\/\/ed-mb.si\/wp-content\/uploads\/zbor-3-scaled-600x400.jpg\" height=\"400\" width=\"600\" alt=\"\" class=\"slider-5288 slide-5298\" title=\"zbor-3\" \/><\/li>\n                <li style=\"display: none; width: 100%;\" class=\"slide-5299 ms-image \" aria-roledescription=\"slide\" aria-label=\"slide-5299\"><img src=\"https:\/\/ed-mb.si\/wp-content\/uploads\/zbor-4-scaled-600x400.jpg\" height=\"400\" width=\"600\" alt=\"\" class=\"slider-5288 slide-5299\" title=\"zbor-4\" \/><\/li>\n                <li style=\"display: none; width: 100%;\" class=\"slide-5300 ms-image \" aria-roledescription=\"slide\" aria-label=\"slide-5300\"><img src=\"https:\/\/ed-mb.si\/wp-content\/uploads\/zbor-5-scaled-600x400.jpg\" height=\"400\" width=\"600\" alt=\"\" class=\"slider-5288 slide-5300\" title=\"zbor-5\" \/><\/li>\n                <li style=\"display: none; width: 100%;\" class=\"slide-5301 ms-image \" aria-roledescription=\"slide\" aria-label=\"slide-5301\"><img src=\"https:\/\/ed-mb.si\/wp-content\/uploads\/zbor-6-scaled-600x400.jpg\" height=\"400\" width=\"600\" alt=\"\" class=\"slider-5288 slide-5301\" title=\"zbor-6\" \/><\/li>\n                <li style=\"display: none; width: 100%;\" class=\"slide-5302 ms-image \" aria-roledescription=\"slide\" aria-label=\"slide-5302\"><img src=\"https:\/\/ed-mb.si\/wp-content\/uploads\/zbor-7-scaled-600x400.jpg\" height=\"400\" width=\"600\" alt=\"\" class=\"slider-5288 slide-5302\" title=\"zbor-7\" \/><\/li>\n            <\/ul>\n        <\/div>\n        \n    <\/div>\n<\/div><\/div>\n<\/div>\n<\/div>\n\n\n\n<p class=\"has-text-align-center\"><em>foto:Gero Angleitner<\/em><\/p>\n","protected":false},"excerpt":{"rendered":"<p>&nbsp; &nbsp;Zbor \u010dlanov Elektrotehni\u0161kega dru\u0161tva Maribor, je potekal v sredo 26. februarja 2025 v upravni zgradbi Dravskih elektrarn Maribor. Odprtje zbora \u010dlanov Izvolitev delovnega predsedstva Strokovno predavanje Matja\u017e Miklav\u010di\u010d &#8211; Novi obra\u010dun omre\u017enine Imenovanje organov zbora: verifikacijske komisije zapisnikarja dveh overiteljev zapisnika Poro\u010dila: verifikacijske komisije predsednika blagajnika \u010dastnega razsodi\u0161\u010da inventurne komisije nadzornega odbora Razprava o [&hellip;]<\/p>\n","protected":false},"author":1,"featured_media":0,"parent":0,"menu_order":0,"comment_status":"closed","ping_status":"closed","template":"","meta":{"_monsterinsights_skip_tracking":false,"_monsterinsights_sitenote_active":false,"_monsterinsights_sitenote_note":"","_monsterinsights_sitenote_category":0,"ngg_post_thumbnail":0,"footnotes":""},"_links":{"self":[{"href":"https:\/\/ed-mb.si\/index.php?rest_route=\/wp\/v2\/pages\/1464"}],"collection":[{"href":"https:\/\/ed-mb.si\/index.php?rest_route=\/wp\/v2\/pages"}],"about":[{"href":"https:\/\/ed-mb.si\/index.php?rest_route=\/wp\/v2\/types\/page"}],"author":[{"embeddable":true,"href":"https:\/\/ed-mb.si\/index.php?rest_route=\/wp\/v2\/users\/1"}],"replies":[{"embeddable":true,"href":"https:\/\/ed-mb.si\/index.php?rest_route=%2Fwp%2Fv2%2Fcomments&post=1464"}],"version-history":[{"count":53,"href":"https:\/\/ed-mb.si\/index.php?rest_route=\/wp\/v2\/pages\/1464\/revisions"}],"predecessor-version":[{"id":5303,"href":"https:\/\/ed-mb.si\/index.php?rest_route=\/wp\/v2\/pages\/1464\/revisions\/5303"}],"wp:attachment":[{"href":"https:\/\/ed-mb.si\/index.php?rest_route=%2Fwp%2Fv2%2Fmedia&parent=1464"}],"curies":[{"name":"wp","href":"https:\/\/api.w.org\/{rel}","templated":true}]}}