{"id":163,"date":"2014-01-14T23:45:47","date_gmt":"2014-01-14T22:45:47","guid":{"rendered":"http:\/\/ed-mb.si\/?page_id=163"},"modified":"2026-01-28T11:55:52","modified_gmt":"2026-01-28T10:55:52","slug":"razstavljalci","status":"publish","type":"page","link":"https:\/\/ed-mb.si\/?page_id=163","title":{"rendered":"Razstavljalci 2026"},"content":{"rendered":"<div class=\"wp-block-image\">\n<figure class=\"aligncenter is-resized\"><img decoding=\"async\" loading=\"lazy\" width=\"900\" height=\"600\" src=\"http:\/\/ed-mb.si\/wp-content\/uploads\/2-akademija-900x600.jpg\" alt=\"\" class=\"wp-image-3733\" style=\"aspect-ratio:1.5;width:419px;height:auto\" srcset=\"https:\/\/ed-mb.si\/wp-content\/uploads\/2-akademija-900x600.jpg 900w, https:\/\/ed-mb.si\/wp-content\/uploads\/2-akademija-300x200.jpg 300w, https:\/\/ed-mb.si\/wp-content\/uploads\/2-akademija-768x512.jpg 768w, https:\/\/ed-mb.si\/wp-content\/uploads\/2-akademija-600x400.jpg 600w, https:\/\/ed-mb.si\/wp-content\/uploads\/2-akademija.jpg 1500w\" sizes=\"(max-width: 900px) 100vw, 900px\" \/><\/figure><\/div>\n\n<p>Vabimo vas na leto\u0161nje 44. Posvetovanje o mo\u010dnostni elektrotehniki in sodobnih elektri\u010dnih instalacijah &#8211; KOTNIKOVI DNEVI v Radencih, 26. in 27. marca 2026, kjer bodo avtorji podajali svoje referate, da sodelujete:<\/p>\n<p>Z REKLAMNIM OGLASOM va\u0161ih izdelkov, ki bo objavljen v \u00bbZBORNIKU POVZETKOV\u00ab referatov. Cena oglasa za stran A4 je 680,00 \u20ac + DV, za \u00bd A4 je 500,00\u20ac + DDV, razstavljavci imajo 50% popusta. Material za \u010drno beli ali barvni oglas nam prosimo dostavite najkasneje do 18<strong><u>.03.2026<\/u><\/strong>&nbsp;v elektronski obliki na na\u0161 naslov <a href=\"mailto:kotnikovidnevi@ed-mb.si\">kotnikovidnevi@ed-mb.si<\/a><\/p>\n<p>S PRIKAZOM va\u0161ih izdelkov (dejavnosti) &#8211; s predstavitvijo pred predavalnico za ceno 500,00 \u20ac&nbsp; + DDV v celotnem \u010dasu posvetovanja, pripada vam tudi z en izvod zbornika povzetkov referatov. Rok za prijavo je <strong><u>23.03.26<\/u>&nbsp;<\/strong>oziroma do popolnitve razpolo\u017eljivega prostora. &nbsp;<\/p>\n<p>\u010ce se za sodelovanje odlo\u010dite, nam prosimo vrnite izpolnjeno PRIJAVO. Prikaz proizvodnega programa je v \u010dasu posvetovanja.&nbsp;<\/p>\n<p>Z ostalimi podrobnostmi Vas lahko seznani:&nbsp;<br><span style=\"color: #800080;\"><strong>g. Aleksander Obrecht (tel. 041 672 508)<\/strong><\/span>.<\/p>\n<p style=\"text-align: center;\"><span style=\"color: #800080;\"><strong><i>prijavnica za razstavljalce:<a href=\"https:\/\/ed-mb.si\/prijavnice\/P R I J A V A 2025 razstavljalci.doc\" target=\"_blank\" rel=\"noopener\" data-wplink-url-error=\"true\" data-wplink-edit=\"true\"><img decoding=\"async\" loading=\"lazy\" class=\"aligncenter wp-image-356 size-full\" src=\"http:\/\/ed-mb.si\/wp-content\/uploads\/2014\/01\/ikona-Word.gif\" alt=\"\" width=\"40\" height=\"39\"><\/a><\/i><\/strong><\/span><span style=\"color: #800080;\"><strong><i><a href=\"http:\/\/www.ed-mb.si\/prijavnice\/P R I J A V A 2025 razstavljalci.pdf\" target=\"_blank\" rel=\"noopener noreferrer\" data-wplink-url-error=\"true\"><img decoding=\"async\" loading=\"lazy\" class=\"aligncenter wp-image-436 size-full\" src=\"http:\/\/ed-mb.si\/wp-content\/uploads\/2014\/01\/ikona1-Pdf.gif\" alt=\"\" width=\"40\" height=\"42\"><\/a>elektonska po\u0161ta:<br><a href=\"mailto:kotnikovidnevi@ed-mb.si\" target=\"_blank\" rel=\"noopener noreferrer\"><img decoding=\"async\" loading=\"lazy\" class=\"wp-image-763 size-full alignnone\" title=\"kotnikovi dnevi@ed-mb.si\" src=\"http:\/\/ed-mb.si\/wp-content\/uploads\/2014\/02\/posta1.jpg\" alt=\"\" width=\"45\" height=\"31\"><\/a><\/i><\/strong><\/span><!--more--><\/p>\n<p>&nbsp;<\/p>\n<p style=\"text-align: center;\">&nbsp;<\/p>\n\n\n<p><\/p>\n","protected":false},"excerpt":{"rendered":"<p>Vabimo vas na leto\u0161nje 44. Posvetovanje o mo\u010dnostni elektrotehniki in sodobnih elektri\u010dnih instalacijah &#8211; KOTNIKOVI DNEVI v Radencih, 26. in 27. marca 2026, kjer bodo avtorji podajali svoje referate, da sodelujete: Z REKLAMNIM OGLASOM va\u0161ih izdelkov, ki bo objavljen v \u00bbZBORNIKU POVZETKOV\u00ab referatov. Cena oglasa za stran A4 je 680,00 \u20ac + DV, za \u00bd [&hellip;]<\/p>\n","protected":false},"author":1,"featured_media":0,"parent":0,"menu_order":3,"comment_status":"closed","ping_status":"closed","template":"","meta":{"_monsterinsights_skip_tracking":false,"_monsterinsights_sitenote_active":false,"_monsterinsights_sitenote_note":"","_monsterinsights_sitenote_category":0,"ngg_post_thumbnail":0,"footnotes":""},"_links":{"self":[{"href":"https:\/\/ed-mb.si\/index.php?rest_route=\/wp\/v2\/pages\/163"}],"collection":[{"href":"https:\/\/ed-mb.si\/index.php?rest_route=\/wp\/v2\/pages"}],"about":[{"href":"https:\/\/ed-mb.si\/index.php?rest_route=\/wp\/v2\/types\/page"}],"author":[{"embeddable":true,"href":"https:\/\/ed-mb.si\/index.php?rest_route=\/wp\/v2\/users\/1"}],"replies":[{"embeddable":true,"href":"https:\/\/ed-mb.si\/index.php?rest_route=%2Fwp%2Fv2%2Fcomments&post=163"}],"version-history":[{"count":94,"href":"https:\/\/ed-mb.si\/index.php?rest_route=\/wp\/v2\/pages\/163\/revisions"}],"predecessor-version":[{"id":5538,"href":"https:\/\/ed-mb.si\/index.php?rest_route=\/wp\/v2\/pages\/163\/revisions\/5538"}],"wp:attachment":[{"href":"https:\/\/ed-mb.si\/index.php?rest_route=%2Fwp%2Fv2%2Fmedia&parent=163"}],"curies":[{"name":"wp","href":"https:\/\/api.w.org\/{rel}","templated":true}]}}