{"id":25,"date":"2014-01-07T18:35:40","date_gmt":"2014-01-07T17:35:40","guid":{"rendered":"http:\/\/ed-mb.si\/?page_id=25"},"modified":"2023-04-06T07:18:42","modified_gmt":"2023-04-06T06:18:42","slug":"druzabnosti","status":"publish","type":"page","link":"https:\/\/ed-mb.si\/?page_id=25","title":{"rendered":"Dru\u017eabnosti"},"content":{"rendered":"<p>&nbsp;<\/p>\n<p style=\"text-align: justify;\"><span style=\"color: #000080;\">\u010ceprav je elektrotehni\u0161ko dru\u0161tvo predvsem strokovno dru\u0161tvo, se vzporedno s strokovnostjo goji tudi dru\u017eabnost, kjer se \u010dlani dru\u0161tva tudi s svojimi dru\u017einami ob raznih prilo\u017enostih poveselijo in pokramljajo na skupnih prireditvah:<\/span><\/p>\n<ul>\n<li><span style=\"color: #000080;\">ZBOR \u010cLANOV,<\/span><\/li>\n<li style=\"text-align: justify;\"><span style=\"color: #000080;\">strokovno sre\u010danje slovenskih elektrotehnikov vklju\u010denih v EZS<\/span>.<\/li>\n<\/ul>\n<p>&nbsp;<\/p>\n\n<div class=\"wp-block-image\">\n<figure class=\"aligncenter size-large is-resized\"><img decoding=\"async\" loading=\"lazy\" src=\"http:\/\/ed-mb.si\/wp-content\/uploads\/zbor_2023-9-800x600.jpg\" alt=\"\" class=\"wp-image-4444\" width=\"524\" height=\"393\" srcset=\"https:\/\/ed-mb.si\/wp-content\/uploads\/zbor_2023-9-800x600.jpg 800w, https:\/\/ed-mb.si\/wp-content\/uploads\/zbor_2023-9-300x225.jpg 300w, https:\/\/ed-mb.si\/wp-content\/uploads\/zbor_2023-9-768x576.jpg 768w, https:\/\/ed-mb.si\/wp-content\/uploads\/zbor_2023-9-1536x1152.jpg 1536w, https:\/\/ed-mb.si\/wp-content\/uploads\/zbor_2023-9-2048x1536.jpg 2048w\" sizes=\"(max-width: 524px) 100vw, 524px\" \/><\/figure><\/div>","protected":false},"excerpt":{"rendered":"<p>&nbsp; \u010ceprav je elektrotehni\u0161ko dru\u0161tvo predvsem strokovno dru\u0161tvo, se vzporedno s strokovnostjo goji tudi dru\u017eabnost, kjer se \u010dlani dru\u0161tva tudi s svojimi dru\u017einami ob raznih prilo\u017enostih poveselijo in pokramljajo na skupnih prireditvah: ZBOR \u010cLANOV, strokovno sre\u010danje slovenskih elektrotehnikov vklju\u010denih v EZS. &nbsp;<\/p>\n","protected":false},"author":1,"featured_media":0,"parent":0,"menu_order":5,"comment_status":"closed","ping_status":"closed","template":"","meta":{"_monsterinsights_skip_tracking":false,"_monsterinsights_sitenote_active":false,"_monsterinsights_sitenote_note":"","_monsterinsights_sitenote_category":0,"ngg_post_thumbnail":0,"footnotes":""},"_links":{"self":[{"href":"https:\/\/ed-mb.si\/index.php?rest_route=\/wp\/v2\/pages\/25"}],"collection":[{"href":"https:\/\/ed-mb.si\/index.php?rest_route=\/wp\/v2\/pages"}],"about":[{"href":"https:\/\/ed-mb.si\/index.php?rest_route=\/wp\/v2\/types\/page"}],"author":[{"embeddable":true,"href":"https:\/\/ed-mb.si\/index.php?rest_route=\/wp\/v2\/users\/1"}],"replies":[{"embeddable":true,"href":"https:\/\/ed-mb.si\/index.php?rest_route=%2Fwp%2Fv2%2Fcomments&post=25"}],"version-history":[{"count":23,"href":"https:\/\/ed-mb.si\/index.php?rest_route=\/wp\/v2\/pages\/25\/revisions"}],"predecessor-version":[{"id":4599,"href":"https:\/\/ed-mb.si\/index.php?rest_route=\/wp\/v2\/pages\/25\/revisions\/4599"}],"wp:attachment":[{"href":"https:\/\/ed-mb.si\/index.php?rest_route=%2Fwp%2Fv2%2Fmedia&parent=25"}],"curies":[{"name":"wp","href":"https:\/\/api.w.org\/{rel}","templated":true}]}}