{"id":2761,"date":"2017-07-24T21:27:27","date_gmt":"2017-07-24T20:27:27","guid":{"rendered":"http:\/\/ed-mb.si\/?page_id=2761"},"modified":"2017-10-10T12:12:41","modified_gmt":"2017-10-10T11:12:41","slug":"ekskurzije-2017","status":"publish","type":"page","link":"https:\/\/ed-mb.si\/?page_id=2761","title":{"rendered":"Ekskurzije 2017"},"content":{"rendered":"<table border=\"1\" cellspacing=\"0\" cellpadding=\"0\">\n<tbody>\n<tr>\n<td valign=\"top\" width=\"604\"><span style=\"color: #ff0000;\"><strong>IZVEDENE EKSKURZIJE V LETU 2017<\/strong><\/span><\/td>\n<\/tr>\n<tr>\n<td style=\"text-align: center;\" valign=\"top\" width=\"604\">\n<p style=\"text-align: left;\"><span style=\"color: #008000;\"><strong><em>STROKOVNA EKSKURZIJA BERLINA EXPRES<br \/>\n<\/em><\/strong><span style=\"color: #0000ff;\">Tridnevni izlet\u00a0 po severnem delu Italije ter jugo-vzhodnem delu \u0160vice. \u0160vica je v vsakem letnem \u010dasu zelo priljubljen cilj svetovih potnikov, smu\u010darjev in pohodnikov. Izjemno lepa pokrajina, visoki gorski masivi, jezera in reke, slapovi in \u010dudovita stara mestna jedra. Vse to je \u0160vica. Njena raznolikost je njena odlika, vsaka dolina je svet zase, vsako jezero obkro\u017eajo druga\u010dne silhuete, vsaka gora je oblikovana po druga\u010dnem navdihu.<\/span><\/span><\/p>\n<p><span style=\"color: #008000;\"><span style=\"color: #0000ff;\"><span style=\"color: #333333;\"><div id=\"metaslider-id-2883\" style=\"max-width: 600px; margin: 0 auto;\" class=\"ml-slider-3-93-0 metaslider metaslider-nivo metaslider-2883 ml-slider ms-theme-nivo-bar has-dots-nav\" role=\"region\" aria-roledescription=\"Slideshow\" aria-label=\"Izlet \u0160vica, Italija\">\n    <div id=\"metaslider_container_2883\">\n        <div class='slider-wrapper theme-default'><div class='ribbon'><\/div><div id='metaslider_2883' class='nivoSlider'><img src=\"https:\/\/ed-mb.si\/wp-content\/uploads\/slika-09-1-600x400.jpg\" height=\"400\" width=\"600\" data-caption=\"Izlet &Scaron;vica, Italija\" alt=\"\" class=\"slider-2883 slide-2894\" \/><img src=\"https:\/\/ed-mb.si\/wp-content\/uploads\/slika-04-1-600x400.jpg\" height=\"400\" width=\"600\" data-caption=\"Izlet &Scaron;vica, Italija\" alt=\"\" class=\"slider-2883 slide-2899\" \/><img src=\"https:\/\/ed-mb.si\/wp-content\/uploads\/slika-17-1-600x400.jpg\" height=\"400\" width=\"600\" data-caption=\"Izlet &Scaron;vica, Italija\" alt=\"\" class=\"slider-2883 slide-2886\" \/><img src=\"https:\/\/ed-mb.si\/wp-content\/uploads\/slika-14-1-600x400.jpg\" height=\"400\" width=\"600\" data-caption=\"Izlet &Scaron;vica, Italija\" alt=\"\" class=\"slider-2883 slide-2889\" \/><img src=\"https:\/\/ed-mb.si\/wp-content\/uploads\/slika-08-1-600x400.jpg\" height=\"400\" width=\"600\" data-caption=\"Izlet &Scaron;vica, Italija\" alt=\"\" class=\"slider-2883 slide-2895\" \/><img src=\"https:\/\/ed-mb.si\/wp-content\/uploads\/slika-11-1-600x400.jpg\" height=\"400\" width=\"600\" data-caption=\"Izlet &Scaron;vica, Italija\" alt=\"\" class=\"slider-2883 slide-2892\" \/><img src=\"https:\/\/ed-mb.si\/wp-content\/uploads\/slika-13-1-600x400.jpg\" height=\"400\" width=\"600\" data-caption=\"Izlet &Scaron;vica, Italija\" alt=\"\" class=\"slider-2883 slide-2890\" \/><img src=\"https:\/\/ed-mb.si\/wp-content\/uploads\/slika-03-1-600x400.jpg\" height=\"400\" width=\"600\" data-caption=\"Izlet &Scaron;vica, Italija\" alt=\"\" class=\"slider-2883 slide-2900\" \/><img src=\"https:\/\/ed-mb.si\/wp-content\/uploads\/slika-05-1-600x400.jpg\" height=\"400\" width=\"600\" data-caption=\"Izlet &Scaron;vica, Italija\" alt=\"\" class=\"slider-2883 slide-2898\" \/><img src=\"https:\/\/ed-mb.si\/wp-content\/uploads\/slika-10-1-600x400.jpg\" height=\"400\" width=\"600\" data-caption=\"Izlet &Scaron;vica, Italija\" alt=\"\" class=\"slider-2883 slide-2893\" \/><img src=\"https:\/\/ed-mb.si\/wp-content\/uploads\/slika-16-1-600x400.jpg\" height=\"400\" width=\"600\" data-caption=\"Izlet &Scaron;vica, Italija\" alt=\"\" class=\"slider-2883 slide-2887\" \/><img src=\"https:\/\/ed-mb.si\/wp-content\/uploads\/slika-07-1-600x400.jpg\" height=\"400\" width=\"600\" data-caption=\"Izlet &Scaron;vica, Italija\" alt=\"\" class=\"slider-2883 slide-2896\" \/><img src=\"https:\/\/ed-mb.si\/wp-content\/uploads\/slika-06-1-600x400.jpg\" height=\"400\" width=\"600\" data-caption=\"Izlet &Scaron;vica, Italija\" alt=\"\" class=\"slider-2883 slide-2897\" \/><img src=\"https:\/\/ed-mb.si\/wp-content\/uploads\/slika-12-1-600x400.jpg\" height=\"400\" width=\"600\" data-caption=\"Izlet &Scaron;vica, Italija\" alt=\"\" class=\"slider-2883 slide-2891\" \/><img src=\"https:\/\/ed-mb.si\/wp-content\/uploads\/slika-18-1-600x400.jpg\" height=\"400\" width=\"600\" data-caption=\"Izlet &Scaron;vica, Italija\" alt=\"\" class=\"slider-2883 slide-2885\" \/><img src=\"https:\/\/ed-mb.si\/wp-content\/uploads\/slika-02-1-600x400.jpg\" height=\"400\" width=\"600\" data-caption=\"Izlet &Scaron;vica, Italija\" alt=\"\" class=\"slider-2883 slide-2901\" \/><img src=\"https:\/\/ed-mb.si\/wp-content\/uploads\/slika-01-1-600x400.jpg\" height=\"400\" width=\"600\" data-caption=\"Izlet &Scaron;vica, Italija\" alt=\"\" class=\"slider-2883 slide-2902\" \/><img src=\"https:\/\/ed-mb.si\/wp-content\/uploads\/slika-15-1-600x400.jpg\" height=\"400\" width=\"600\" data-caption=\"Izlet &Scaron;vica, Italija\" alt=\"\" class=\"slider-2883 slide-2888\" \/><\/div><\/div>\n        \n    <\/div>\n<\/div><\/span><br style=\"color: #333333;\" \/><em style=\"font-family: inherit; font-size: inherit; color: #333333;\">foto:Gero Angleitner<\/em><\/span><\/span><\/td>\n<\/tr>\n<tr>\n<td style=\"text-align: justify;\" valign=\"top\" width=\"604\"><span style=\"color: #008000;\"><strong><em><br \/>\n<\/em><\/strong><\/span><\/td>\n<\/tr>\n<tr>\n<td style=\"text-align: center;\" valign=\"top\" width=\"604\">\n<p style=\"text-align: left;\"><span style=\"color: #800080;\"><strong><em>VULKANSKA DE\u017dELA<br \/>\n<\/em><\/strong><\/span><span style=\"color: #800080;\">Vulkanska de\u017eela je inovativna turisti\u010dna destinacija, ki je do leta 1994 veljala kot najmanj razvito in brezperspektivno podro\u010dje v Avstriji. Njena najve\u010dja naravna znamenitost so ostanki 40 ugaslih vulkanov, kjer se danes med drugim nahaja 26 vrelcev termalne, mineralne in zdravilne vode. Z enotno blagovno znamko \u00bbSteirisches Vulkanland\u00ab se je de\u017eela do danes razvila v prepoznavno turisti\u010dno regijo Evrope, kjer igrata tradicionalna kulinarika , obrt in turizem pomembno vlogo<\/span>.<\/p>\n<p><!-- MetaSlider 2718 not found --><br \/>\n<em>foto:Gero Angleitner<\/em><\/td>\n<\/tr>\n<tr>\n<td valign=\"top\" width=\"604\"><span style=\"color: #0000ff;\"><strong><strong>\u00a0<\/strong><\/strong><\/span><\/td>\n<\/tr>\n<tr>\n<td valign=\"top\" width=\"604\"><span style=\"color: #339966;\"><em><strong>PANONIJA, BA\u010cKA IN SLAVONIJA<br \/>\n<\/strong><\/em><\/span><span style=\"color: #993300;\">Kaposv\u00e1ra &#8211; mesto slikarjev. Ogled zanimive \u02baHi\u0161e znanosti in tehnike v Kaposv\u00e1rju\u02ba, sledi Kaposm\u00e9r\u0151ja, kjer nam je Lajos Kassai, ve\u010dkratni svetovni prvak in Guinnessov rekorder na svojem posestvu predstavil \u0161portno panogo lokostrelstvo na konju ter nas seznani s starimi mad\u017earskimi bojnimi ve\u0161\u010dinami. Sledi tradicionalna mad\u017earska malica, nato vo\u017enja mimo Szeksz\u00e1rda ali \u00bbMesta rde\u010dega vina\u00ab, kot ga \u0161e imenujejo, do bli\u017enjega Si\u00f3ag\u00e1rda, mesteca, ki je dale\u010d okrog znano po negovanju starih ljudskih obi\u010dajev in redkih narodnih no\u0161ah. Med sprehodom po vasi s 300 kletmi se bomo ustavili tudi pri \u00bbkraljevem glavnem kuharju\u00ab, ki je pravi mojster v pripravljanju jedi po srednjeve\u0161kih receptih<\/span><span style=\"color: #993300;\">S \u00bbskelo\u00absmo , pre\u010dkali Donavo in se odpeljali do mesta Sombor, ki velja za najbolj opevano mesto v biv\u0161i skupni dr\u017eavi. Verjetno ste tudi sami kdaj u\u017eivali v zvokih prekrasnih starogradskih melodij, kot so: &#8220;Fijaker stari, ulicama luta\u2026, U tem Somboru&#8230;&#8221;.\u00a0 Najprej smo si z lokalnim vodnikom\u00a0 ogledali mestno hi\u0161o oz. \u017eupanijo, kjer nas v preddverju preseneti topografska slika \u00bbSombor v o\u010deh ptice\u00ab, ter znamenitost mesta &#8211; najve\u010dje olje na platnu v biv\u0161i dr\u017eavi \u00bbBitka pri Senti\u00ab, dimenzij 7x4m, iz leta 1898, nato pa boste sli\u0161ali po \u010dem vse je Sombor \u00a0naj, naj.., najbolj znan na svetu. Nadaljevanje do Subotice. Mesto velja za novej\u0161e, status samostojnega pa je dobilo leta 1794 pod imenom Sv. Marija. \u017de leta 1854 je Subotica imela gledali\u0161\u010de, eno prvih na podro\u010dju Avstro-Ogrske monarhije. Sprehodili smo se po mestnem sredi\u0161\u010du, se ustavili pri knji\u017enici, katedrali, pravoslavni cerkvi in sinagogi, ogled pa smo zaklju\u010dili pri mestni hi\u0161i in dveh fontanah, &#8220;zeleni in modri&#8221;, ki krasita mestno jedro. Nekaj prostega \u010dasa za samostojne oglede in osve\u017eitev, nato je sledil sprehod skozi lepo urejen park ob jezeru do zanimivega \u00bbsala\u0161a\u00ab, ki je prav tako posebnost tega kraja.<\/span><\/p>\n<p><span style=\"color: #993300;\">Obisk Zobnatica, iz leta 1882, danes najve\u010dje kobilarne v dr\u017eavi. Ogled posestva (vo\u017enja s ko\u010dijami) ter osve\u017eitev v tamkaj\u0161nji vinski kleti. Vo\u017enja do kraja Tele\u010dka, katerega zanimivost je prvi privatni muzej tobaka v Srbiji.. Nadaljevali smo do mejnega mesta Batina. Sprehod do spomenika posve\u010denega \u00a0Batinski bitki iz leta 1944, na vzpetini nad mestom, od koder je zelo lep razgled na Ba\u010dko. Vo\u017enja do mesta Beli Manastir.<\/span><\/p>\n<p><span style=\"color: #993300;\">Vo\u017enja do Kutjeva, mesteca ki slovi po skoraj osemsto let dolgi tradiciji vinogradni\u0161tva in pridelavi kakovostnih sort vina, izmed katerih je najbolj znana kutjeva\u010dka gra\u0161evina. Sledil je voden ogled in degustacija. Nadaljevali smo do Po\u017eege, kjer smo naredili postanek za kraj\u0161i ogled mesta. Po\u017eega se v pisnih virih prvi\u010d omenja davnega leta 1227, pomembno vlogo pa je imela tako v srednjem veku, kot tudi v novej\u0161i zgodovini Slavonije. Sprehod do baro\u010dnega trga Sv. Trojice, kjer se nahaja istoimenski spomenik (ku\u017eno znamenje iz leta 1749), cerkev Sv. Lovre, ki jo krasijo freske iz 14.stoletja, \u00a0prva gimnazija v tem kraju iz leta 1726 ter ena od najstarej\u0161ih in najlep\u0161ih baro\u010dnih stavb v mestu &#8211; Mestni muzej, ki v razli\u010dnih zbirkah hrani zavidljivih 30.000 eksponatov.<\/span><\/p>\n<p style=\"text-align: center;\"><em style=\"text-align: center; font-family: inherit; font-size: inherit;\"><!-- MetaSlider 2757 not found --><br \/>\n<\/em><em>foto:Gero Angleitner<\/em><\/p>\n<\/td>\n<\/tr>\n<\/tbody>\n<\/table>\n","protected":false},"excerpt":{"rendered":"<p>IZVEDENE EKSKURZIJE V LETU 2017 STROKOVNA EKSKURZIJA BERLINA EXPRES Tridnevni izlet\u00a0 po severnem delu Italije ter jugo-vzhodnem delu \u0160vice. \u0160vica je v vsakem letnem \u010dasu zelo priljubljen cilj svetovih potnikov, smu\u010darjev in pohodnikov. Izjemno lepa pokrajina, visoki gorski masivi, jezera in reke, slapovi in \u010dudovita stara mestna jedra. Vse to je \u0160vica. Njena raznolikost je [&hellip;]<\/p>\n","protected":false},"author":1,"featured_media":0,"parent":0,"menu_order":0,"comment_status":"closed","ping_status":"closed","template":"","meta":{"_monsterinsights_skip_tracking":false,"_monsterinsights_sitenote_active":false,"_monsterinsights_sitenote_note":"","_monsterinsights_sitenote_category":0,"ngg_post_thumbnail":0,"footnotes":""},"_links":{"self":[{"href":"https:\/\/ed-mb.si\/index.php?rest_route=\/wp\/v2\/pages\/2761"}],"collection":[{"href":"https:\/\/ed-mb.si\/index.php?rest_route=\/wp\/v2\/pages"}],"about":[{"href":"https:\/\/ed-mb.si\/index.php?rest_route=\/wp\/v2\/types\/page"}],"author":[{"embeddable":true,"href":"https:\/\/ed-mb.si\/index.php?rest_route=\/wp\/v2\/users\/1"}],"replies":[{"embeddable":true,"href":"https:\/\/ed-mb.si\/index.php?rest_route=%2Fwp%2Fv2%2Fcomments&post=2761"}],"version-history":[{"count":44,"href":"https:\/\/ed-mb.si\/index.php?rest_route=\/wp\/v2\/pages\/2761\/revisions"}],"predecessor-version":[{"id":2913,"href":"https:\/\/ed-mb.si\/index.php?rest_route=\/wp\/v2\/pages\/2761\/revisions\/2913"}],"wp:attachment":[{"href":"https:\/\/ed-mb.si\/index.php?rest_route=%2Fwp%2Fv2%2Fmedia&parent=2761"}],"curies":[{"name":"wp","href":"https:\/\/api.w.org\/{rel}","templated":true}]}}