{"id":29,"date":"2014-01-07T18:37:13","date_gmt":"2014-01-07T17:37:13","guid":{"rendered":"http:\/\/ed-mb.si\/?page_id=29"},"modified":"2025-11-17T17:22:13","modified_gmt":"2025-11-17T16:22:13","slug":"povzetki-posvetovanj","status":"publish","type":"page","link":"https:\/\/ed-mb.si\/?page_id=29","title":{"rendered":"Povzetki  2003-2025"},"content":{"rendered":"<p style=\"text-align: center;\">&nbsp;<a href=\"http:\/\/ed-mb.si\/wp-content\/uploads\/2014\/01\/posvet-011.jpg\"><img decoding=\"async\" loading=\"lazy\" class=\"size-medium wp-image-118 alignnone\" title=\"posvet-01\" src=\"http:\/\/ed-mb.si\/wp-content\/uploads\/2014\/01\/posvet-011-300x225.jpg\" alt=\"\" width=\"300\" height=\"225\" srcset=\"https:\/\/ed-mb.si\/wp-content\/uploads\/2014\/01\/posvet-011-300x225.jpg 300w, https:\/\/ed-mb.si\/wp-content\/uploads\/2014\/01\/posvet-011.jpg 800w\" sizes=\"(max-width: 300px) 100vw, 300px\" \/><\/a><\/p>\n<p><a href=\"http:\/\/ed-mb.si\/kd\/index.html\" target=\"_blank\" rel=\"noopener noreferrer\">povzetki referatov posvetovanj od 2003 do 2013<\/a><\/p>\n<p><span style=\"color: #0000ff;\"><a style=\"color: #0000ff;\" href=\"http:\/\/ed-mb.si\/povzetki\/povzetki 2014.pdf\" target=\"_blank\" rel=\"noopener noreferrer\" data-wplink-url-error=\"true\">Povzetki referatov 35. posvetovanja &#8211; 2014<\/a><\/span><br \/>\n<span style=\"color: #0000ff;\"><a style=\"color: #0000ff;\" href=\"http:\/\/ed-mb.si\/?page_id=1153\">Poro\u010dilo 35. posvetovanja<\/a><\/span><\/p>\n<p><a href=\"http:\/\/ed-mb.si\/povzetki\/POVZETKI  KD_2015.pdf\" target=\"_blank\" rel=\"noopener noreferrer\" data-wplink-url-error=\"true\">Povzetki referatov 36. posvetovanja &#8211; 2015<\/a><br \/>\n<a href=\"http:\/\/ed-mb.si\/?page_id=2322\">Poro\u010dilo 36. posvetovanja<\/a><\/p>\n<p><span style=\"color: #003300;\"><a style=\"color: #003300;\" href=\"http:\/\/ed-mb.si\/povzetki\/Povzetki_ 2016.pdf\" target=\"_blank\" rel=\"noopener noreferrer\" data-wplink-url-error=\"true\">Povzetki referatov 37. posvetovanja &#8211; 2016<\/a><\/span><br \/>\n<span style=\"color: #003300;\"><a style=\"color: #003300;\" href=\"http:\/\/ed-mb.si\/?page_id=2509\">Poro\u010dilo 37. posvetovanja<\/a><\/span><\/p>\n<p><span style=\"color: #800080;\"><a style=\"color: #800080;\" href=\"http:\/\/ed-mb.si\/povzetki\/povzetki 2017.pdf\" target=\"_blank\" rel=\"noopener noreferrer\" data-wplink-url-error=\"true\">Povzetki referatov 38. posvetovanja &#8211; 2017<\/a><\/span><br \/>\n<span style=\"color: #800080;\"><a style=\"color: #800080;\" href=\"http:\/\/ed-mb.si\/?page_id=2921\">Poro\u010dilo 38. posvetovanja<\/a><\/span><\/p>\n<p><span style=\"color: #993300;\"><a style=\"color: #993300;\" href=\"http:\/\/ed-mb.si\/povzetki\/povzetki 2018.pdf\" target=\"_blank\" rel=\"noopener noreferrer\" data-wplink-url-error=\"true\">Povzetki referatov 39. posvetovanja &#8211; 2018<\/a><\/span><br \/>\n<span style=\"color: #993300;\"><a style=\"color: #993300;\" href=\"http:\/\/ed-mb.si\/?page_id=3374\">Poro\u010dilo 39. posvetovanja<\/a><\/span><\/p>\n<p><span style=\"color: #333333;\"><a style=\"color: #333333;\" href=\"http:\/\/ed-mb.si\/?page_id=3520\">Povzetki referatov 40. posvetovanja &#8211; 2019<\/a><\/span><br \/>\n<span style=\"color: #333333;\"><a style=\"color: #333333;\" href=\"http:\/\/ed-mb.si\/?page_id=15\">Poro\u010dilo 40. posvetovanja<\/a><\/span><\/p>\n<p><span style=\"color: #333333;\"><a style=\"color: #333333;\" href=\"http:\/\/ed-mb.si\/?page_id=3520\">Povzetki referatov 41. posvetovanja &#8211; 2023<\/a><\/span><\/p>\n<p><a href=\"http:\/\/ed-mb.si\/?page_id=4871\" target=\"_blank\" rel=\"noopener\">Povzetki referatov 42. posvetovanja &#8211; 2024&nbsp;<\/a><\/p>\n<p><a href=\"http:\/\/ed-mb.si\/?page_id=5210\" target=\"_blank\" rel=\"noopener\">Povzetki referatov 43. posvetovanja &#8211; 2025<\/a><\/p>\n<p>&nbsp;<\/p>\n","protected":false},"excerpt":{"rendered":"<p>&nbsp; povzetki referatov posvetovanj od 2003 do 2013 Povzetki referatov 35. posvetovanja &#8211; 2014 Poro\u010dilo 35. posvetovanja Povzetki referatov 36. posvetovanja &#8211; 2015 Poro\u010dilo 36. posvetovanja Povzetki referatov 37. posvetovanja &#8211; 2016 Poro\u010dilo 37. posvetovanja Povzetki referatov 38. posvetovanja &#8211; 2017 Poro\u010dilo 38. posvetovanja Povzetki referatov 39. posvetovanja &#8211; 2018 Poro\u010dilo 39. posvetovanja Povzetki referatov [&hellip;]<\/p>\n","protected":false},"author":1,"featured_media":0,"parent":0,"menu_order":3,"comment_status":"closed","ping_status":"closed","template":"","meta":{"_monsterinsights_skip_tracking":false,"_monsterinsights_sitenote_active":false,"_monsterinsights_sitenote_note":"","_monsterinsights_sitenote_category":0,"ngg_post_thumbnail":0,"footnotes":""},"_links":{"self":[{"href":"https:\/\/ed-mb.si\/index.php?rest_route=\/wp\/v2\/pages\/29"}],"collection":[{"href":"https:\/\/ed-mb.si\/index.php?rest_route=\/wp\/v2\/pages"}],"about":[{"href":"https:\/\/ed-mb.si\/index.php?rest_route=\/wp\/v2\/types\/page"}],"author":[{"embeddable":true,"href":"https:\/\/ed-mb.si\/index.php?rest_route=\/wp\/v2\/users\/1"}],"replies":[{"embeddable":true,"href":"https:\/\/ed-mb.si\/index.php?rest_route=%2Fwp%2Fv2%2Fcomments&post=29"}],"version-history":[{"count":78,"href":"https:\/\/ed-mb.si\/index.php?rest_route=\/wp\/v2\/pages\/29\/revisions"}],"predecessor-version":[{"id":5486,"href":"https:\/\/ed-mb.si\/index.php?rest_route=\/wp\/v2\/pages\/29\/revisions\/5486"}],"wp:attachment":[{"href":"https:\/\/ed-mb.si\/index.php?rest_route=%2Fwp%2Fv2%2Fmedia&parent=29"}],"curies":[{"name":"wp","href":"https:\/\/api.w.org\/{rel}","templated":true}]}}