{"id":3072,"date":"2018-04-09T22:54:07","date_gmt":"2018-04-09T21:54:07","guid":{"rendered":"http:\/\/ed-mb.si\/?page_id=3072"},"modified":"2018-12-13T15:29:48","modified_gmt":"2018-12-13T14:29:48","slug":"ekskurzije-2018","status":"publish","type":"page","link":"https:\/\/ed-mb.si\/?page_id=3072","title":{"rendered":"Ekskurzije 2018"},"content":{"rendered":"<p><span style=\"color: #0000ff;\"><strong>1. STROKOVNA EKSKURZIJA &#8211; Pi\u0161ece, HE Bre\u017eice<\/strong><\/span><\/p>\n<ul>\n<li>ogled fotovoltai\u010dne elektrarne v Pi\u0161ecah<\/li>\n<li>ogled gradu Pi\u0161ece z zaklju\u010dno skromno zakusko<\/li>\n<li>ogled HE Bre\u017eice<\/li>\n<li>kosilo v restavraciji \u0160tefani\u010d v Bre\u017eicah<\/li>\n<li>ogled Kerinove Hi\u0161e frankinje na Stra\u017ei pri Kr\u0161kem s poku\u0161njo vin<\/li>\n<\/ul>\n<p style=\"text-align: center;\"><div id=\"metaslider-id-3024\" style=\"max-width: 600px; margin: 0 auto;\" class=\"ml-slider-3-93-0 metaslider metaslider-nivo metaslider-3024 ml-slider ms-theme-nivo-bar has-dots-nav\" role=\"region\" aria-roledescription=\"Slideshow\" aria-label=\"Pi\u0161ece\">\n    <div id=\"metaslider_container_3024\">\n        <div class='slider-wrapper theme-default'><div class='ribbon'><\/div><div id='metaslider_3024' class='nivoSlider'><img src=\"https:\/\/ed-mb.si\/wp-content\/uploads\/slika_17-600x400.jpg\" height=\"400\" width=\"600\" title=\"slika_17\" alt=\"\" class=\"slider-3024 slide-3189\" \/><img src=\"https:\/\/ed-mb.si\/wp-content\/uploads\/slika_07-600x400.jpg\" height=\"400\" width=\"600\" title=\"slika_07\" alt=\"\" class=\"slider-3024 slide-3199\" \/><img src=\"https:\/\/ed-mb.si\/wp-content\/uploads\/slika_02-600x400.jpg\" height=\"400\" width=\"600\" title=\"slika_02\" alt=\"\" class=\"slider-3024 slide-3204\" \/><img src=\"https:\/\/ed-mb.si\/wp-content\/uploads\/prenos-252x168.jpg\" height=\"400\" width=\"600\" title=\"prenos\" alt=\"\" class=\"slider-3024 slide-3207\" \/><img src=\"https:\/\/ed-mb.si\/wp-content\/uploads\/slika_15-600x400.jpg\" height=\"400\" width=\"600\" title=\"slika_15\" alt=\"\" class=\"slider-3024 slide-3191\" \/><img src=\"https:\/\/ed-mb.si\/wp-content\/uploads\/slika_04-600x400.jpg\" height=\"400\" width=\"600\" title=\"slika_04\" alt=\"\" class=\"slider-3024 slide-3202\" \/><img src=\"https:\/\/ed-mb.si\/wp-content\/uploads\/slika_23-600x400.jpg\" height=\"400\" width=\"600\" title=\"slika_23\" alt=\"\" class=\"slider-3024 slide-3183\" \/><img src=\"https:\/\/ed-mb.si\/wp-content\/uploads\/slika_22-600x400.jpg\" height=\"400\" width=\"600\" title=\"slika_22\" alt=\"\" class=\"slider-3024 slide-3184\" \/><img src=\"https:\/\/ed-mb.si\/wp-content\/uploads\/slika_06-600x400.jpg\" height=\"400\" width=\"600\" title=\"slika_06\" alt=\"\" class=\"slider-3024 slide-3200\" \/><img src=\"https:\/\/ed-mb.si\/wp-content\/uploads\/slika_28-600x400.jpg\" height=\"400\" width=\"600\" title=\"slika_28\" alt=\"\" class=\"slider-3024 slide-3178\" \/><img src=\"https:\/\/ed-mb.si\/wp-content\/uploads\/slika_29-600x400.jpg\" height=\"400\" width=\"600\" title=\"slika_29\" alt=\"\" class=\"slider-3024 slide-3177\" \/><img src=\"https:\/\/ed-mb.si\/wp-content\/uploads\/slika_14-600x400.jpg\" height=\"400\" width=\"600\" title=\"slika_14\" alt=\"\" class=\"slider-3024 slide-3192\" \/><img src=\"https:\/\/ed-mb.si\/wp-content\/uploads\/slika_08-600x400.jpg\" height=\"400\" width=\"600\" title=\"slika_08\" alt=\"\" class=\"slider-3024 slide-3198\" \/><img src=\"https:\/\/ed-mb.si\/wp-content\/uploads\/slika_09-600x400.jpg\" height=\"400\" width=\"600\" title=\"slika_09\" alt=\"\" class=\"slider-3024 slide-3197\" \/><img src=\"https:\/\/ed-mb.si\/wp-content\/uploads\/galerija78-460-600x400.jpg\" height=\"400\" width=\"600\" title=\"galerija78-460\" alt=\"\" class=\"slider-3024 slide-3206\" \/><img src=\"https:\/\/ed-mb.si\/wp-content\/uploads\/slika_05-600x400.jpg\" height=\"400\" width=\"600\" title=\"slika_05\" alt=\"\" class=\"slider-3024 slide-3201\" \/><img src=\"https:\/\/ed-mb.si\/wp-content\/uploads\/slika_03-600x400.jpg\" height=\"400\" width=\"600\" title=\"slika_03\" alt=\"\" class=\"slider-3024 slide-3203\" \/><img src=\"https:\/\/ed-mb.si\/wp-content\/uploads\/slika_27-600x400.jpg\" height=\"400\" width=\"600\" title=\"slika_27\" alt=\"\" class=\"slider-3024 slide-3179\" \/><img src=\"https:\/\/ed-mb.si\/wp-content\/uploads\/slika_18-600x400.jpg\" height=\"400\" width=\"600\" title=\"slika_18\" alt=\"\" class=\"slider-3024 slide-3188\" \/><img src=\"https:\/\/ed-mb.si\/wp-content\/uploads\/slika_24-600x400.jpg\" height=\"400\" width=\"600\" title=\"slika_24\" alt=\"\" class=\"slider-3024 slide-3182\" \/><img src=\"https:\/\/ed-mb.si\/wp-content\/uploads\/slika_11-600x400.jpg\" height=\"400\" width=\"600\" title=\"slika_11\" alt=\"\" class=\"slider-3024 slide-3195\" \/><img src=\"https:\/\/ed-mb.si\/wp-content\/uploads\/slika_01-600x400.jpg\" height=\"400\" width=\"600\" title=\"slika_01\" alt=\"\" class=\"slider-3024 slide-3205\" \/><img src=\"https:\/\/ed-mb.si\/wp-content\/uploads\/slika_21-600x400.jpg\" height=\"400\" width=\"600\" title=\"slika_21\" alt=\"\" class=\"slider-3024 slide-3185\" \/><img src=\"https:\/\/ed-mb.si\/wp-content\/uploads\/slika_12-600x400.jpg\" height=\"400\" width=\"600\" title=\"slika_12\" alt=\"\" class=\"slider-3024 slide-3194\" \/><img src=\"https:\/\/ed-mb.si\/wp-content\/uploads\/slika_25-600x400.jpg\" height=\"400\" width=\"600\" title=\"slika_25\" alt=\"\" class=\"slider-3024 slide-3181\" \/><img src=\"https:\/\/ed-mb.si\/wp-content\/uploads\/slika_10-600x400.jpg\" height=\"400\" width=\"600\" title=\"slika_10\" alt=\"\" class=\"slider-3024 slide-3196\" \/><img src=\"https:\/\/ed-mb.si\/wp-content\/uploads\/slika_19-600x400.jpg\" height=\"400\" width=\"600\" title=\"slika_19\" alt=\"\" class=\"slider-3024 slide-3187\" \/><img src=\"https:\/\/ed-mb.si\/wp-content\/uploads\/slika_20-600x400.jpg\" height=\"400\" width=\"600\" title=\"slika_20\" alt=\"\" class=\"slider-3024 slide-3186\" \/><img src=\"https:\/\/ed-mb.si\/wp-content\/uploads\/slika_13-600x400.jpg\" height=\"400\" width=\"600\" title=\"slika_13\" alt=\"\" class=\"slider-3024 slide-3193\" \/><img src=\"https:\/\/ed-mb.si\/wp-content\/uploads\/slika_16-600x400.jpg\" height=\"400\" width=\"600\" title=\"slika_16\" alt=\"\" class=\"slider-3024 slide-3190\" \/><img src=\"https:\/\/ed-mb.si\/wp-content\/uploads\/slika_26-600x400.jpg\" height=\"400\" width=\"600\" title=\"slika_26\" alt=\"\" class=\"slider-3024 slide-3180\" \/><\/div><\/div>\n        \n    <\/div>\n<\/div><\/p>\n<p style=\"text-align: center;\"><em>foto: Gero Angleitne<\/em>r<\/p>\n<p><strong><span style=\"color: #339966;\">2. STROKOVNA EKSKURZIJA &#8211; Ju\u017ena Tirolska<\/span><\/strong><\/p>\n<p>elektrarna Reissek &#8211; Toblach &#8211; Dolomiti &#8211; pogorje Renon &#8211; Kaltern &#8211; Trento &#8211; Bassano, 18. &#8211; 20. maj 2018<\/p>\n<p><strong>1. dan: MARIBOR &#8211; REISSECK (ogled elektrarne) &#8211; TOBLACH &#8211; CORTINA &#8211; COLLALBO<\/strong><br>Vo\u017enja mimo \u0160pitala ob Dravi do kraja Reissek, kjer je bil ogled elektrarne ). Nadaljevanje vo\u017enje \u010dez mejo v Italijo do izvira reke Drave na Tobla\u0161kem polju. Po kratkem postanku smo nadaljevali prek prelaza Tre Croci in po zaviti gorski cesti do znanega zimsko \u0161portnega sredi\u0161\u010da Cortina d&#8217;Ampezzo. Kratek sprehod po mestu in skupno kosilo. Podali smo se na vo\u017enjo po veliki panoramski dolomitski cesti, ki preko prelazov, grebenov in serpentin povezuje Cortino z Bolzanom. Nagrajenismo bili z izjemnimi pogledi na Dolomite, ki upravi\u010deno nosijo naziv najbolj slikovitega gorovja v Evropi. Zve\u010der prihod v hotel nad Bolzanom (pogorje Renon), v vasi Collalbo.&nbsp;<\/p>\n<p><strong>2. dan: COLLALBO &#8211; pogorje RENON &#8211; KALTERN\u0160KO JEZERO &#8211; COLLALBO<\/strong><br>Dopoldan smo pre\u017eiveli na pogorju Renon, ki ga imenujejo tudi \u00bbson\u010dni plato nad Bolzanom\u00ab. Pogorje se je razvilo v resort, kjer so bogati me\u0161\u010dani Bolzana pre\u017eivljali poletja. Sprehodili smo se do naravne znamenitosti t.i. \u00bbRenonskih zemeljskih piramid\u00ab, ki veljajo za najvi\u0161je in najbolj slikovite v Evropi. So rezultat delovanja ledenikov in erozije. Nato smo se vkrcali na zgodovinski vlakec, ki vozi po ozkotirni \u017eeleznici. Nekdaj je povezoval Renonsko pogorje z Bolzanom, danes vozi samo \u0161e na \u00bbplatoju\u00ab. Ustavili smo se pri 600 let stari \u010debelarski kmetiji, kjer so nam v muzeju predstavili njihovo dejavnost, izdelke (proizvajajo 50 vrst medu) pa smo lahko tudi degustirali. Iz kraja Soprabolzano smo se z gondolo spustili do vzno\u017eja pogorja, do kraja Bolzano, nato pa nadaljevali vo\u017enjo z avtobusom v vinorodno podro\u010dje Kaltern.<br>Ustavili smo se na eni izmed vinogradni\u0161kih kmetij ob hladnem narezku degustirali lokalna vina. Nato smo se podali do najtoplej\u0161ega jezera v Alpah, Kaltern\u0161kega jezera. U\u017eivali smo ob pogledu na razgibano okolico, ki jo je zaradi ugodne klime, naravnih lepot ter prelepih pogledov \u017ee pred ve\u010d kot 100 leti odkrila evropska elitna dru\u017eba; tako sta na primer tukaj prosti \u010das pre\u017eivljala avstrijski cesar Franz Jo\u017eef I. ter njegova \u017eena Elisabetha (Sissi), pa tudi pisatelj Karl May, indijski aktivist Mahatma Gandi in ter Nobelov nagrajenec Wilhelm C. Rontgen.&nbsp;<\/p>\n<p><strong>3. dan: COLLALBO &#8211; TRENTO &#8211; BASSANO DEL GRAPPA &#8211; MARIBOR<\/strong><br>Vra\u010damo se v dolino in&nbsp; se zapeljali do regionalnega sredi\u0161\u010da Trenta, ki le\u017ei v dolini reke Adi\u017ee. Trento je zgodovinsko \u0161ir\u0161e znan predvsem kot prizori\u0161\u010de tridentinskega koncila (16. stoletje), v novej\u0161i zgodovini pa kot ikona italijanskega iredentizma. Ima lepo ohranjeno srednjeve\u0161ko in renesan\u010dno mestno sredi\u0161\u010de z impozantno mestno katedralo in gradom Buonconsiglio. Nekaj prostega \u010dasa za vedno dobro italijansko kavo, nato pa je sledila vo\u017enja do kraja Bassano del Grappa. Mesto ob vzno\u017eju Alp je neko\u010d slovelo po slikarski \u0161oli, danes pa je znano po barvitem lon\u010darstvu, po pokritem lesenem mostu iz 13. stoletja, ki vodi \u010dez reko Brento in po znameniti alkoholni pija\u010di \u00bbgrappa\u00ab. Obiskali smo muzej &#8211; Museo della Grappa, kjer predstavijo destilacijski procesa pridobivanja tega cenjenega lokalnega \u017eganja, \u00bbgrappo\u00ab pa smo tudi degustirali.&nbsp;<\/p>\n<p style=\"text-align: center;\"><div id=\"metaslider-id-3267\" style=\"max-width: 600px; margin: 0 auto;\" class=\"ml-slider-3-93-0 metaslider metaslider-nivo metaslider-3267 ml-slider ms-theme-nivo-bar has-dots-nav\" role=\"region\" aria-roledescription=\"Slideshow\" aria-label=\"Tirolska\">\n    <div id=\"metaslider_container_3267\">\n        <div class='slider-wrapper theme-default'><div class='ribbon'><\/div><div id='metaslider_3267' class='nivoSlider'><img src=\"https:\/\/ed-mb.si\/wp-content\/uploads\/tirolska_09-600x400.jpg\" height=\"400\" width=\"600\" title=\"tirolska_09\" alt=\"\" class=\"slider-3267 slide-3304\" \/><img src=\"https:\/\/ed-mb.si\/wp-content\/uploads\/tirolska_03-600x400.jpg\" height=\"400\" width=\"600\" title=\"tirolska_03\" alt=\"\" class=\"slider-3267 slide-3310\" \/><img src=\"https:\/\/ed-mb.si\/wp-content\/uploads\/tirolska_21-600x400.jpg\" height=\"400\" width=\"600\" title=\"tirolska_21\" alt=\"\" class=\"slider-3267 slide-3292\" \/><img src=\"https:\/\/ed-mb.si\/wp-content\/uploads\/tirolska_13-600x400.jpg\" height=\"400\" width=\"600\" title=\"tirolska_13\" alt=\"\" class=\"slider-3267 slide-3300\" \/><img src=\"https:\/\/ed-mb.si\/wp-content\/uploads\/tirolska_08-600x400.jpg\" height=\"400\" width=\"600\" title=\"tirolska_08\" alt=\"\" class=\"slider-3267 slide-3305\" \/><img src=\"https:\/\/ed-mb.si\/wp-content\/uploads\/tirolska_05-600x400.jpg\" height=\"400\" width=\"600\" title=\"tirolska_05\" alt=\"\" class=\"slider-3267 slide-3308\" \/><img src=\"https:\/\/ed-mb.si\/wp-content\/uploads\/tirolska_07-600x400.jpg\" height=\"400\" width=\"600\" title=\"tirolska_07\" alt=\"\" class=\"slider-3267 slide-3306\" \/><img src=\"https:\/\/ed-mb.si\/wp-content\/uploads\/tirolska_19-600x400.jpg\" height=\"400\" width=\"600\" title=\"tirolska_19\" alt=\"\" class=\"slider-3267 slide-3294\" \/><img src=\"https:\/\/ed-mb.si\/wp-content\/uploads\/tirolska_06-600x400.jpg\" height=\"400\" width=\"600\" title=\"tirolska_06\" alt=\"\" class=\"slider-3267 slide-3307\" \/><img src=\"https:\/\/ed-mb.si\/wp-content\/uploads\/tirolska_10-600x400.jpg\" height=\"400\" width=\"600\" title=\"tirolska_10\" alt=\"\" class=\"slider-3267 slide-3303\" \/><img src=\"https:\/\/ed-mb.si\/wp-content\/uploads\/tirolska_18-600x400.jpg\" height=\"400\" width=\"600\" title=\"tirolska_18\" alt=\"\" class=\"slider-3267 slide-3295\" \/><img src=\"https:\/\/ed-mb.si\/wp-content\/uploads\/tirolska_17-600x400.jpg\" height=\"400\" width=\"600\" title=\"tirolska_17\" alt=\"\" class=\"slider-3267 slide-3296\" \/><img src=\"https:\/\/ed-mb.si\/wp-content\/uploads\/tirolska_16-600x400.jpg\" height=\"400\" width=\"600\" title=\"tirolska_16\" alt=\"\" class=\"slider-3267 slide-3297\" \/><img src=\"https:\/\/ed-mb.si\/wp-content\/uploads\/tirolska_04-600x400.jpg\" height=\"400\" width=\"600\" title=\"tirolska_04\" alt=\"\" class=\"slider-3267 slide-3309\" \/><img src=\"https:\/\/ed-mb.si\/wp-content\/uploads\/tirolska_15-600x400.jpg\" height=\"400\" width=\"600\" title=\"tirolska_15\" alt=\"\" class=\"slider-3267 slide-3298\" \/><img src=\"https:\/\/ed-mb.si\/wp-content\/uploads\/tirolska_25-600x400.jpg\" height=\"400\" width=\"600\" title=\"tirolska_25\" alt=\"\" class=\"slider-3267 slide-3288\" \/><img src=\"https:\/\/ed-mb.si\/wp-content\/uploads\/tirolska_11-600x400.jpg\" height=\"400\" width=\"600\" title=\"tirolska_11\" alt=\"\" class=\"slider-3267 slide-3302\" \/><img src=\"https:\/\/ed-mb.si\/wp-content\/uploads\/tirolska_23-600x400.jpg\" height=\"400\" width=\"600\" title=\"tirolska_23\" alt=\"\" class=\"slider-3267 slide-3290\" \/><img src=\"https:\/\/ed-mb.si\/wp-content\/uploads\/tirolska_12-600x400.jpg\" height=\"400\" width=\"600\" title=\"tirolska_12\" alt=\"\" class=\"slider-3267 slide-3301\" \/><img src=\"https:\/\/ed-mb.si\/wp-content\/uploads\/tirolska_01-600x400.jpg\" height=\"400\" width=\"600\" title=\"tirolska_01\" alt=\"\" class=\"slider-3267 slide-3312\" \/><img src=\"https:\/\/ed-mb.si\/wp-content\/uploads\/tirolska_14-600x400.jpg\" height=\"400\" width=\"600\" title=\"tirolska_14\" alt=\"\" class=\"slider-3267 slide-3299\" \/><img src=\"https:\/\/ed-mb.si\/wp-content\/uploads\/tirolska_02-600x400.jpg\" height=\"400\" width=\"600\" title=\"tirolska_02\" alt=\"\" class=\"slider-3267 slide-3311\" \/><img src=\"https:\/\/ed-mb.si\/wp-content\/uploads\/tirolska_22-600x400.jpg\" height=\"400\" width=\"600\" title=\"tirolska_22\" alt=\"\" class=\"slider-3267 slide-3291\" \/><img src=\"https:\/\/ed-mb.si\/wp-content\/uploads\/tirolska_24-600x400.jpg\" height=\"400\" width=\"600\" title=\"tirolska_24\" alt=\"\" class=\"slider-3267 slide-3289\" \/><img src=\"https:\/\/ed-mb.si\/wp-content\/uploads\/tirolska_20-600x400.jpg\" height=\"400\" width=\"600\" title=\"tirolska_20\" alt=\"\" class=\"slider-3267 slide-3293\" \/><\/div><\/div>\n        \n    <\/div>\n<\/div><\/p>\n<p><em>foto: Gero Angleitne<\/em>r<\/p>\n<p><span style=\"color: #339966;\"><strong>3. STROKOVNA EKSKURZIJA v Linz in dolino Wachau&nbsp; 22. \u2013 23. septembra 2018 <\/strong><\/span><\/p>\n<p>22.9.2018: MARIBOR &#8211; LINZ (ogled jeklarne Voestalpine)<br>Vo\u017enja po najhitrej\u0161i poti do prestolnice Gornje Avstrije &#8211; Linza, ki je v letu 2009, poleg Vilne, nosil naziv evropske kulturne prestolnice. S 190.000 prebivalci je tretje najve\u010dje mesto Avstrije in velja za mesto, ki se je v zadnjih desetletjih najbolj spremenilo in ekonomsko napredovalo. Stari del mesta zaznamujejo elegantna renesan\u010dna dvori\u0161\u010da, baro\u010dne cerkve in klasicisti\u010dna pro\u010delja hi\u0161. Sprehodili smo se med znamenitostmi mesta: glavni trg, de\u017eelna hi\u0161a, ku\u017eno znamenje, stolnica, stara mestna hi\u0161a, grad, de\u017eelno gledali\u0161\u010de. Nato smo obiskali sede\u017e koncerna Voestalpine, ki velja za eno izmed svetovno vodilnih tehnolo\u0161kih in industrijsko proizvodnih podjetij na podro\u010dju jeklarske industrije. Koncern zdru\u017euje ve\u010d kot 500 podjetij v 50 dr\u017eavah na \u0161tirih kontinentih; okoli 74 odstotkov delovne sile pa je v Avstriji. Sodelujejo z avtomobilsko, \u017eelezni\u0161ko, orodjarsko, kovinsko oblikovalsko industrijo ter \u0161tevilnimi drugimi industrijami, ki so prisotne v na\u0161em vsakdanjem \u017eivljenju. Najprej smo si pod strokovnim vodstvom ogledali izjemen razstavni prostor podjetja (Svet jekla), kjer nam predstavijo material, na\u010dina pridobivanja, proizvodnji proces in mo\u017enosti kon\u010dnih izdelkov iz jekla. Nato smo se vkrcali v multimedijske avtobuse, ki so nas popeljali po proizvodni coni. Ustavili smo se v halah, kjer so nam pod strokovnim vodstvom predstavili proizvodni postopek v \u017eivo.&nbsp;<br>23.9.2018: LINZ &#8211; MELK &#8211; ladijska vo\u017enja &#8211; KREMS &#8211; MARIBOR<br>Po zajtrku vo\u017enja do Melka, kjer na visoki pe\u010dini nad mestom kraljuje benediktinski samostan Melk, ena izmed najve\u010djih baro\u010dnih mojstrovin Evrope (prvotnega so bili ustanovili \u017ee Babenber\u017eani!); letno ga obi\u0161\u010de skoraj milijon ljudi. Po ogledu veli\u010dastne opatije smo se ob 13.50 vkrcali na ladjo in se popeljali skozi najlep\u0161o dolino Donave v Avstriji, skozi Wachau do Kremsa. Ju\u017eni bregovi Donave so tu nasajeni z vinsko trto, na obalah reke pa se vrstijo mogo\u010dni samostani in gradovi (peljali se bomo tudi mimo Durnsteina, kjer so Babenber\u017eani imeli zaprtega Riharda Levjesr\u010dnega). Kosilo na ladji. Ob 15.30 smo pripluli v Krems in se na kratko sprehodili po tem starodavnem mestecu; kar 400 stavb je \u0161e iz \u010dasa pred letom 1800, zato je ogled starega mestnega jedra s \u0161tevilnimi renesan\u010dnimi in baro\u010dnimi zgradbami ter lepimi arkadnimi dvori\u0161\u010de zares izjemno prijetno do\u017eivetje. Ker smo na bogatem vinorodnem podro\u010dju \u0161e postanek za vinsko degustacijo regionalnih vin v pravlji\u010dnem Durnsteinu.&nbsp;<\/p>\n<p style=\"text-align: center;\"><div id=\"metaslider-id-3268\" style=\"max-width: 600px; margin: 0 auto;\" class=\"ml-slider-3-93-0 metaslider metaslider-nivo metaslider-3268 ml-slider ms-theme-nivo-bar has-dots-nav\" role=\"region\" aria-roledescription=\"Slideshow\" aria-label=\"Linz\">\n    <div id=\"metaslider_container_3268\">\n        <div class='slider-wrapper theme-default'><div class='ribbon'><\/div><div id='metaslider_3268' class='nivoSlider'><img src=\"https:\/\/ed-mb.si\/wp-content\/uploads\/linz_08-600x400.jpg\" height=\"400\" width=\"600\" title=\"linz_08\" alt=\"\" class=\"slider-3268 slide-3276\" \/><img src=\"https:\/\/ed-mb.si\/wp-content\/uploads\/linz_17-600x400.jpg\" height=\"400\" width=\"600\" title=\"linz_17\" alt=\"\" class=\"slider-3268 slide-3277\" \/><img src=\"https:\/\/ed-mb.si\/wp-content\/uploads\/linz_03-600x400.jpg\" height=\"400\" width=\"600\" title=\"linz_03\" alt=\"\" class=\"slider-3268 slide-3271\" \/><img src=\"https:\/\/ed-mb.si\/wp-content\/uploads\/linz_07-600x400.jpg\" height=\"400\" width=\"600\" title=\"linz_07\" alt=\"\" class=\"slider-3268 slide-3275\" \/><img src=\"https:\/\/ed-mb.si\/wp-content\/uploads\/linz_02-600x400.jpg\" height=\"400\" width=\"600\" title=\"linz_02\" alt=\"\" class=\"slider-3268 slide-3270\" \/><img src=\"https:\/\/ed-mb.si\/wp-content\/uploads\/linz_16-600x400.jpg\" height=\"400\" width=\"600\" title=\"linz_16\" alt=\"\" class=\"slider-3268 slide-3278\" \/><img src=\"https:\/\/ed-mb.si\/wp-content\/uploads\/linz_19-600x400.jpg\" height=\"400\" width=\"600\" title=\"linz_19\" alt=\"\" class=\"slider-3268 slide-3287\" \/><img src=\"https:\/\/ed-mb.si\/wp-content\/uploads\/linz_01-600x400.jpg\" height=\"400\" width=\"600\" title=\"linz_01\" alt=\"\" class=\"slider-3268 slide-3269\" \/><img src=\"https:\/\/ed-mb.si\/wp-content\/uploads\/linz_12-600x400.jpg\" height=\"400\" width=\"600\" title=\"linz_12\" alt=\"\" class=\"slider-3268 slide-3282\" \/><img src=\"https:\/\/ed-mb.si\/wp-content\/uploads\/linz_05-600x400.jpg\" height=\"400\" width=\"600\" title=\"linz_05\" alt=\"\" class=\"slider-3268 slide-3273\" \/><img src=\"https:\/\/ed-mb.si\/wp-content\/uploads\/linz_15-600x400.jpg\" height=\"400\" width=\"600\" title=\"linz_15\" alt=\"\" class=\"slider-3268 slide-3279\" \/><img src=\"https:\/\/ed-mb.si\/wp-content\/uploads\/linz_14-600x400.jpg\" height=\"400\" width=\"600\" title=\"linz_14\" alt=\"\" class=\"slider-3268 slide-3280\" \/><img src=\"https:\/\/ed-mb.si\/wp-content\/uploads\/linz_06-600x400.jpg\" height=\"400\" width=\"600\" title=\"linz_06\" alt=\"\" class=\"slider-3268 slide-3274\" \/><img src=\"https:\/\/ed-mb.si\/wp-content\/uploads\/linz_09-600x400.jpg\" height=\"400\" width=\"600\" title=\"linz_09\" alt=\"\" class=\"slider-3268 slide-3285\" \/><img src=\"https:\/\/ed-mb.si\/wp-content\/uploads\/linz_04-600x400.jpg\" height=\"400\" width=\"600\" title=\"linz_04\" alt=\"\" class=\"slider-3268 slide-3272\" \/><img src=\"https:\/\/ed-mb.si\/wp-content\/uploads\/linz_10-600x400.jpg\" height=\"400\" width=\"600\" title=\"linz_10\" alt=\"\" class=\"slider-3268 slide-3284\" \/><img src=\"https:\/\/ed-mb.si\/wp-content\/uploads\/linz_11-600x400.jpg\" height=\"400\" width=\"600\" title=\"linz_11\" alt=\"\" class=\"slider-3268 slide-3283\" \/><img src=\"https:\/\/ed-mb.si\/wp-content\/uploads\/linz_18-600x400.jpg\" height=\"400\" width=\"600\" title=\"linz_18\" alt=\"\" class=\"slider-3268 slide-3286\" \/><img src=\"https:\/\/ed-mb.si\/wp-content\/uploads\/linz_13-600x400.jpg\" height=\"400\" width=\"600\" title=\"linz_13\" alt=\"\" class=\"slider-3268 slide-3281\" \/><\/div><\/div>\n        \n    <\/div>\n<\/div><\/p>\n<p style=\"text-align: center;\"><em>foto: Gero Angleitne<\/em>r<\/p>\n<p><strong>4. STROKOVNA EKSKURZIJA &#8211;&nbsp;<\/strong><strong>Nazarje, Prebold<\/strong><\/p>\n<p>Ekskurzija bo potekala po naslednjem programu:<\/p>\n<ul>\n<li>ogled tovarne BSH Hi\u0161ni aparati v Nazarju<\/li>\n<li>malica v gostilni Rimljan v \u0160empetru v Savinjski dolini<\/li>\n<li>ogled proizvodnje v podjetju Odelo v Preboldu, ki proizvaja sisteme zadnjih in LED lu\u010di za avtomobilsko industrijo<\/li>\n<li>obisk Fontane piv Zeleno zlato v \u017dalcu<\/li>\n<li>pozno kosilo na turisti\u010dni kmetiji Pri Mlinarju v Gotovljah<\/li>\n<\/ul>\n<p>&nbsp;<\/p>\n\n\n<div id=\"metaslider-id-3340\" style=\"max-width: 600px; margin: 0 auto;\" class=\"ml-slider-3-93-0 metaslider metaslider-nivo metaslider-3340 ml-slider ms-theme-nivo-bar has-dots-nav\" role=\"region\" aria-roledescription=\"Slideshow\" aria-label=\"Nazarje\">\n    <div id=\"metaslider_container_3340\">\n        <div class='slider-wrapper theme-default'><div class='ribbon'><\/div><div id='metaslider_3340' class='nivoSlider'><img src=\"https:\/\/ed-mb.si\/wp-content\/uploads\/slika-1-1-600x400.jpg\" height=\"400\" width=\"600\" title=\"slika-1\" alt=\"\" class=\"slider-3340 slide-3348\" \/><img src=\"https:\/\/ed-mb.si\/wp-content\/uploads\/slika-4-1-600x400.jpg\" height=\"400\" width=\"600\" title=\"slika-4\" alt=\"\" class=\"slider-3340 slide-3345\" \/><img src=\"https:\/\/ed-mb.si\/wp-content\/uploads\/slika-7-1-600x400.jpg\" height=\"400\" width=\"600\" title=\"slika-7\" alt=\"\" class=\"slider-3340 slide-3342\" \/><img src=\"https:\/\/ed-mb.si\/wp-content\/uploads\/slika-6-1-600x400.jpg\" height=\"400\" width=\"600\" title=\"slika-6\" alt=\"\" class=\"slider-3340 slide-3343\" \/><img src=\"https:\/\/ed-mb.si\/wp-content\/uploads\/slika-2-1-600x400.jpg\" height=\"400\" width=\"600\" title=\"slika-2\" alt=\"\" class=\"slider-3340 slide-3347\" \/><img src=\"https:\/\/ed-mb.si\/wp-content\/uploads\/slika-3-1-600x400.jpg\" height=\"400\" width=\"600\" title=\"slika-3\" alt=\"\" class=\"slider-3340 slide-3346\" \/><img src=\"https:\/\/ed-mb.si\/wp-content\/uploads\/slika-8-1-600x400.jpg\" height=\"400\" width=\"600\" title=\"slika-8\" alt=\"\" class=\"slider-3340 slide-3341\" \/><img src=\"https:\/\/ed-mb.si\/wp-content\/uploads\/slika-5-1-600x400.jpg\" height=\"400\" width=\"600\" title=\"slika-5\" alt=\"\" class=\"slider-3340 slide-3344\" \/><\/div><\/div>\n        \n    <\/div>\n<\/div>\n\n\n\n<p style=\"text-align:center\"><em>foto: Gero Angleitne<\/em>r<\/p>\n","protected":false},"excerpt":{"rendered":"<p>1. STROKOVNA EKSKURZIJA &#8211; Pi\u0161ece, HE Bre\u017eice ogled fotovoltai\u010dne elektrarne v Pi\u0161ecah ogled gradu Pi\u0161ece z zaklju\u010dno skromno zakusko ogled HE Bre\u017eice kosilo v restavraciji \u0160tefani\u010d v Bre\u017eicah ogled Kerinove Hi\u0161e frankinje na Stra\u017ei pri Kr\u0161kem s poku\u0161njo vin foto: Gero Angleitner 2. STROKOVNA EKSKURZIJA &#8211; Ju\u017ena Tirolska elektrarna Reissek &#8211; Toblach &#8211; Dolomiti &#8211; [&hellip;]<\/p>\n","protected":false},"author":1,"featured_media":0,"parent":0,"menu_order":0,"comment_status":"closed","ping_status":"closed","template":"","meta":{"_monsterinsights_skip_tracking":false,"_monsterinsights_sitenote_active":false,"_monsterinsights_sitenote_note":"","_monsterinsights_sitenote_category":0,"ngg_post_thumbnail":0,"footnotes":""},"_links":{"self":[{"href":"https:\/\/ed-mb.si\/index.php?rest_route=\/wp\/v2\/pages\/3072"}],"collection":[{"href":"https:\/\/ed-mb.si\/index.php?rest_route=\/wp\/v2\/pages"}],"about":[{"href":"https:\/\/ed-mb.si\/index.php?rest_route=\/wp\/v2\/types\/page"}],"author":[{"embeddable":true,"href":"https:\/\/ed-mb.si\/index.php?rest_route=\/wp\/v2\/users\/1"}],"replies":[{"embeddable":true,"href":"https:\/\/ed-mb.si\/index.php?rest_route=%2Fwp%2Fv2%2Fcomments&post=3072"}],"version-history":[{"count":21,"href":"https:\/\/ed-mb.si\/index.php?rest_route=\/wp\/v2\/pages\/3072\/revisions"}],"predecessor-version":[{"id":3352,"href":"https:\/\/ed-mb.si\/index.php?rest_route=\/wp\/v2\/pages\/3072\/revisions\/3352"}],"wp:attachment":[{"href":"https:\/\/ed-mb.si\/index.php?rest_route=%2Fwp%2Fv2%2Fmedia&parent=3072"}],"curies":[{"name":"wp","href":"https:\/\/api.w.org\/{rel}","templated":true}]}}