{"id":35,"date":"2014-01-07T18:39:04","date_gmt":"2014-01-07T17:39:04","guid":{"rendered":"http:\/\/ed-mb.si\/?page_id=35"},"modified":"2026-03-30T18:40:40","modified_gmt":"2026-03-30T17:40:40","slug":"vpis-v-drustvo","status":"publish","type":"page","link":"https:\/\/ed-mb.si\/?page_id=35","title":{"rendered":"Vpis v dru\u0161tvo"},"content":{"rendered":"<p style=\"text-align: justify;\"><span style=\"color: #000000;\">Cilj dru\u0161tva je povezava strokovnjakov elektro stroke in nudenje strokovne pomo\u010di svojim \u010dlanom. Saj lahko le z skupnim delom prispevamo k napredku stroke. Zaradi tega \u017eelimo v na\u0161e vrste pridobiti mlade strokovnjake, ki bodo na ta na\u010din obogatili svoje \u0161olsko znanje s prakti\u010dnimi izku\u0161njami.<\/span><\/p>\n<p style=\"text-align: justify;\"><span style=\"color: #000000;\">\u010clan ED lahko postane vsaka polnoletna oseba, ki se poklicno ali strokovno ukvarja z dejavnostmi na podro\u010dju elektrotehnike. \u010clanstvo v ED je prostovoljno. Kdorkoli \u017eeli postati \u010dlan ED mora izvr\u0161nemu odboru&nbsp; predlo\u017eiti pisno pristopno izjavo, v kateri izrazi \u017eeljo postati \u010dlan ED. S tem se zave\u017ee, da bo deloval v skladu s pravili ED in pla\u010dal \u010dlanarino. O sprejemu v \u010dlanstvo odlo\u010da IO dru\u0161tva.<\/span><\/p>\n<p style=\"text-align: justify;\"><span style=\"color: #000000;\">\u010clanarina se pla\u010da po prejemu polo\u017enice, in zna\u0161a za leto 2026- 25,00 EUR. O aktivnostih vas bomo obve\u0161\u010dali z navadno po\u0161to ali elektronsko po\u0161to, tako kot boste ozna\u010dili na prijavnici!<\/span><\/p>\n<h3 style=\"text-align: center;\"><em><strong><a href=\"http:\/\/ed-mb.si\/prijavnice\/clanskaprijavnica_A5.doc\">prijavnica<\/a><\/strong><\/em><\/h3>\n<p>&nbsp;<\/p>\n","protected":false},"excerpt":{"rendered":"<p>Cilj dru\u0161tva je povezava strokovnjakov elektro stroke in nudenje strokovne pomo\u010di svojim \u010dlanom. Saj lahko le z skupnim delom prispevamo k napredku stroke. Zaradi tega \u017eelimo v na\u0161e vrste pridobiti mlade strokovnjake, ki bodo na ta na\u010din obogatili svoje \u0161olsko znanje s prakti\u010dnimi izku\u0161njami. \u010clan ED lahko postane vsaka polnoletna oseba, ki se poklicno ali [&hellip;]<\/p>\n","protected":false},"author":1,"featured_media":0,"parent":9,"menu_order":2,"comment_status":"closed","ping_status":"closed","template":"","meta":{"_monsterinsights_skip_tracking":false,"_monsterinsights_sitenote_active":false,"_monsterinsights_sitenote_note":"","_monsterinsights_sitenote_category":0,"ngg_post_thumbnail":0,"footnotes":""},"_links":{"self":[{"href":"https:\/\/ed-mb.si\/index.php?rest_route=\/wp\/v2\/pages\/35"}],"collection":[{"href":"https:\/\/ed-mb.si\/index.php?rest_route=\/wp\/v2\/pages"}],"about":[{"href":"https:\/\/ed-mb.si\/index.php?rest_route=\/wp\/v2\/types\/page"}],"author":[{"embeddable":true,"href":"https:\/\/ed-mb.si\/index.php?rest_route=\/wp\/v2\/users\/1"}],"replies":[{"embeddable":true,"href":"https:\/\/ed-mb.si\/index.php?rest_route=%2Fwp%2Fv2%2Fcomments&post=35"}],"version-history":[{"count":12,"href":"https:\/\/ed-mb.si\/index.php?rest_route=\/wp\/v2\/pages\/35\/revisions"}],"predecessor-version":[{"id":5677,"href":"https:\/\/ed-mb.si\/index.php?rest_route=\/wp\/v2\/pages\/35\/revisions\/5677"}],"up":[{"embeddable":true,"href":"https:\/\/ed-mb.si\/index.php?rest_route=\/wp\/v2\/pages\/9"}],"wp:attachment":[{"href":"https:\/\/ed-mb.si\/index.php?rest_route=%2Fwp%2Fv2%2Fmedia&parent=35"}],"curies":[{"name":"wp","href":"https:\/\/api.w.org\/{rel}","templated":true}]}}