{"id":3805,"date":"2019-06-11T12:18:49","date_gmt":"2019-06-11T11:18:49","guid":{"rendered":"http:\/\/ed-mb.si\/?page_id=3805"},"modified":"2019-11-08T12:02:42","modified_gmt":"2019-11-08T11:02:42","slug":"ekskurzije-2019","status":"publish","type":"page","link":"https:\/\/ed-mb.si\/?page_id=3805","title":{"rendered":"Ekskurzije 2019"},"content":{"rendered":"\n<p style=\"background-color:#bedef2\" class=\"has-background\"><strong>Ekskurzija na KORO\u0160KO<\/strong><\/p>\n\n\n\n<div class=\"alignnormal\"><div id=\"metaslider-id-3764\" style=\"max-width: 600px; margin: 0 auto;\" class=\"ml-slider-3-93-0 metaslider metaslider-nivo metaslider-3764 ml-slider ms-theme-nivo-bar has-dots-nav\" role=\"region\" aria-roledescription=\"Slideshow\" aria-label=\"Koro\u0161ka\">\n    <div id=\"metaslider_container_3764\">\n        <div class='slider-wrapper theme-default'><div class='ribbon'><\/div><div id='metaslider_3764' class='nivoSlider'><img src=\"https:\/\/ed-mb.si\/wp-content\/uploads\/4-perger-600x400.jpg\" height=\"400\" width=\"600\" title=\"4-perger\" alt=\"\" class=\"slider-3764 slide-3770\" \/><img src=\"https:\/\/ed-mb.si\/wp-content\/uploads\/40.KD-17-600x400.jpg\" height=\"400\" width=\"600\" title=\"40.KD-17\" alt=\"\" class=\"slider-3764 slide-3774\" \/><img src=\"https:\/\/ed-mb.si\/wp-content\/uploads\/2-TAB-600x400.jpg\" height=\"400\" width=\"600\" title=\"2-TAB\" alt=\"\" class=\"slider-3764 slide-3772\" \/><img src=\"https:\/\/ed-mb.si\/wp-content\/uploads\/7-perger-600x400.jpg\" height=\"400\" width=\"600\" title=\"7-perger\" alt=\"\" class=\"slider-3764 slide-3767\" \/><img src=\"https:\/\/ed-mb.si\/wp-content\/uploads\/3-perger-600x400.jpg\" height=\"400\" width=\"600\" title=\"3-perger\" alt=\"\" class=\"slider-3764 slide-3771\" \/><img src=\"https:\/\/ed-mb.si\/wp-content\/uploads\/9-perger-600x400.jpg\" height=\"400\" width=\"600\" title=\"9-perger\" alt=\"\" class=\"slider-3764 slide-3766\" \/><img src=\"https:\/\/ed-mb.si\/wp-content\/uploads\/5-perger-600x400.jpg\" height=\"400\" width=\"600\" title=\"5-perger\" alt=\"\" class=\"slider-3764 slide-3769\" \/><img src=\"https:\/\/ed-mb.si\/wp-content\/uploads\/8-perger-600x400.jpg\" height=\"400\" width=\"600\" title=\"8-perger\" alt=\"\" class=\"slider-3764 slide-3765\" \/><img src=\"https:\/\/ed-mb.si\/wp-content\/uploads\/1-TAB-600x400.jpg\" height=\"400\" width=\"600\" title=\"1-TAB\" alt=\"\" class=\"slider-3764 slide-3773\" \/><img src=\"https:\/\/ed-mb.si\/wp-content\/uploads\/6-perger-600x400.jpg\" height=\"400\" width=\"600\" title=\"6-perger\" alt=\"\" class=\"slider-3764 slide-3768\" \/><\/div><\/div>\n        \n    <\/div>\n<\/div><\/div>\n\n\n\n<p><\/p>\n\n\n\n<p style=\"background-color:#cdf5e5\" class=\"has-background\"><strong>Ogled Akademije- Elektro Maribor<\/strong><\/p>\n\n\n\n<div class=\"alignnormal\"><div id=\"metaslider-id-3791\" style=\"max-width: 600px; margin: 0 auto;\" class=\"ml-slider-3-93-0 metaslider metaslider-nivo metaslider-3791 ml-slider ms-theme-nivo-bar has-dots-nav\" role=\"region\" aria-roledescription=\"Slideshow\" aria-label=\"Akademija\">\n    <div id=\"metaslider_container_3791\">\n        <div class='slider-wrapper theme-default'><div class='ribbon'><\/div><div id='metaslider_3791' class='nivoSlider'><img src=\"https:\/\/ed-mb.si\/wp-content\/uploads\/6-akademija-600x400.jpg\" height=\"400\" width=\"600\" title=\"6-akademija\" alt=\"\" class=\"slider-3791 slide-3792\" \/><img src=\"https:\/\/ed-mb.si\/wp-content\/uploads\/4-akademija-600x400.jpg\" height=\"400\" width=\"600\" title=\"4-akademija\" alt=\"\" class=\"slider-3791 slide-3794\" \/><img src=\"https:\/\/ed-mb.si\/wp-content\/uploads\/3-akademija-600x400.jpg\" height=\"400\" width=\"600\" title=\"3-akademija\" alt=\"\" class=\"slider-3791 slide-3795\" \/><img src=\"https:\/\/ed-mb.si\/wp-content\/uploads\/2-akademija-600x400.jpg\" height=\"400\" width=\"600\" title=\"2-akademija\" alt=\"\" class=\"slider-3791 slide-3796\" \/><img src=\"https:\/\/ed-mb.si\/wp-content\/uploads\/5-akademija-600x400.jpg\" height=\"400\" width=\"600\" title=\"5-akademija\" alt=\"\" class=\"slider-3791 slide-3793\" \/><img src=\"https:\/\/ed-mb.si\/wp-content\/uploads\/1-akademija-600x400.jpg\" height=\"400\" width=\"600\" title=\"1-akademija\" alt=\"\" class=\"slider-3791 slide-3797\" \/><\/div><\/div>\n        \n    <\/div>\n<\/div><\/div>\n\n\n\n<p><\/p>\n\n\n\n<p class=\"has-background has-very-light-gray-background-color\"><strong>Ekskurzija \u010ce\u0161ka<\/strong><\/p>\n\n\n\n<div class=\"alignnormal\"><div id=\"metaslider-id-3874\" style=\"max-width: 600px; margin: 0 auto;\" class=\"ml-slider-3-93-0 metaslider metaslider-nivo metaslider-3874 ml-slider ms-theme-nivo-bar has-dots-nav\" role=\"region\" aria-roledescription=\"Slideshow\" aria-label=\"\u010ce\u0161ka\">\n    <div id=\"metaslider_container_3874\">\n        <div class='slider-wrapper theme-default'><div class='ribbon'><\/div><div id='metaslider_3874' class='nivoSlider'><img src=\"https:\/\/ed-mb.si\/wp-content\/uploads\/slika-02-2-600x400.jpg\" height=\"400\" width=\"600\" title=\"slika-02\" alt=\"\" class=\"slider-3874 slide-3892\" \/><img src=\"https:\/\/ed-mb.si\/wp-content\/uploads\/slika-01-2-600x400.jpg\" height=\"400\" width=\"600\" title=\"slika-01\" alt=\"\" class=\"slider-3874 slide-3893\" \/><img src=\"https:\/\/ed-mb.si\/wp-content\/uploads\/slika-16-2-600x400.jpg\" height=\"400\" width=\"600\" title=\"slika-16\" alt=\"\" class=\"slider-3874 slide-3878\" \/><img src=\"https:\/\/ed-mb.si\/wp-content\/uploads\/slika-07-2-600x400.jpg\" height=\"400\" width=\"600\" title=\"slika-07\" alt=\"\" class=\"slider-3874 slide-3887\" \/><img src=\"https:\/\/ed-mb.si\/wp-content\/uploads\/slika-11-2-600x400.jpg\" height=\"400\" width=\"600\" title=\"slika-11\" alt=\"\" class=\"slider-3874 slide-3883\" \/><img src=\"https:\/\/ed-mb.si\/wp-content\/uploads\/slika-08-2-600x400.jpg\" height=\"400\" width=\"600\" title=\"slika-08\" alt=\"\" class=\"slider-3874 slide-3886\" \/><img src=\"https:\/\/ed-mb.si\/wp-content\/uploads\/slika-17-2-600x400.jpg\" height=\"400\" width=\"600\" title=\"slika-17\" alt=\"\" class=\"slider-3874 slide-3877\" \/><img src=\"https:\/\/ed-mb.si\/wp-content\/uploads\/slika-04-2-600x400.jpg\" height=\"400\" width=\"600\" title=\"slika-04\" alt=\"\" class=\"slider-3874 slide-3890\" \/><img src=\"https:\/\/ed-mb.si\/wp-content\/uploads\/slika-10-2-600x400.jpg\" height=\"400\" width=\"600\" title=\"slika-10\" alt=\"\" class=\"slider-3874 slide-3884\" \/><img src=\"https:\/\/ed-mb.si\/wp-content\/uploads\/slika-09-2-600x400.jpg\" height=\"400\" width=\"600\" title=\"slika-09\" alt=\"\" class=\"slider-3874 slide-3885\" \/><img src=\"https:\/\/ed-mb.si\/wp-content\/uploads\/slika-06-2-600x400.jpg\" height=\"400\" width=\"600\" title=\"slika-06\" alt=\"\" class=\"slider-3874 slide-3888\" \/><img src=\"https:\/\/ed-mb.si\/wp-content\/uploads\/slika-18-2-600x400.jpg\" height=\"400\" width=\"600\" title=\"slika-18\" alt=\"\" class=\"slider-3874 slide-3876\" \/><img src=\"https:\/\/ed-mb.si\/wp-content\/uploads\/slika-05-2-600x400.jpg\" height=\"400\" width=\"600\" title=\"slika-05\" alt=\"\" class=\"slider-3874 slide-3889\" \/><img src=\"https:\/\/ed-mb.si\/wp-content\/uploads\/slika-03-2-600x400.jpg\" height=\"400\" width=\"600\" title=\"slika-03\" alt=\"\" class=\"slider-3874 slide-3891\" \/><img src=\"https:\/\/ed-mb.si\/wp-content\/uploads\/slika-13-2-600x400.jpg\" height=\"400\" width=\"600\" title=\"slika-13\" alt=\"\" class=\"slider-3874 slide-3881\" \/><img src=\"https:\/\/ed-mb.si\/wp-content\/uploads\/slika-19-1-600x400.jpg\" height=\"400\" width=\"600\" title=\"slika-19\" alt=\"\" class=\"slider-3874 slide-3875\" \/><img src=\"https:\/\/ed-mb.si\/wp-content\/uploads\/slika-15-2-600x400.jpg\" height=\"400\" width=\"600\" title=\"slika-15\" alt=\"\" class=\"slider-3874 slide-3879\" \/><img src=\"https:\/\/ed-mb.si\/wp-content\/uploads\/slika-14-2-600x400.jpg\" height=\"400\" width=\"600\" title=\"slika-14\" alt=\"\" class=\"slider-3874 slide-3880\" \/><img src=\"https:\/\/ed-mb.si\/wp-content\/uploads\/slika-12-2-600x400.jpg\" height=\"400\" width=\"600\" title=\"slika-12\" alt=\"\" class=\"slider-3874 slide-3882\" \/><\/div><\/div>\n        \n    <\/div>\n<\/div><\/div>\n\n\n\n<p><\/p>\n\n\n\n<p class=\"has-background has-cyan-bluish-gray-background-color\"><strong>Ekskurzija Zasavje<\/strong><\/p>\n\n\n\n<div class=\"alignnormal\"><div id=\"metaslider-id-3894\" style=\"max-width: 600px; margin: 0 auto;\" class=\"ml-slider-3-93-0 metaslider metaslider-nivo metaslider-3894 ml-slider ms-theme-nivo-bar has-dots-nav\" role=\"region\" aria-roledescription=\"Slideshow\" aria-label=\"Zasavje\">\n    <div id=\"metaslider_container_3894\">\n        <div class='slider-wrapper theme-default'><div class='ribbon'><\/div><div id='metaslider_3894' class='nivoSlider'><img src=\"https:\/\/ed-mb.si\/wp-content\/uploads\/zasavje-11-600x400.jpg\" height=\"400\" width=\"600\" title=\"zasavje-11\" alt=\"\" class=\"slider-3894 slide-3902\" \/><img src=\"https:\/\/ed-mb.si\/wp-content\/uploads\/zasavje-02-600x400.jpg\" height=\"400\" width=\"600\" title=\"zasavje-02\" alt=\"\" class=\"slider-3894 slide-3911\" \/><img src=\"https:\/\/ed-mb.si\/wp-content\/uploads\/zasavje-05-600x400.jpg\" height=\"400\" width=\"600\" title=\"zasavje-05\" alt=\"\" class=\"slider-3894 slide-3908\" \/><img src=\"https:\/\/ed-mb.si\/wp-content\/uploads\/zasavje-15-600x400.jpg\" height=\"400\" width=\"600\" title=\"zasavje-15\" alt=\"\" class=\"slider-3894 slide-3898\" \/><img src=\"https:\/\/ed-mb.si\/wp-content\/uploads\/zasavje-17-600x400.jpg\" height=\"400\" width=\"600\" title=\"zasavje-17\" alt=\"\" class=\"slider-3894 slide-3896\" \/><img src=\"https:\/\/ed-mb.si\/wp-content\/uploads\/zasavje-16-600x400.jpg\" height=\"400\" width=\"600\" title=\"zasavje-16\" alt=\"\" class=\"slider-3894 slide-3897\" \/><img src=\"https:\/\/ed-mb.si\/wp-content\/uploads\/zasavje-08-600x400.jpg\" height=\"400\" width=\"600\" title=\"zasavje-08\" alt=\"\" class=\"slider-3894 slide-3905\" \/><img src=\"https:\/\/ed-mb.si\/wp-content\/uploads\/zasavje-13-600x400.jpg\" height=\"400\" width=\"600\" title=\"zasavje-13\" alt=\"\" class=\"slider-3894 slide-3900\" \/><img src=\"https:\/\/ed-mb.si\/wp-content\/uploads\/zasavje-18-600x400.jpg\" height=\"400\" width=\"600\" title=\"zasavje-18\" alt=\"\" class=\"slider-3894 slide-3895\" \/><img src=\"https:\/\/ed-mb.si\/wp-content\/uploads\/zasavje-04-600x400.jpg\" height=\"400\" width=\"600\" title=\"zasavje-04\" alt=\"\" class=\"slider-3894 slide-3909\" \/><img src=\"https:\/\/ed-mb.si\/wp-content\/uploads\/zasavje-09-600x400.jpg\" height=\"400\" width=\"600\" title=\"zasavje-09\" alt=\"\" class=\"slider-3894 slide-3904\" \/><img src=\"https:\/\/ed-mb.si\/wp-content\/uploads\/zasavje-06-600x400.jpg\" height=\"400\" width=\"600\" title=\"zasavje-06\" alt=\"\" class=\"slider-3894 slide-3907\" \/><img src=\"https:\/\/ed-mb.si\/wp-content\/uploads\/zasavje-14-600x400.jpg\" height=\"400\" width=\"600\" title=\"zasavje-14\" alt=\"\" class=\"slider-3894 slide-3899\" \/><img src=\"https:\/\/ed-mb.si\/wp-content\/uploads\/zasavje-12-600x400.jpg\" height=\"400\" width=\"600\" title=\"zasavje-12\" alt=\"\" class=\"slider-3894 slide-3901\" \/><img src=\"https:\/\/ed-mb.si\/wp-content\/uploads\/zasavje-01-600x400.jpg\" height=\"400\" width=\"600\" title=\"zasavje-01\" alt=\"\" class=\"slider-3894 slide-3912\" \/><img src=\"https:\/\/ed-mb.si\/wp-content\/uploads\/zasavje-10-600x400.jpg\" height=\"400\" width=\"600\" title=\"zasavje-10\" alt=\"\" class=\"slider-3894 slide-3903\" \/><img src=\"https:\/\/ed-mb.si\/wp-content\/uploads\/zasavje-07-600x400.jpg\" height=\"400\" width=\"600\" title=\"zasavje-07\" alt=\"\" class=\"slider-3894 slide-3906\" \/><img src=\"https:\/\/ed-mb.si\/wp-content\/uploads\/zasavje-03-600x400.jpg\" height=\"400\" width=\"600\" title=\"zasavje-03\" alt=\"\" class=\"slider-3894 slide-3910\" \/><\/div><\/div>\n        \n    <\/div>\n<\/div><\/div>\n","protected":false},"excerpt":{"rendered":"<p>Ekskurzija na KORO\u0160KO Ogled Akademije- Elektro Maribor Ekskurzija \u010ce\u0161ka Ekskurzija Zasavje<\/p>\n","protected":false},"author":1,"featured_media":0,"parent":0,"menu_order":0,"comment_status":"closed","ping_status":"closed","template":"","meta":{"_monsterinsights_skip_tracking":false,"_monsterinsights_sitenote_active":false,"_monsterinsights_sitenote_note":"","_monsterinsights_sitenote_category":0,"ngg_post_thumbnail":0,"footnotes":""},"_links":{"self":[{"href":"https:\/\/ed-mb.si\/index.php?rest_route=\/wp\/v2\/pages\/3805"}],"collection":[{"href":"https:\/\/ed-mb.si\/index.php?rest_route=\/wp\/v2\/pages"}],"about":[{"href":"https:\/\/ed-mb.si\/index.php?rest_route=\/wp\/v2\/types\/page"}],"author":[{"embeddable":true,"href":"https:\/\/ed-mb.si\/index.php?rest_route=\/wp\/v2\/users\/1"}],"replies":[{"embeddable":true,"href":"https:\/\/ed-mb.si\/index.php?rest_route=%2Fwp%2Fv2%2Fcomments&post=3805"}],"version-history":[{"count":10,"href":"https:\/\/ed-mb.si\/index.php?rest_route=\/wp\/v2\/pages\/3805\/revisions"}],"predecessor-version":[{"id":3916,"href":"https:\/\/ed-mb.si\/index.php?rest_route=\/wp\/v2\/pages\/3805\/revisions\/3916"}],"wp:attachment":[{"href":"https:\/\/ed-mb.si\/index.php?rest_route=%2Fwp%2Fv2%2Fmedia&parent=3805"}],"curies":[{"name":"wp","href":"https:\/\/api.w.org\/{rel}","templated":true}]}}