{"id":398,"date":"2026-01-20T21:14:00","date_gmt":"2026-01-20T20:14:00","guid":{"rendered":"http:\/\/ed-mb.si\/?page_id=398"},"modified":"2026-03-16T10:26:26","modified_gmt":"2026-03-16T09:26:26","slug":"prijavnica-kotnikovi-dnevi-2014","status":"publish","type":"page","link":"https:\/\/ed-mb.si\/?page_id=398","title":{"rendered":"Prijavnice za 44. KD"},"content":{"rendered":"\n<p class=\"has-text-align-center\"><strong>IZOBRA\u017dEVANJE S PODRO\u010cJA MO\u010cNOSTNE ELEKTROTEHNIKE IN<br>SODOBNIH ELEKTRI\u010cNIH IN\u0160TALACIJ<\/strong><\/p>\n\n\n\n<p class=\"has-text-align-center\">&nbsp;<strong>44. Kotnikovi dnevi<\/strong> bodo  potekali&nbsp; <strong>26 in 27. marca 2026<\/strong><\/p>\n\n\n<p style=\"text-align: center;\">&nbsp;<\/p>\n<p><span style=\"color: #0000ff;\"><strong><span style=\"color: #333399;\">PRIJAVNICA RAZSTAVLJALCI&nbsp; <br>&nbsp; &nbsp; &nbsp; &nbsp; &nbsp; &nbsp; &nbsp; &nbsp; &nbsp; &nbsp; &nbsp;<\/span><\/strong><\/span><\/p>\n<p><a href=\"https:\/\/ed-mb.si\/prijavnice\/P R I J A V A 2026 razstavljalci.doc\" target=\"_blank\" rel=\"noopener\" data-wplink-url-error=\"true\"><img decoding=\"async\" loading=\"lazy\" class=\"aligncenter wp-image-356 size-full\" src=\"http:\/\/ed-mb.si\/wp-content\/uploads\/2014\/01\/ikona-Word.gif\" alt=\"\" width=\"40\" height=\"39\"><\/a><a href=\"http:\/\/www.ed-mb.si\/prijavnice\/P R I J A V A 2026 razstavljalci.pdf\" target=\"_blank\" rel=\"noopener noreferrer\" data-wplink-url-error=\"true\"><img decoding=\"async\" loading=\"lazy\" class=\"aligncenter wp-image-436 size-full\" src=\"http:\/\/ed-mb.si\/wp-content\/uploads\/2014\/01\/ikona1-Pdf.gif\" alt=\"\" width=\"40\" height=\"42\"><\/a><\/p>\n<p><span style=\"color: #0000ff;\"><strong><span style=\"color: #800080;\">PRIJAVNICA POSVETOVANJE<\/span><a href=\"https:\/\/ed-mb.si\/prijavnice\/PRIJAVA udele\u017eenci 2026.docx\" target=\"_blank\" rel=\"noopener\" data-wplink-url-error=\"true\"><img decoding=\"async\" loading=\"lazy\" class=\"aligncenter wp-image-356 size-full\" src=\"http:\/\/ed-mb.si\/wp-content\/uploads\/2014\/01\/ikona-Word.gif\" alt=\"\" width=\"40\" height=\"39\"><\/a><\/strong><\/span><span style=\"color: #0000ff;\"><strong><a href=\"http:\/\/www.ed-mb.si\/prijavnice\/PRIJAVA udele\u017eenci 2026.pdf\" target=\"_blank\" rel=\"noopener noreferrer\" data-wplink-url-error=\"true\"><img decoding=\"async\" loading=\"lazy\" class=\"aligncenter wp-image-436 size-full\" src=\"http:\/\/ed-mb.si\/wp-content\/uploads\/2014\/01\/ikona1-Pdf.gif\" alt=\"\" width=\"40\" height=\"42\"><\/a><\/strong><\/span><\/p>\n<p><a href=\"http:\/\/www.ed-mb.si\/prijavnice\/OBRAZEC ZA REZERVACIJO NAMESTITVE.pdf\" data-wplink-url-error=\"true\"><strong>&nbsp;OBRAZEC ZA NAMESTITEV V HOTEL<\/strong><\/a><\/p>\n<p>&nbsp;<\/p>\n<p style=\"text-align: center;\"><strong><span style=\"color: #ff0000;\">ELEKTRONSKA PRIJAVNICA ZA POSVETOVANJE<br><span style=\"color: #800080;\">Za pridobitev kreditnih to\u010dk morate obvezno vpisati \u0161tevilko izkaznice IZS<\/span><\/span><\/strong><\/p>\n<p style=\"text-align: center;\">\n<div class=\"wpcf7 no-js\" id=\"wpcf7-f407-o1\" lang=\"sl-SI\" dir=\"ltr\">\n<div class=\"screen-reader-response\"><p role=\"status\" aria-live=\"polite\" aria-atomic=\"true\"><\/p> <ul><\/ul><\/div>\n<form action=\"\/index.php?rest_route=%2Fwp%2Fv2%2Fpages%2F398#wpcf7-f407-o1\" method=\"post\" class=\"wpcf7-form init\" aria-label=\"Contact form\" novalidate=\"novalidate\" data-status=\"init\">\n<div style=\"display: none;\">\n<input type=\"hidden\" name=\"_wpcf7\" value=\"407\" \/>\n<input type=\"hidden\" name=\"_wpcf7_version\" value=\"5.9.6\" \/>\n<input type=\"hidden\" name=\"_wpcf7_locale\" value=\"sl_SI\" \/>\n<input type=\"hidden\" name=\"_wpcf7_unit_tag\" value=\"wpcf7-f407-o1\" \/>\n<input type=\"hidden\" name=\"_wpcf7_container_post\" value=\"0\" \/>\n<input type=\"hidden\" name=\"_wpcf7_posted_data_hash\" value=\"\" \/>\n<\/div>\n<p>Organizacija (obvezno)\n<\/p>\n<p><span class=\"wpcf7-form-control-wrap\" data-name=\"organizacija\"><input size=\"40\" maxlength=\"80\" class=\"wpcf7-form-control wpcf7-text wpcf7-validates-as-required\" aria-required=\"true\" aria-invalid=\"false\" value=\"\" type=\"text\" name=\"organizacija\" \/><\/span>\n<\/p>\n<p>Va\u0161 e-mail (obvezno)\n<\/p>\n<p><span class=\"wpcf7-form-control-wrap\" data-name=\"your-email\"><input size=\"40\" maxlength=\"80\" class=\"wpcf7-form-control wpcf7-email wpcf7-validates-as-required wpcf7-text wpcf7-validates-as-email\" aria-required=\"true\" aria-invalid=\"false\" value=\"\" type=\"email\" name=\"your-email\" \/><\/span>\n<\/p>\n<p>Naslov (obvezno)\n<\/p>\n<p><span class=\"wpcf7-form-control-wrap\" data-name=\"Naslov\"><input size=\"40\" maxlength=\"80\" class=\"wpcf7-form-control wpcf7-text wpcf7-validates-as-required\" aria-required=\"true\" aria-invalid=\"false\" value=\"\" type=\"text\" name=\"Naslov\" \/><\/span>\n<\/p>\n<p>Kraj (obvezno)\n<\/p>\n<p><span class=\"wpcf7-form-control-wrap\" data-name=\"Kraj\"><input size=\"40\" maxlength=\"80\" class=\"wpcf7-form-control wpcf7-text wpcf7-validates-as-required\" aria-required=\"true\" aria-invalid=\"false\" value=\"\" type=\"text\" name=\"Kraj\" \/><\/span>\n<\/p>\n<p>Po\u0161tna \u0161tevilka (obvezno)\n<\/p>\n<p><span class=\"wpcf7-form-control-wrap\" data-name=\"postnastevilka\"><input size=\"4\" maxlength=\"4\" class=\"wpcf7-form-control wpcf7-text wpcf7-validates-as-required\" aria-required=\"true\" aria-invalid=\"false\" value=\"\" type=\"text\" name=\"postnastevilka\" \/><\/span>\n<\/p>\n<p>Dav\u010dni zavezanec (obvezno)\n<\/p>\n<p><span class=\"wpcf7-form-control-wrap\" data-name=\"Davcnizavezanec\"><select class=\"wpcf7-form-control wpcf7-select\" aria-invalid=\"false\" name=\"Davcnizavezanec\"><option value=\"DA\">DA<\/option><option value=\"NE\">NE<\/option><\/select><\/span>\n<\/p>\n<p>ID za dav\u010dno \u0161tevilko (obvezno)\n<\/p>\n<p><span class=\"wpcf7-form-control-wrap\" data-name=\"IDzaDavcnotevilko\"><input size=\"8\" maxlength=\"80\" class=\"wpcf7-form-control wpcf7-text wpcf7-validates-as-required\" aria-required=\"true\" aria-invalid=\"false\" value=\"\" type=\"text\" name=\"IDzaDavcnotevilko\" \/><\/span>\n<\/p>\n<p>Kontaktna oseba(obvezno)\n<\/p>\n<p><span class=\"wpcf7-form-control-wrap\" data-name=\"kontaktnaoseba\"><input size=\"40\" maxlength=\"80\" class=\"wpcf7-form-control wpcf7-text\" aria-invalid=\"false\" value=\"\" type=\"text\" name=\"kontaktnaoseba\" \/><\/span>\n<\/p>\n<p>Na seminar prijavljamo<br \/>\n(Ime, priimek, elektronska po\u0161ta in \u0161t.izkaznice IZS)\n<\/p>\n<p><span class=\"wpcf7-form-control-wrap\" data-name=\"prijavljeni\"><textarea cols=\"40\" rows=\"10\" maxlength=\"900\" class=\"wpcf7-form-control wpcf7-textarea\" aria-invalid=\"false\" name=\"prijavljeni\"><\/textarea><\/span>\n<\/p>\n<p>Poobla\u0161\u010deni in nadzorni in\u017eenirji za udele\u017ebo na posvetovanju pridobijo za udele\u017eba oba dneva 5 kreditnih to\u010dk iz izbirnih vsebin(3 za prvi dan in 2 za drugi dan) skladno s Splo\u0161nim aktom o stalnem poklicnem usposabljanju poobla\u0161\u010denih in\u017eenirjev.<br \/>\nElektrotehni\u0161ko dru\u0161tvo Maribor, kot organizator posvetovanja, bo poskrbelo za vpis kreditnih to\u010dk slu\u0161ateljem (pasivna udele\u017eba) in posebej tudi predavateljem (aktivna udele\u017eba).\n<\/p>\n<p><input class=\"wpcf7-form-control wpcf7-submit has-spinner\" type=\"submit\" value=\"Po\u0161lji\" \/>\n<\/p><p style=\"display: none !important;\" class=\"akismet-fields-container\" data-prefix=\"_wpcf7_ak_\"><label>&#916;<textarea name=\"_wpcf7_ak_hp_textarea\" cols=\"45\" rows=\"8\" maxlength=\"100\"><\/textarea><\/label><input type=\"hidden\" id=\"ak_js_1\" name=\"_wpcf7_ak_js\" value=\"155\"\/><script>document.getElementById( \"ak_js_1\" ).setAttribute( \"value\", ( new Date() ).getTime() );<\/script><\/p><div class=\"wpcf7-response-output\" aria-hidden=\"true\"><\/div>\n<\/form>\n<\/div>\n<\/p>\n\n\n<p><\/p>\n","protected":false},"excerpt":{"rendered":"<p>IZOBRA\u017dEVANJE S PODRO\u010cJA MO\u010cNOSTNE ELEKTROTEHNIKE INSODOBNIH ELEKTRI\u010cNIH IN\u0160TALACIJ &nbsp;44. Kotnikovi dnevi bodo potekali&nbsp; 26 in 27. marca 2026 &nbsp; PRIJAVNICA RAZSTAVLJALCI&nbsp; &nbsp; &nbsp; &nbsp; &nbsp; &nbsp; &nbsp; &nbsp; &nbsp; &nbsp; &nbsp; &nbsp; PRIJAVNICA POSVETOVANJE &nbsp;OBRAZEC ZA NAMESTITEV V HOTEL &nbsp; ELEKTRONSKA PRIJAVNICA ZA POSVETOVANJEZa pridobitev kreditnih to\u010dk morate obvezno vpisati \u0161tevilko izkaznice IZS<\/p>\n","protected":false},"author":1,"featured_media":0,"parent":0,"menu_order":2,"comment_status":"closed","ping_status":"closed","template":"","meta":{"_monsterinsights_skip_tracking":false,"_monsterinsights_sitenote_active":false,"_monsterinsights_sitenote_note":"","_monsterinsights_sitenote_category":0,"ngg_post_thumbnail":0,"footnotes":""},"_links":{"self":[{"href":"https:\/\/ed-mb.si\/index.php?rest_route=\/wp\/v2\/pages\/398"}],"collection":[{"href":"https:\/\/ed-mb.si\/index.php?rest_route=\/wp\/v2\/pages"}],"about":[{"href":"https:\/\/ed-mb.si\/index.php?rest_route=\/wp\/v2\/types\/page"}],"author":[{"embeddable":true,"href":"https:\/\/ed-mb.si\/index.php?rest_route=\/wp\/v2\/users\/1"}],"replies":[{"embeddable":true,"href":"https:\/\/ed-mb.si\/index.php?rest_route=%2Fwp%2Fv2%2Fcomments&post=398"}],"version-history":[{"count":103,"href":"https:\/\/ed-mb.si\/index.php?rest_route=\/wp\/v2\/pages\/398\/revisions"}],"predecessor-version":[{"id":5604,"href":"https:\/\/ed-mb.si\/index.php?rest_route=\/wp\/v2\/pages\/398\/revisions\/5604"}],"wp:attachment":[{"href":"https:\/\/ed-mb.si\/index.php?rest_route=%2Fwp%2Fv2%2Fmedia&parent=398"}],"curies":[{"name":"wp","href":"https:\/\/api.w.org\/{rel}","templated":true}]}}