{"id":4181,"date":"2022-04-01T12:00:14","date_gmt":"2022-04-01T11:00:14","guid":{"rendered":"http:\/\/ed-mb.si\/?page_id=4181"},"modified":"2022-12-08T09:43:20","modified_gmt":"2022-12-08T08:43:20","slug":"ekskurzije-2022","status":"publish","type":"page","link":"https:\/\/ed-mb.si\/?page_id=4181","title":{"rendered":"Ekskurzije 2022"},"content":{"rendered":"\n<p class=\"has-text-color has-medium-font-size has-vivid-cyan-blue-color\"><strong>Ekskurzija Primorska<\/strong><br>Ribogojnica FONDA v Se\u010di &#8211; Piran &#8211; Krkav\u010de\u00a0 <\/p>\n\n\n\n<p>Obisk Ribogojnice Fonda v se\u010di. Na plovilu, ki omogo\u010da, da\nse zelo pribli\u017eamo ribogojnim bazenom in linijam za gojenje \u0161koljk, smo se odpravili\nna ladijsko vo\u017enjo. Razlo\u017eili so nam <br>\nzna\u010dilnosti Piranskega zaliva, solin, krajinskega parka, ribogojnega rezervata,\nrastlin in \u017eivali. Sledi ogled ribogojnice, razlaga na\u010dina gojenja rib in\nblagovne znamke Piranski brancin Fonda. Nato nadaljujemo s plovbo skozi \u0161kolj\u010di\u0161\u010de;\ntu so nas seznanili z na\u010dinom gojenja klapavic. Ogled smo ob kozarcu vina\nsklenili s poku\u0161ino piranskega brancina (carpaccio s solnim cvetom iz Piranskih\nsolin in doma\u010dim olj\u010dnim oljem) in dimljenegabrancina. <\/p>\n\n\n\n<p>Po pribli\u017eno dvournem ogledu in poku\u0161ini vo\u017enja v Piran, ki\ns svojo prav posebno atmosfero in lepoto vedno znova o\u010dara. Morda pija\u010da na\nTartinijevem trgu, nato sprehod do nedavno lepo obnovljene cerkve sv. Jurija\nnad mestom, od koder so prelepi razgledi vse do Italije.<\/p>\n\n\n\n<p>Nato smo se odpeljali na \u0160avrinska brda v vas Krkav\u010de, ki je\n\u00bbmati od ulk\u00ab (mati od oljk), do turisti\u010dne kmetije Robivera, katere glavna\nza\u0161\u010ditna znamka je ekolo\u0161ko pridelava ekstra devi\u0161kega olja vi\u0161je kategorije.\nNa treh lokacijah imajo zasajene vinograde, torej je&nbsp; po \u017eelji mo\u017ena tudi&nbsp; poku\u0161nja vin. Istrsko govedo bo\u0161karin, ki\nnaseljuje istrski polotok, je avtohtona pasma goveda, ki ima svoje prednike v pragovedu\niz ledene dobe. \u0160ara\u017ein, ljubkovalno \u00bbbo\u0161ko\u00ab, se imenuje bo\u0161karin na na\u0161i\nkmetiji; vesel je vsakega obiskovalca in skupaj z njimi u\u017eiva v lepih pogledih\nna Se\u010doveljske soline in Piranski zaliv. Okoli 15.00 ogled kmetije in tipi\u010dno\nkosilo. <\/p>\n\n\n\n<div class=\"alignnormal\"><div id=\"metaslider-id-4296\" style=\"max-width: 600px; margin: 0 auto;\" class=\"ml-slider-3-93-0 metaslider metaslider-nivo metaslider-4296 ml-slider ms-theme-nivo-bar has-dots-nav\" role=\"region\" aria-roledescription=\"Slideshow\" aria-label=\"Primorska\">\n    <div id=\"metaslider_container_4296\">\n        <div class='slider-wrapper theme-default'><div class='ribbon'><\/div><div id='metaslider_4296' class='nivoSlider'><img src=\"https:\/\/ed-mb.si\/wp-content\/uploads\/2-Piran-2-1-600x400.jpg\" height=\"400\" width=\"600\" title=\"2-Piran-2\" alt=\"\" class=\"slider-4296 slide-4317\" \/><img src=\"https:\/\/ed-mb.si\/wp-content\/uploads\/1-Fonda-2-600x400.jpg\" height=\"400\" width=\"600\" title=\"1-Fonda-2\" alt=\"\" class=\"slider-4296 slide-4303\" \/><img src=\"https:\/\/ed-mb.si\/wp-content\/uploads\/2-Piran-1-600x400.jpg\" height=\"400\" width=\"600\" title=\"2-Piran-1\" alt=\"\" class=\"slider-4296 slide-4305\" \/><img src=\"https:\/\/ed-mb.si\/wp-content\/uploads\/2-Piran-2-600x400.jpg\" height=\"400\" width=\"600\" title=\"2-Piran-2\" alt=\"\" class=\"slider-4296 slide-4306\" \/><img src=\"https:\/\/ed-mb.si\/wp-content\/uploads\/1-Fonda-7-600x400.jpg\" height=\"400\" width=\"600\" title=\"1-Fonda-7\" alt=\"\" class=\"slider-4296 slide-4304\" \/><img src=\"https:\/\/ed-mb.si\/wp-content\/uploads\/1-Fonda-1-600x400.jpg\" height=\"400\" width=\"600\" title=\"1-Fonda-1\" alt=\"\" class=\"slider-4296 slide-4302\" \/><\/div><\/div>\n        \n    <\/div>\n<\/div><\/div>\n\n\n\n<p style=\"text-align:center\">Foto: Gero Angleitner<\/p>\n\n\n\n<p><\/p>\n\n\n\n<p><\/p>\n\n\n\n<p><\/p>\n\n\n\n<p class=\"has-medium-font-size\"><strong>Ekskurzija Prlekija z Pomurjem<\/strong><\/p>\n\n\n\n<p>Ogled Expano centra . Nato ogled Stare Gore majhne vasice prijaznih in veselih<br> ljudi. Je en sam spomenik umetnostne, tehni\u010dne in rokodelske dedi\u0161\u010dine. Do\u017eiveli ste<br> starogorske znamenitosti: Mlin na veter, etnolo\u0161ki muzej, baro\u010dna cerkev Sv. Duha.  <br> Slovenske gorice so tisti ko\u0161\u010dek slovenske zemlje, ki skrivajo v sebi neko magi\u010dno mo\u010d. <br> Ogled starodobnikov  Puhovega muzeja v Saku\u0161aku. V muzeju<br> je stalna razstava z naslovom &#8220;Janez Puh, sin Slovenskih goric, \u010dlovek za vse \u010dase&#8221; in etnografska<br> razstava. Z ogledom muzeja lahko obiskovalec spozna Janeza Puha, na\u010din \u017eivljenja v njegovem<br> \u010dasu ter de\u017eelo, v katero se je rad vra\u010dal. <br> Sledilo je pozno kosilo v eni izmed turisti\u010dnih kmetij (Vitomarci) in dru\u017eenje ob degustaciji vina. <\/p>\n\n\n\n<div class=\"alignnormal\"><div id=\"metaslider-id-4186\" style=\"max-width: 600px; margin: 0 auto;\" class=\"ml-slider-3-93-0 metaslider metaslider-nivo metaslider-4186 ml-slider ms-theme-nivo-bar has-dots-nav\" role=\"region\" aria-roledescription=\"Slideshow\" aria-label=\"Ekskurzija Prlekija\">\n    <div id=\"metaslider_container_4186\">\n        <div class='slider-wrapper theme-default'><div class='ribbon'><\/div><div id='metaslider_4186' class='nivoSlider'><img src=\"https:\/\/ed-mb.si\/wp-content\/uploads\/izlet-07-600x400.jpg\" height=\"400\" width=\"600\" title=\"izlet-07\" alt=\"\" class=\"slider-4186 slide-4241\" \/><img src=\"https:\/\/ed-mb.si\/wp-content\/uploads\/izlet-05-600x400.jpg\" height=\"400\" width=\"600\" title=\"izlet-05\" alt=\"\" class=\"slider-4186 slide-4239\" \/><img src=\"https:\/\/ed-mb.si\/wp-content\/uploads\/izlet-09-600x400.jpg\" height=\"400\" width=\"600\" title=\"izlet-09\" alt=\"\" class=\"slider-4186 slide-4243\" \/><img src=\"https:\/\/ed-mb.si\/wp-content\/uploads\/izlet-02-600x400.jpg\" height=\"400\" width=\"600\" title=\"izlet-02\" alt=\"\" class=\"slider-4186 slide-4236\" \/><img src=\"https:\/\/ed-mb.si\/wp-content\/uploads\/izlet-12-600x400.jpg\" height=\"400\" width=\"600\" title=\"izlet-12\" alt=\"\" class=\"slider-4186 slide-4246\" \/><img src=\"https:\/\/ed-mb.si\/wp-content\/uploads\/izlet-11-600x400.jpg\" height=\"400\" width=\"600\" title=\"izlet-11\" alt=\"\" class=\"slider-4186 slide-4245\" \/><img src=\"https:\/\/ed-mb.si\/wp-content\/uploads\/izlet-06-600x400.jpg\" height=\"400\" width=\"600\" title=\"izlet-06\" alt=\"\" class=\"slider-4186 slide-4240\" \/><img src=\"https:\/\/ed-mb.si\/wp-content\/uploads\/izlet-13-600x400.jpg\" height=\"400\" width=\"600\" title=\"izlet-13\" alt=\"\" class=\"slider-4186 slide-4247\" \/><img src=\"https:\/\/ed-mb.si\/wp-content\/uploads\/izlet-08-600x400.jpg\" height=\"400\" width=\"600\" title=\"izlet-08\" alt=\"\" class=\"slider-4186 slide-4242\" \/><img src=\"https:\/\/ed-mb.si\/wp-content\/uploads\/izlet-01-600x400.jpg\" height=\"400\" width=\"600\" title=\"izlet-01\" alt=\"\" class=\"slider-4186 slide-4235\" \/><img src=\"https:\/\/ed-mb.si\/wp-content\/uploads\/izlet-03-600x400.jpg\" height=\"400\" width=\"600\" title=\"izlet-03\" alt=\"\" class=\"slider-4186 slide-4237\" \/><img src=\"https:\/\/ed-mb.si\/wp-content\/uploads\/izlet-04-600x400.jpg\" height=\"400\" width=\"600\" title=\"izlet-04\" alt=\"\" class=\"slider-4186 slide-4238\" \/><img src=\"https:\/\/ed-mb.si\/wp-content\/uploads\/izlet-10-600x400.jpg\" height=\"400\" width=\"600\" title=\"izlet-10\" alt=\"\" class=\"slider-4186 slide-4244\" \/><\/div><\/div>\n        \n    <\/div>\n<\/div><\/div>\n\n\n\n<p style=\"text-align:center\">Fotografije: Gero Angleitner<\/p>\n\n\n\n<p><\/p>\n\n\n\n<p><\/p>\n\n\n\n<p><\/p>\n\n\n\n<p><\/p>\n\n\n\n<p class=\"has-text-color has-medium-font-size has-vivid-cyan-blue-color\"><\/p>\n\n\n\n<p><\/p>\n\n\n\n<p class=\"has-text-color has-medium-font-size has-vivid-cyan-blue-color\"><strong>Ogled \u017delezni\u0161kega predora Karavanke<\/strong><\/p>\n\n\n\n<p>\u017delezni\u0161ki predor Karavanke pri Hru\u0161ici nad Jesenicami je 7.976 metrov dolg slovensko-avstrijski predor in predstavlja pomembno \u010dezmejno povezavo na \u017eelezni\u0161ki progi M\u00fcnchen\u2013Salzburg\u2013Ljubljana\u2013Solun. Predor je bil predan v uporabo leta 1906.<\/p>\n\n\n\n<p>V letu 2015 je bil podpisan Sporazum o skupnem na\u010drtovanju varnostno\u2013tehni\u010dne prenove \u017eelezni\u0161kega predora med pristojnima ministrstvoma Republike Slovenije in Republike Avstrije. Na podlagi sporazuma je bil v letu 2016 podpisan dogovor o na\u010drtovanju progovnega odseka Jesenice\u2013Podro\u017eca, skladno s katerim je izvedena varnostno\u2013tehni\u010dna nadgradnja \u017eelezni\u0161kega predora Karavanke.<br>Cilj projekta:<\/p>\n\n\n\n<ul><li>izbolj\u0161anje varnostno\u2013tehni\u010dnih razmer v predoru Karavanke,<\/li><li>izbolj\u0161anje varnosti \u017eelezni\u0161kega prometa in potnikov,<\/li><li>zagotovitev hitrostnih parametrov za u\u010dinkovito delovanje \u017eelezni\u0161kega tovornega prometa ter posledi\u010dno tudi izbolj\u0161anje razmer odvijanja potni\u0161kega prometa, in sicer zagotovitev hitrosti do 120 km\/h,<\/li><li>zagotovitev dviga kategorije proge na D4 (dovoljeni pritiski 22,5 t\/os),<\/li><li>zagotovitev ustreznih \u017eelezni\u0161kih povezav s \u0161ir\u0161im evropskim prostorom.<\/li><\/ul>\n\n\n\n<h3 class=\"wp-block-heading\"><\/h3>\n\n\n\n<div class=\"alignnormal\"><div id=\"metaslider-id-4187\" style=\"max-width: 600px; margin: 0 auto;\" class=\"ml-slider-3-93-0 metaslider metaslider-nivo metaslider-4187 ml-slider ms-theme-nivo-bar has-dots-nav\" role=\"region\" aria-roledescription=\"Slideshow\" aria-label=\"Predor Jesenice\">\n    <div id=\"metaslider_container_4187\">\n        <div class='slider-wrapper theme-default'><div class='ribbon'><\/div><div id='metaslider_4187' class='nivoSlider'><a href=\"Predor Jesenice\" target=\"_self\"><img src=\"https:\/\/ed-mb.si\/wp-content\/uploads\/karavanke-2-600x400.jpg\" height=\"400\" width=\"600\" title=\"karavanke-2\" alt=\"\" class=\"slider-4187 slide-4188\" \/><\/a><a href=\"Predor Jesenice\" target=\"_self\"><img src=\"https:\/\/ed-mb.si\/wp-content\/uploads\/karavanke-3-600x400.jpg\" height=\"400\" width=\"600\" title=\"karavanke-3\" alt=\"\" class=\"slider-4187 slide-4189\" \/><\/a><img src=\"https:\/\/ed-mb.si\/wp-content\/uploads\/karavanke-3-1-600x400.jpg\" height=\"400\" width=\"600\" title=\"karavanke-3\" alt=\"\" class=\"slider-4187 slide-4259\" \/><img src=\"https:\/\/ed-mb.si\/wp-content\/uploads\/karavanke-1-600x400.jpg\" height=\"400\" width=\"600\" title=\"karavanke-1\" alt=\"\" class=\"slider-4187 slide-4257\" \/><img src=\"https:\/\/ed-mb.si\/wp-content\/uploads\/karavanke-4-600x400.jpg\" height=\"400\" width=\"600\" title=\"karavanke-4\" alt=\"\" class=\"slider-4187 slide-4260\" \/><img src=\"https:\/\/ed-mb.si\/wp-content\/uploads\/karavanke-2-1-600x400.jpg\" height=\"400\" width=\"600\" title=\"karavanke-2\" alt=\"\" class=\"slider-4187 slide-4258\" \/><\/div><\/div>\n        \n    <\/div>\n<\/div><\/div>\n\n\n\n<p><\/p>\n","protected":false},"excerpt":{"rendered":"<p>Ekskurzija PrimorskaRibogojnica FONDA v Se\u010di &#8211; Piran &#8211; Krkav\u010de\u00a0 Obisk Ribogojnice Fonda v se\u010di. Na plovilu, ki omogo\u010da, da se zelo pribli\u017eamo ribogojnim bazenom in linijam za gojenje \u0161koljk, smo se odpravili na ladijsko vo\u017enjo. Razlo\u017eili so nam zna\u010dilnosti Piranskega zaliva, solin, krajinskega parka, ribogojnega rezervata, rastlin in \u017eivali. Sledi ogled ribogojnice, razlaga na\u010dina gojenja [&hellip;]<\/p>\n","protected":false},"author":1,"featured_media":0,"parent":0,"menu_order":0,"comment_status":"closed","ping_status":"closed","template":"","meta":{"_monsterinsights_skip_tracking":false,"_monsterinsights_sitenote_active":false,"_monsterinsights_sitenote_note":"","_monsterinsights_sitenote_category":0,"ngg_post_thumbnail":0,"footnotes":""},"_links":{"self":[{"href":"https:\/\/ed-mb.si\/index.php?rest_route=\/wp\/v2\/pages\/4181"}],"collection":[{"href":"https:\/\/ed-mb.si\/index.php?rest_route=\/wp\/v2\/pages"}],"about":[{"href":"https:\/\/ed-mb.si\/index.php?rest_route=\/wp\/v2\/types\/page"}],"author":[{"embeddable":true,"href":"https:\/\/ed-mb.si\/index.php?rest_route=\/wp\/v2\/users\/1"}],"replies":[{"embeddable":true,"href":"https:\/\/ed-mb.si\/index.php?rest_route=%2Fwp%2Fv2%2Fcomments&post=4181"}],"version-history":[{"count":17,"href":"https:\/\/ed-mb.si\/index.php?rest_route=\/wp\/v2\/pages\/4181\/revisions"}],"predecessor-version":[{"id":4312,"href":"https:\/\/ed-mb.si\/index.php?rest_route=\/wp\/v2\/pages\/4181\/revisions\/4312"}],"wp:attachment":[{"href":"https:\/\/ed-mb.si\/index.php?rest_route=%2Fwp%2Fv2%2Fmedia&parent=4181"}],"curies":[{"name":"wp","href":"https:\/\/api.w.org\/{rel}","templated":true}]}}