{"id":4600,"date":"2023-04-06T07:20:12","date_gmt":"2023-04-06T06:20:12","guid":{"rendered":"http:\/\/ed-mb.si\/?page_id=4600"},"modified":"2023-04-10T07:20:52","modified_gmt":"2023-04-10T06:20:52","slug":"prva-elektricna-zarnica","status":"publish","type":"page","link":"https:\/\/ed-mb.si\/?page_id=4600","title":{"rendered":"Prva elektri\u010dna \u017earnica"},"content":{"rendered":"\n<p>4. aprila pred 140 leti (1883) so v slovenskih de\u017eelah elektri\u010dne \u017earnice najprej zasvetile v Mariboru. <img decoding=\"async\" loading=\"lazy\" height=\"16\" width=\"16\" src=\"https:\/\/static.xx.fbcdn.net\/images\/emoji.php\/v9\/t3c\/1\/16\/1f4a1.png\" alt=\"&#x1f4a1;\"><img decoding=\"async\" loading=\"lazy\" height=\"16\" width=\"16\" src=\"https:\/\/static.xx.fbcdn.net\/images\/emoji.php\/v9\/t3c\/1\/16\/1f4a1.png\" alt=\"&#x1f4a1;\"><img decoding=\"async\" loading=\"lazy\" height=\"16\" width=\"16\" src=\"https:\/\/static.xx.fbcdn.net\/images\/emoji.php\/v9\/t3c\/1\/16\/1f4a1.png\" alt=\"&#x1f4a1;\"><\/p>\n\n\n\n<p><em>Dne 4. 4. 1883 je Marburger Zeitung objavil, da je dru\u017eba Karla Sherbauma v svojem parnem mlinu vpeljala elektri\u010dno razsvetljavo, kar predstavlja za\u010detek elektrifikacije na dana\u0161njem ozemlju Slovenije.<\/em><\/p>\n\n\n\n<p><\/p>\n\n\n\n<p>To se je zgodilo, ko so v Scherbaumovem parnem mlinu uvedli elektri\u010dno razsvetljavo. Priklju\u010dili so 36 \u017earnic. Dogodku je posve\u010dena spominska plo\u0161\u010da na Grajskem trgu, ob kateri smo se danes na pobudo gospoda Borisa Sovi\u010da zbrali predstavniki ob\u010dine, <a href=\"https:\/\/www.facebook.com\/mccentermaribor?__cft__[0]=AZUcA6xV4ZS_bELA90wK8a94JkgacKU2E_j5fljnt5HOUNKA0FDLz63wUKcEB6F-oAfSxsWh-BLbTRGJhyg0FcqkSp6C2So0jXExTywmY2QNaqjqEJPcF3Wz-stCsLdmYyY7AcsSYosq3EtYA5HdowtWtsy2vjsDwMARCP2DHjFGBONd3417H-htVYQuWHyObXY&amp;__tn__=-]K-y-R\">Mestna \u010detrt Center Maribor<\/a>, Mestne \u010detrti Koro\u0161ka vrata in \u010dlani Elektrotehni\u0161kega dru\u0161tva Maribor.<\/p>\n\n\n\n<div class=\"alignnormal\"><div id=\"metaslider-id-4611\" style=\"max-width: 600px; margin: 0 auto;\" class=\"ml-slider-3-93-0 metaslider metaslider-nivo metaslider-4611 ml-slider ms-theme-nivo-bar has-dots-nav\" role=\"region\" aria-roledescription=\"Slideshow\" aria-label=\"Prva \u017earnica\">\n    <div id=\"metaslider_container_4611\">\n        <div class='slider-wrapper theme-default'><div class='ribbon'><\/div><div id='metaslider_4611' class='nivoSlider'><img src=\"https:\/\/ed-mb.si\/wp-content\/uploads\/339295738_6413112688723021_8363450588430693701_n-592x394.jpg\" height=\"400\" width=\"600\" title=\"339295738_6413112688723021_8363450588430693701_n\" alt=\"\" class=\"slider-4611 slide-4613\" \/><img src=\"https:\/\/ed-mb.si\/wp-content\/uploads\/339124450_1181793359073243_8595826599314918393_n-600x400.jpg\" height=\"400\" width=\"600\" title=\"339124450_1181793359073243_8595826599314918393_n\" alt=\"\" class=\"slider-4611 slide-4614\" \/><img src=\"https:\/\/ed-mb.si\/wp-content\/uploads\/339321223_212063861445425_7504959633857974306_n-1-600x400.jpg\" height=\"400\" width=\"600\" title=\"339321223_212063861445425_7504959633857974306_n (1)\" alt=\"\" class=\"slider-4611 slide-4612\" \/><img src=\"https:\/\/ed-mb.si\/wp-content\/uploads\/339115504_571172168323876_7221053188323616136_n-592x394.jpg\" height=\"400\" width=\"600\" title=\"339115504_571172168323876_7221053188323616136_n\" alt=\"\" class=\"slider-4611 slide-4615\" \/><\/div><\/div>\n        \n    <\/div>\n<\/div><\/div>\n","protected":false},"excerpt":{"rendered":"<p>4. aprila pred 140 leti (1883) so v slovenskih de\u017eelah elektri\u010dne \u017earnice najprej zasvetile v Mariboru. Dne 4. 4. 1883 je Marburger Zeitung objavil, da je dru\u017eba Karla Sherbauma v svojem parnem mlinu vpeljala elektri\u010dno razsvetljavo, kar predstavlja za\u010detek elektrifikacije na dana\u0161njem ozemlju Slovenije. To se je zgodilo, ko so v Scherbaumovem parnem mlinu uvedli [&hellip;]<\/p>\n","protected":false},"author":1,"featured_media":0,"parent":0,"menu_order":0,"comment_status":"closed","ping_status":"closed","template":"","meta":{"_monsterinsights_skip_tracking":false,"_monsterinsights_sitenote_active":false,"_monsterinsights_sitenote_note":"","_monsterinsights_sitenote_category":0,"ngg_post_thumbnail":0,"footnotes":""},"_links":{"self":[{"href":"https:\/\/ed-mb.si\/index.php?rest_route=\/wp\/v2\/pages\/4600"}],"collection":[{"href":"https:\/\/ed-mb.si\/index.php?rest_route=\/wp\/v2\/pages"}],"about":[{"href":"https:\/\/ed-mb.si\/index.php?rest_route=\/wp\/v2\/types\/page"}],"author":[{"embeddable":true,"href":"https:\/\/ed-mb.si\/index.php?rest_route=\/wp\/v2\/users\/1"}],"replies":[{"embeddable":true,"href":"https:\/\/ed-mb.si\/index.php?rest_route=%2Fwp%2Fv2%2Fcomments&post=4600"}],"version-history":[{"count":4,"href":"https:\/\/ed-mb.si\/index.php?rest_route=\/wp\/v2\/pages\/4600\/revisions"}],"predecessor-version":[{"id":4629,"href":"https:\/\/ed-mb.si\/index.php?rest_route=\/wp\/v2\/pages\/4600\/revisions\/4629"}],"wp:attachment":[{"href":"https:\/\/ed-mb.si\/index.php?rest_route=%2Fwp%2Fv2%2Fmedia&parent=4600"}],"curies":[{"name":"wp","href":"https:\/\/api.w.org\/{rel}","templated":true}]}}