{"id":5402,"date":"2025-05-21T08:59:39","date_gmt":"2025-05-21T07:59:39","guid":{"rendered":"http:\/\/ed-mb.si\/?page_id=5402"},"modified":"2025-10-27T09:06:06","modified_gmt":"2025-10-27T08:06:06","slug":"ekskurzije-2025","status":"publish","type":"page","link":"https:\/\/ed-mb.si\/?page_id=5402","title":{"rendered":"Ekskurzije 2025"},"content":{"rendered":"\n<h2 class=\"wp-block-heading has-cyan-bluish-gray-background-color has-background has-large-font-size\">Nova Gorica in Gori\u0161ka Brda<\/h2>\n\n\n\n<p>Nova Gorica, mesto na zahodni meji Slovenije, je bila leta 2025 razgla\u0161ena za Evropsko prestolnico kulture. To priznanje poudarja njeno bogato zgodovino, kulturno dedi\u0161\u010dino in inovativnost. Gori\u0161ka Brda so regija slikovitih gri\u010dev, prepletena z zelenimi vinogradi, sadovnjaki in olj\u010dnimi nasadi, ki ustvarjajo \u010dudovite razglede. Poleg vinogradov je dom slikovitih vasic z zna\u010dilno arhitekturo, ozkih ulic in kamnitih hi\u0161. Gori\u0161ka Brda iz\u017earevajo mir in spokojnost, idealna lokacija za sprostitev in u\u017eivanje v lepotah narave ter lokalni kulinariki in vinu. MARIBOR \u2013 NOVA GORICA \u2013 GORI\u0160KA BRDA (MEDANA) \u2013 \u0160MARTNO \u2013 GONJA\u010cE \u2013 SOLKANSKI MOST \u2013 SVETA GORA \u2013 MARIBOR. <br>Sprehod i n voden ogled Nove Gorice, ki je bila izbrana za Evropsko prestolnico kulture. Sledila je vo\u017enja po Gori\u0161kih Brdih, kjer smo se ustavili za doma\u010de kosilo na doma\u010diji pri Belici. Po kosilu je sledila kraj\u0161a vo\u017enja do slikovito obzidane vasi \u0160martno s petimi obrambnimi stolpi, ki jo je v Brdih videti od vsepovsod, saj kot orlovsko gnezdo \u010depi na izjemno razgledni vzpetini (po pesniku Alojzu Gradniku). Ogled vasice, sledil je sprehod med vinogradi do razglednega stolpa (23m, 144 stopnic) v Gonja\u010dah, od koder se nam ob lepem vremenu ponuja veli\u010dasten razgled na vse \u0161tiri strani neba: Brda, Julijske in Karnijske Alpe, Dolomite, Furlanijo, Tr\u017ea\u0161ki zaliv, Kras, Vipavsko dolino in Trnovski gozd. Na posestvu Zarova so nam  pripravili degustacijo s 3 vrstami vina in pr\u0161utom. Zapeljali smo  se do Solkanskega mostu in spoznamo njegovo zgodovino. Sledila je vo\u017enja na Sveto Goro, kjer z mogo\u010dno arhitekturo stoji Bazilika Svetogorske Matere Bo\u017eje ter spomenik, ki je posve\u010den sv. Fran\u010di\u0161ku Asi\u0161kemu. Odpre se nam \u010dudovit pogled na okoli\u0161ke kraje, vklju\u010dno z Novo Gorico, Gori\u0161ka Brda, dolino reke So\u010de in del Julijskih Alp. <br><\/p>\n\n\n\n<p class=\"has-text-align-center\"><em>foto: Gero Angleitner<\/em><\/p>\n\n\n\n<div class=\"alignnormal\"><div id=\"metaslider-id-5389\" style=\"width: 100%;\" class=\"ml-slider-3-93-0 metaslider metaslider-flex metaslider-5389 ml-slider ms-theme-default-base has-dots-nav\" role=\"region\" aria-roledescription=\"Slideshow\" aria-label=\"Gorica\">\n    <div id=\"metaslider_container_5389\">\n        <div id=\"metaslider_5389\">\n            <ul class='slides'>\n                <li style=\"display: block; width: 100%;\" class=\"slide-5390 ms-image \" aria-roledescription=\"slide\" aria-label=\"slide-5390\"><img src=\"https:\/\/ed-mb.si\/wp-content\/uploads\/Smartno-scaled-600x400.jpg\" height=\"400\" width=\"600\" alt=\"\" class=\"slider-5389 slide-5390\" title=\"\u0160martno\" \/><div class=\"caption-wrap\"><div class=\"caption\"><div>\u0160martno<\/div><\/div><\/div><\/li>\n                <li style=\"display: none; width: 100%;\" class=\"slide-5391 ms-image \" aria-roledescription=\"slide\" aria-label=\"slide-5391\"><img src=\"https:\/\/ed-mb.si\/wp-content\/uploads\/Sveta-gora-04-scaled-600x400.jpg\" height=\"400\" width=\"600\" alt=\"\" class=\"slider-5389 slide-5391\" title=\"Sveta gora-04\" \/><div class=\"caption-wrap\"><div class=\"caption\"><div>Sveta gora<\/div><\/div><\/div><\/li>\n                <li style=\"display: none; width: 100%;\" class=\"slide-5392 ms-image \" aria-roledescription=\"slide\" aria-label=\"slide-5392\"><img src=\"https:\/\/ed-mb.si\/wp-content\/uploads\/Sveta-gora-02-scaled-600x400.jpg\" height=\"400\" width=\"600\" alt=\"\" class=\"slider-5389 slide-5392\" title=\"Sveta gora-02\" \/><div class=\"caption-wrap\"><div class=\"caption\"><div>Sveta gora<\/div><\/div><\/div><\/li>\n                <li style=\"display: none; width: 100%;\" class=\"slide-5393 ms-image \" aria-roledescription=\"slide\" aria-label=\"slide-5393\"><img src=\"https:\/\/ed-mb.si\/wp-content\/uploads\/Sveta-gora-01-scaled-600x400.jpg\" height=\"400\" width=\"600\" alt=\"\" class=\"slider-5389 slide-5393\" title=\"Sveta gora-01\" \/><div class=\"caption-wrap\"><div class=\"caption\"><div>Sveta gora<\/div><\/div><\/div><\/li>\n                <li style=\"display: none; width: 100%;\" class=\"slide-5394 ms-image \" aria-roledescription=\"slide\" aria-label=\"slide-5394\"><img src=\"https:\/\/ed-mb.si\/wp-content\/uploads\/brda-14-scaled-600x400.jpg\" height=\"400\" width=\"600\" alt=\"\" class=\"slider-5389 slide-5394\" title=\"brda-14\" \/><div class=\"caption-wrap\"><div class=\"caption\"><div>Brda<\/div><\/div><\/div><\/li>\n                <li style=\"display: none; width: 100%;\" class=\"slide-5395 ms-image \" aria-roledescription=\"slide\" aria-label=\"slide-5395\"><img src=\"https:\/\/ed-mb.si\/wp-content\/uploads\/brda-13-scaled-600x400.jpg\" height=\"400\" width=\"600\" alt=\"\" class=\"slider-5389 slide-5395\" title=\"brda-13\" \/><div class=\"caption-wrap\"><div class=\"caption\"><div>Brda<\/div><\/div><\/div><\/li>\n                <li style=\"display: none; width: 100%;\" class=\"slide-5396 ms-image \" aria-roledescription=\"slide\" aria-label=\"slide-5396\"><img src=\"https:\/\/ed-mb.si\/wp-content\/uploads\/brda-12-scaled-600x400.jpg\" height=\"400\" width=\"600\" alt=\"\" class=\"slider-5389 slide-5396\" title=\"brda-12\" \/><div class=\"caption-wrap\"><div class=\"caption\"><div>Brda<\/div><\/div><\/div><\/li>\n                <li style=\"display: none; width: 100%;\" class=\"slide-5397 ms-image \" aria-roledescription=\"slide\" aria-label=\"slide-5397\"><img src=\"https:\/\/ed-mb.si\/wp-content\/uploads\/brda-10-scaled-600x400.jpg\" height=\"400\" width=\"600\" alt=\"\" class=\"slider-5389 slide-5397\" title=\"brda-10\" \/><div class=\"caption-wrap\"><div class=\"caption\"><div>Brda<\/div><\/div><\/div><\/li>\n                <li style=\"display: none; width: 100%;\" class=\"slide-5398 ms-image \" aria-roledescription=\"slide\" aria-label=\"slide-5398\"><img src=\"https:\/\/ed-mb.si\/wp-content\/uploads\/brda-09-scaled-600x400.jpg\" height=\"400\" width=\"600\" alt=\"\" class=\"slider-5389 slide-5398\" title=\"brda-09\" \/><div class=\"caption-wrap\"><div class=\"caption\"><div>Brda<\/div><\/div><\/div><\/li>\n                <li style=\"display: none; width: 100%;\" class=\"slide-5399 ms-image \" aria-roledescription=\"slide\" aria-label=\"slide-5399\"><img src=\"https:\/\/ed-mb.si\/wp-content\/uploads\/brda-07-scaled-600x400.jpg\" height=\"400\" width=\"600\" alt=\"\" class=\"slider-5389 slide-5399\" title=\"brda-07\" \/><div class=\"caption-wrap\"><div class=\"caption\"><div>Brda<\/div><\/div><\/div><\/li>\n                <li style=\"display: none; width: 100%;\" class=\"slide-5400 ms-image \" aria-roledescription=\"slide\" aria-label=\"slide-5400\"><img src=\"https:\/\/ed-mb.si\/wp-content\/uploads\/brda-05-scaled-600x400.jpg\" height=\"400\" width=\"600\" alt=\"\" class=\"slider-5389 slide-5400\" title=\"brda-05\" \/><div class=\"caption-wrap\"><div class=\"caption\"><div>Brda<\/div><\/div><\/div><\/li>\n                <li style=\"display: none; width: 100%;\" class=\"slide-5401 ms-image \" aria-roledescription=\"slide\" aria-label=\"slide-5401\"><img src=\"https:\/\/ed-mb.si\/wp-content\/uploads\/brda-01-scaled-600x400.jpg\" height=\"400\" width=\"600\" alt=\"\" class=\"slider-5389 slide-5401\" title=\"brda-01\" \/><div class=\"caption-wrap\"><div class=\"caption\"><div>Brda<\/div><\/div><\/div><\/li>\n            <\/ul>\n        <\/div>\n        \n    <\/div>\n<\/div><\/div>\n\n\n\n<p class=\"has-pale-cyan-blue-background-color has-background has-large-font-size\"><strong>IZLET V PREKMURJE<\/strong><\/p>\n\n\n\n<p><strong>v sobota, 25. oktobr 2025<\/strong><\/p>\n\n\n\n<p>Prihod v I\u017eakovce na <strong>OTOK LJUBEZNI<\/strong>, kjer smo si ogledali <strong>predstavitveni film<\/strong>, nato <strong>stalno razstavo \u00bbB\u00fcjra\u0161tvo na reki Muri\u00ab in tkalsko delavnico<\/strong>, v kateri so razstavljeni orodje in pripomo\u010dki, ki so jih neko\u010d uporabljali pri ro\u010dni predelavi lanu. Ogledali smo si tudi nov <strong>plavajo\u010di mlin<\/strong> in se <strong>z<\/strong> <strong>brodom popeljali na drugo stran reke Mure<\/strong> in nazaj. Pripravili pa so nam  tudi <strong>\u00bbb\u00fcjra\u0161ko malico\u00ab, <\/strong>to je<strong> \u00bbpajani kr\u00fcj z zaseko in \u010desnom\u00ab<\/strong>, ki smo si sami popekli na pokritem kuri\u0161\u010du. Zraven smo dobili \u0161e <strong>\u00bbLjubezenski napoj\u00ab<\/strong> in prisluhnili zanimivi pripovedi o ljubezenski romanci med beltinsko grofico in mlinarjevim sinom.<\/p>\n\n\n\n<p>V  <strong>Ocean Orchids v Dobrovniku<\/strong>, kjer smo si ogledali <strong>tropski vrt, <\/strong>ki se nahaja poleg proizvodnih povr\u0161in podjetja, kjer vsak dan zacveti okoli 4000 orhidej. V vrtu smo  ob strokovnem vodenju poleg \u0161tevilnih botani\u010dnih vrst orhidej ob\u010dudovali zanimive tropske in subtropske rastline iz celega sveta.<\/p>\n\n\n\n<p>Obiskali smo  <strong>Doma\u010dijo Passero v Te\u0161anovcih<\/strong>, kjer so nam  predstavili doma\u010dijo in v \u010dokoladnici prikazali izdelovanje \u010dokoladnih pralinejev, ki smo jih tudi degustirali.<\/p>\n\n\n\n<p>Ogled Ple\u010dnikove <strong>cerkev Gospodovega vnebohoda v Bogojini. <\/strong>Bogojanska cerkev arhitekta Jo\u017eeta Ple\u010dnika sodi med najmodernej\u0161e cerkvene stavbe v Evropi. S svojo nenavadno podobo obiskovalca \u017ee od dale\u010d pozdravlja okrogel zvonik, ki je poleg stropa, okra\u0161enega z lokalnimi, ro\u010dno izdelanimi lon\u010darskimi izdelki, prava pa\u0161a za o\u010di.<\/p>\n\n\n\n<p>Na <strong>Turisti\u010dni kmetiji Puhan<\/strong>, ki slovi po tradicionalnih prekmurskih jedeh in dobrih vinih in le\u017ei med vinogradi nad Ple\u010dnikovo cerkvijo v Bogojini, smo imeli <strong>kosilo<\/strong> (goveja juha in jur\u010dkova juha z ajdovo ka\u0161o, svinjska pe\u010denka, ocvrt pi\u0161\u010danec, zabeljeni d\u00f6doli, ajdova ka\u0161a, solata in prekmurska gibanica).<\/p>\n\n\n\n<div class=\"alignnormal\"><div id=\"metaslider-id-4455\" style=\"max-width: 600px; margin: 0 auto;\" class=\"ml-slider-3-93-0 metaslider metaslider-nivo metaslider-4455 ml-slider ms-theme-default has-dots-nav\" role=\"region\" aria-roledescription=\"Slideshow\" aria-label=\"Prekmurje\">\n    <div id=\"metaslider_container_4455\">\n        <div class='slider-wrapper theme-default'><div class='ribbon'><\/div><div id='metaslider_4455' class='nivoSlider'><img src=\"https:\/\/ed-mb.si\/wp-content\/uploads\/mura-03-600x400.jpg\" height=\"400\" width=\"600\" title=\"mura-03\" alt=\"\" class=\"slider-4455 slide-5454\" \/><img src=\"https:\/\/ed-mb.si\/wp-content\/uploads\/mura-11-600x400.jpg\" height=\"400\" width=\"600\" title=\"mura-11\" alt=\"\" class=\"slider-4455 slide-5446\" \/><img src=\"https:\/\/ed-mb.si\/wp-content\/uploads\/mura-12-600x400.jpg\" height=\"400\" width=\"600\" title=\"mura-12\" alt=\"\" class=\"slider-4455 slide-5445\" \/><img src=\"https:\/\/ed-mb.si\/wp-content\/uploads\/mura-14-600x400.jpg\" height=\"400\" width=\"600\" title=\"mura-14\" alt=\"\" class=\"slider-4455 slide-5443\" \/><img src=\"https:\/\/ed-mb.si\/wp-content\/uploads\/mura-10-600x400.jpg\" height=\"400\" width=\"600\" title=\"mura-10\" alt=\"\" class=\"slider-4455 slide-5447\" \/><img src=\"https:\/\/ed-mb.si\/wp-content\/uploads\/mura-15-600x400.jpg\" height=\"400\" width=\"600\" title=\"mura-15\" alt=\"\" class=\"slider-4455 slide-5442\" \/><img src=\"https:\/\/ed-mb.si\/wp-content\/uploads\/mura-04-600x400.jpg\" height=\"400\" width=\"600\" title=\"mura-04\" alt=\"\" class=\"slider-4455 slide-5453\" \/><img src=\"https:\/\/ed-mb.si\/wp-content\/uploads\/mura-06-600x400.jpg\" height=\"400\" width=\"600\" title=\"mura-06\" alt=\"\" class=\"slider-4455 slide-5451\" \/><img src=\"https:\/\/ed-mb.si\/wp-content\/uploads\/mura-16-600x400.jpg\" height=\"400\" width=\"600\" title=\"mura-16\" alt=\"\" class=\"slider-4455 slide-5441\" \/><img src=\"https:\/\/ed-mb.si\/wp-content\/uploads\/mura-05-600x400.jpg\" height=\"400\" width=\"600\" title=\"mura-05\" alt=\"\" class=\"slider-4455 slide-5452\" \/><img src=\"https:\/\/ed-mb.si\/wp-content\/uploads\/mura-07-600x400.jpg\" height=\"400\" width=\"600\" title=\"mura-07\" alt=\"\" class=\"slider-4455 slide-5450\" \/><img src=\"https:\/\/ed-mb.si\/wp-content\/uploads\/mura-01-600x400.jpg\" height=\"400\" width=\"600\" title=\"mura-01\" alt=\"\" class=\"slider-4455 slide-5456\" \/><img src=\"https:\/\/ed-mb.si\/wp-content\/uploads\/mura-13-600x400.jpg\" height=\"400\" width=\"600\" title=\"mura-13\" alt=\"\" class=\"slider-4455 slide-5444\" \/><img src=\"https:\/\/ed-mb.si\/wp-content\/uploads\/mura-02-600x400.jpg\" height=\"400\" width=\"600\" title=\"mura-02\" alt=\"\" class=\"slider-4455 slide-5455\" \/><img src=\"https:\/\/ed-mb.si\/wp-content\/uploads\/mura-09-600x400.jpg\" height=\"400\" width=\"600\" title=\"mura-09\" alt=\"\" class=\"slider-4455 slide-5448\" \/><img src=\"https:\/\/ed-mb.si\/wp-content\/uploads\/mura-08-600x400.jpg\" height=\"400\" width=\"600\" title=\"mura-08\" alt=\"\" class=\"slider-4455 slide-5449\" \/><\/div><\/div>\n        \n    <\/div>\n<\/div><\/div>\n\n\n\n<p class=\"has-text-align-center\">f<em>oto: Gero Angleitner<\/em> <\/p>\n","protected":false},"excerpt":{"rendered":"<p>Nova Gorica in Gori\u0161ka Brda Nova Gorica, mesto na zahodni meji Slovenije, je bila leta 2025 razgla\u0161ena za Evropsko prestolnico kulture. To priznanje poudarja njeno bogato zgodovino, kulturno dedi\u0161\u010dino in inovativnost. Gori\u0161ka Brda so regija slikovitih gri\u010dev, prepletena z zelenimi vinogradi, sadovnjaki in olj\u010dnimi nasadi, ki ustvarjajo \u010dudovite razglede. Poleg vinogradov je dom slikovitih vasic [&hellip;]<\/p>\n","protected":false},"author":1,"featured_media":0,"parent":0,"menu_order":0,"comment_status":"closed","ping_status":"closed","template":"","meta":{"_monsterinsights_skip_tracking":false,"_monsterinsights_sitenote_active":false,"_monsterinsights_sitenote_note":"","_monsterinsights_sitenote_category":0,"ngg_post_thumbnail":0,"footnotes":""},"_links":{"self":[{"href":"https:\/\/ed-mb.si\/index.php?rest_route=\/wp\/v2\/pages\/5402"}],"collection":[{"href":"https:\/\/ed-mb.si\/index.php?rest_route=\/wp\/v2\/pages"}],"about":[{"href":"https:\/\/ed-mb.si\/index.php?rest_route=\/wp\/v2\/types\/page"}],"author":[{"embeddable":true,"href":"https:\/\/ed-mb.si\/index.php?rest_route=\/wp\/v2\/users\/1"}],"replies":[{"embeddable":true,"href":"https:\/\/ed-mb.si\/index.php?rest_route=%2Fwp%2Fv2%2Fcomments&post=5402"}],"version-history":[{"count":5,"href":"https:\/\/ed-mb.si\/index.php?rest_route=\/wp\/v2\/pages\/5402\/revisions"}],"predecessor-version":[{"id":5460,"href":"https:\/\/ed-mb.si\/index.php?rest_route=\/wp\/v2\/pages\/5402\/revisions\/5460"}],"wp:attachment":[{"href":"https:\/\/ed-mb.si\/index.php?rest_route=%2Fwp%2Fv2%2Fmedia&parent=5402"}],"curies":[{"name":"wp","href":"https:\/\/api.w.org\/{rel}","templated":true}]}}